{"id":976,"date":"2023-06-07T12:05:06","date_gmt":"2023-06-07T09:05:06","guid":{"rendered":"https:\/\/uusi.soderlund.fi\/?page_id=976"},"modified":"2024-06-27T12:36:32","modified_gmt":"2024-06-27T09:36:32","slug":"liiketilat","status":"publish","type":"page","link":"https:\/\/uusi.soderlund.fi\/?page_id=976","title":{"rendered":"Liike- ja toimitilat"},"content":{"rendered":"<div class=\"wp-block-image\">\n<figure class=\"aligncenter size-large\"><img loading=\"lazy\" decoding=\"async\" width=\"1024\" height=\"413\" src=\"http:\/\/uusi.soderlund.fi\/wp-content\/uploads\/2023\/06\/97OYN02A-1024x413.jpeg\" alt=\"\" class=\"wp-image-981\" srcset=\"https:\/\/uusi.soderlund.fi\/wp-content\/uploads\/2023\/06\/97OYN02A-1024x413.jpeg 1024w, https:\/\/uusi.soderlund.fi\/wp-content\/uploads\/2023\/06\/97OYN02A-300x121.jpeg 300w, https:\/\/uusi.soderlund.fi\/wp-content\/uploads\/2023\/06\/97OYN02A-768x310.jpeg 768w, https:\/\/uusi.soderlund.fi\/wp-content\/uploads\/2023\/06\/97OYN02A-1536x620.jpeg 1536w, https:\/\/uusi.soderlund.fi\/wp-content\/uploads\/2023\/06\/97OYN02A-2048x827.jpeg 2048w\" sizes=\"auto, (max-width: 1024px) 100vw, 1024px\" \/><\/figure>\n<\/div>\n\n\n<div class=\"wp-block-columns is-layout-flex wp-container-core-columns-is-layout-9d6595d7 wp-block-columns-is-layout-flex\">\n<div class=\"wp-block-column is-layout-flow wp-block-column-is-layout-flow\" style=\"flex-basis:25%\"><\/div>\n\n\n\n<div class=\"wp-block-column is-layout-flow wp-block-column-is-layout-flow\" style=\"flex-basis:50%\">\n<p class=\"has-text-align-center has-black-color has-text-color\" style=\"font-size:20px\">Nauvon torirakennus<\/p>\n\n\n\n<p>Kauniista ja el\u00e4v\u00e4isest\u00e4 hirrest\u00e4 rakennettu tunnelmallinen ja muuntojoustava lasitettu liiketila sijaitsee muiden palveluiden vieress\u00e4 Nauvon etel\u00e4satamassa. Hirsisen pilari-palkki-j\u00e4rjestelm\u00e4n vuoksi tilasta on saatu avoin, mik\u00e4 sallii eri kokoisten liikkeiden ja toimintojen yht\u00e4aikaisen toiminnan joustavasti. Rakennus on saanut inspiraationsa viikinkiaikaisista venesuojista.<\/p>\n<\/div>\n\n\n\n<div class=\"wp-block-column is-layout-flow wp-block-column-is-layout-flow\" style=\"flex-basis:25%\"><\/div>\n<\/div>\n\n\n\n<div class=\"wp-block-columns is-layout-flex wp-container-core-columns-is-layout-9d6595d7 wp-block-columns-is-layout-flex\">\n<div class=\"wp-block-column is-layout-flow wp-block-column-is-layout-flow\">\n<figure class=\"wp-block-image size-large\"><img loading=\"lazy\" decoding=\"async\" width=\"1024\" height=\"683\" src=\"http:\/\/uusi.soderlund.fi\/wp-content\/uploads\/2023\/06\/tori-2-1024x683.jpg\" alt=\"\" class=\"wp-image-989\" srcset=\"https:\/\/uusi.soderlund.fi\/wp-content\/uploads\/2023\/06\/tori-2-1024x683.jpg 1024w, https:\/\/uusi.soderlund.fi\/wp-content\/uploads\/2023\/06\/tori-2-300x200.jpg 300w, https:\/\/uusi.soderlund.fi\/wp-content\/uploads\/2023\/06\/tori-2-768x512.jpg 768w, https:\/\/uusi.soderlund.fi\/wp-content\/uploads\/2023\/06\/tori-2-1536x1024.jpg 1536w, https:\/\/uusi.soderlund.fi\/wp-content\/uploads\/2023\/06\/tori-2.jpg 2048w\" sizes=\"auto, (max-width: 1024px) 100vw, 1024px\" \/><\/figure>\n<\/div>\n\n\n\n<div class=\"wp-block-column is-layout-flow wp-block-column-is-layout-flow\">\n<figure class=\"wp-block-image size-large\"><img loading=\"lazy\" decoding=\"async\" width=\"1024\" height=\"683\" src=\"http:\/\/uusi.soderlund.fi\/wp-content\/uploads\/2023\/06\/tori-1-1024x683.jpg\" alt=\"\" class=\"wp-image-988\" srcset=\"https:\/\/uusi.soderlund.fi\/wp-content\/uploads\/2023\/06\/tori-1-1024x683.jpg 1024w, https:\/\/uusi.soderlund.fi\/wp-content\/uploads\/2023\/06\/tori-1-300x200.jpg 300w, https:\/\/uusi.soderlund.fi\/wp-content\/uploads\/2023\/06\/tori-1-768x512.jpg 768w, https:\/\/uusi.soderlund.fi\/wp-content\/uploads\/2023\/06\/tori-1-1536x1024.jpg 1536w, https:\/\/uusi.soderlund.fi\/wp-content\/uploads\/2023\/06\/tori-1.jpg 2048w\" sizes=\"auto, (max-width: 1024px) 100vw, 1024px\" \/><\/figure>\n<\/div>\n<\/div>\n\n\n\n<hr class=\"wp-block-separator has-alpha-channel-opacity is-style-wide\"\/>\n\n\n\n<div style=\"height:40px\" aria-hidden=\"true\" class=\"wp-block-spacer\"><\/div>\n\n\n<div class=\"wp-block-image\">\n<figure class=\"aligncenter size-large\"><img loading=\"lazy\" decoding=\"async\" width=\"1024\" height=\"576\" src=\"http:\/\/uusi.soderlund.fi\/wp-content\/uploads\/2023\/06\/satamamyymala-1-1024x576.jpg\" alt=\"\" class=\"wp-image-991\" srcset=\"https:\/\/uusi.soderlund.fi\/wp-content\/uploads\/2023\/06\/satamamyymala-1-1024x576.jpg 1024w, https:\/\/uusi.soderlund.fi\/wp-content\/uploads\/2023\/06\/satamamyymala-1-300x169.jpg 300w, https:\/\/uusi.soderlund.fi\/wp-content\/uploads\/2023\/06\/satamamyymala-1-768x432.jpg 768w, https:\/\/uusi.soderlund.fi\/wp-content\/uploads\/2023\/06\/satamamyymala-1-1536x864.jpg 1536w, https:\/\/uusi.soderlund.fi\/wp-content\/uploads\/2023\/06\/satamamyymala-1.jpg 2048w\" sizes=\"auto, (max-width: 1024px) 100vw, 1024px\" \/><\/figure>\n<\/div>\n\n\n<div class=\"wp-block-columns is-layout-flex wp-container-core-columns-is-layout-9d6595d7 wp-block-columns-is-layout-flex\">\n<div class=\"wp-block-column is-layout-flow wp-block-column-is-layout-flow\" style=\"flex-basis:25%\"><\/div>\n\n\n\n<div class=\"wp-block-column is-layout-flow wp-block-column-is-layout-flow\" style=\"flex-basis:50%\">\n<p class=\"has-text-align-center has-black-color has-text-color\" style=\"font-size:20px\">Nauvon vierasvenesataman liiketilat<\/p>\n\n\n\n<p>Nauvon vierasvenesataman liiketilat koostuvat infopisteest\u00e4, putiikeista &#8211; joista kaksi muodostaa alueen portin &#8211; rantaravintolasta, ja sen eteen sijoittuvasta katetusta terassista.<\/p>\n<\/div>\n\n\n\n<div class=\"wp-block-column is-layout-flow wp-block-column-is-layout-flow\" style=\"flex-basis:25%\"><\/div>\n<\/div>\n\n\n\n<div class=\"wp-block-columns is-layout-flex wp-container-core-columns-is-layout-9d6595d7 wp-block-columns-is-layout-flex\">\n<div class=\"wp-block-column is-layout-flow wp-block-column-is-layout-flow\">\n<figure class=\"wp-block-image size-large\"><img loading=\"lazy\" decoding=\"async\" width=\"1024\" height=\"683\" src=\"http:\/\/uusi.soderlund.fi\/wp-content\/uploads\/2023\/06\/satamamyymala-3-1024x683.jpg\" alt=\"\" class=\"wp-image-993\" srcset=\"https:\/\/uusi.soderlund.fi\/wp-content\/uploads\/2023\/06\/satamamyymala-3-1024x683.jpg 1024w, https:\/\/uusi.soderlund.fi\/wp-content\/uploads\/2023\/06\/satamamyymala-3-300x200.jpg 300w, https:\/\/uusi.soderlund.fi\/wp-content\/uploads\/2023\/06\/satamamyymala-3-768x512.jpg 768w, https:\/\/uusi.soderlund.fi\/wp-content\/uploads\/2023\/06\/satamamyymala-3-1536x1024.jpg 1536w, https:\/\/uusi.soderlund.fi\/wp-content\/uploads\/2023\/06\/satamamyymala-3.jpg 2048w\" sizes=\"auto, (max-width: 1024px) 100vw, 1024px\" \/><\/figure>\n<\/div>\n\n\n\n<div class=\"wp-block-column is-layout-flow wp-block-column-is-layout-flow\">\n<figure class=\"wp-block-image size-large\"><img loading=\"lazy\" decoding=\"async\" width=\"1024\" height=\"683\" src=\"http:\/\/uusi.soderlund.fi\/wp-content\/uploads\/2023\/06\/satamamyymala-4-1024x683.jpg\" alt=\"\" class=\"wp-image-990\" srcset=\"https:\/\/uusi.soderlund.fi\/wp-content\/uploads\/2023\/06\/satamamyymala-4-1024x683.jpg 1024w, https:\/\/uusi.soderlund.fi\/wp-content\/uploads\/2023\/06\/satamamyymala-4-300x200.jpg 300w, https:\/\/uusi.soderlund.fi\/wp-content\/uploads\/2023\/06\/satamamyymala-4-768x512.jpg 768w, https:\/\/uusi.soderlund.fi\/wp-content\/uploads\/2023\/06\/satamamyymala-4-1536x1024.jpg 1536w, https:\/\/uusi.soderlund.fi\/wp-content\/uploads\/2023\/06\/satamamyymala-4.jpg 2048w\" sizes=\"auto, (max-width: 1024px) 100vw, 1024px\" \/><\/figure>\n<\/div>\n<\/div>\n\n\n<div class=\"wp-block-image\">\n<figure class=\"aligncenter size-large\"><img loading=\"lazy\" decoding=\"async\" width=\"1024\" height=\"683\" src=\"http:\/\/uusi.soderlund.fi\/wp-content\/uploads\/2023\/06\/satamamyymala-2-1024x683.jpg\" alt=\"\" class=\"wp-image-992\" srcset=\"https:\/\/uusi.soderlund.fi\/wp-content\/uploads\/2023\/06\/satamamyymala-2-1024x683.jpg 1024w, https:\/\/uusi.soderlund.fi\/wp-content\/uploads\/2023\/06\/satamamyymala-2-300x200.jpg 300w, https:\/\/uusi.soderlund.fi\/wp-content\/uploads\/2023\/06\/satamamyymala-2-768x512.jpg 768w, https:\/\/uusi.soderlund.fi\/wp-content\/uploads\/2023\/06\/satamamyymala-2-1536x1024.jpg 1536w, https:\/\/uusi.soderlund.fi\/wp-content\/uploads\/2023\/06\/satamamyymala-2.jpg 2048w\" sizes=\"auto, (max-width: 1024px) 100vw, 1024px\" \/><\/figure>\n<\/div>\n\n\n<hr class=\"wp-block-separator has-alpha-channel-opacity is-style-wide\"\/>\n\n\n\n<div style=\"height:40px\" aria-hidden=\"true\" class=\"wp-block-spacer\"><\/div>\n\n\n<div class=\"wp-block-image\">\n<figure class=\"aligncenter size-large\"><img loading=\"lazy\" decoding=\"async\" width=\"1024\" height=\"576\" src=\"http:\/\/uusi.soderlund.fi\/wp-content\/uploads\/2024\/06\/Image9_1-1024x576.jpg\" alt=\"\" class=\"wp-image-1260\" srcset=\"https:\/\/uusi.soderlund.fi\/wp-content\/uploads\/2024\/06\/Image9_1-1024x576.jpg 1024w, https:\/\/uusi.soderlund.fi\/wp-content\/uploads\/2024\/06\/Image9_1-300x169.jpg 300w, https:\/\/uusi.soderlund.fi\/wp-content\/uploads\/2024\/06\/Image9_1-768x432.jpg 768w, https:\/\/uusi.soderlund.fi\/wp-content\/uploads\/2024\/06\/Image9_1-1536x864.jpg 1536w, https:\/\/uusi.soderlund.fi\/wp-content\/uploads\/2024\/06\/Image9_1.jpg 1766w\" sizes=\"auto, (max-width: 1024px) 100vw, 1024px\" \/><\/figure>\n<\/div>\n\n\n<div class=\"wp-block-columns is-layout-flex wp-container-core-columns-is-layout-9d6595d7 wp-block-columns-is-layout-flex\">\n<div class=\"wp-block-column is-layout-flow wp-block-column-is-layout-flow\" style=\"flex-basis:25%\"><\/div>\n\n\n\n<div class=\"wp-block-column is-layout-flow wp-block-column-is-layout-flow\" style=\"flex-basis:50%\">\n<p class=\"has-text-align-center has-black-color has-text-color has-link-color wp-elements-3c03974ae7edea33b16f42678584e149\" style=\"font-size:20px\">Nauvon vierassataman kelluva merikylpyl\u00e4 ja saniteettitilojen laajennus<\/p>\n\n\n\n<p>Puhtaaksi suodatettu merivesi l\u00e4mpenee altaassaan nopeasti uimakuntoon. Meress\u00e4 vesi l\u00e4mpenee liian my\u00f6h\u00e4\u00e4n vasta lomakauden j\u00e4lkeen ja voi olla lev\u00e4ist\u00e4.<\/p>\n<\/div>\n\n\n\n<div class=\"wp-block-column is-layout-flow wp-block-column-is-layout-flow\" style=\"flex-basis:25%\"><\/div>\n<\/div>\n\n\n\n<div class=\"wp-block-columns is-layout-flex wp-container-core-columns-is-layout-9d6595d7 wp-block-columns-is-layout-flex\">\n<div class=\"wp-block-column is-layout-flow wp-block-column-is-layout-flow\">\n<figure class=\"wp-block-image size-large\"><img loading=\"lazy\" decoding=\"async\" width=\"1024\" height=\"576\" src=\"http:\/\/uusi.soderlund.fi\/wp-content\/uploads\/2024\/06\/Image20_1-1024x576.jpg\" alt=\"\" class=\"wp-image-1261\" srcset=\"https:\/\/uusi.soderlund.fi\/wp-content\/uploads\/2024\/06\/Image20_1-1024x576.jpg 1024w, https:\/\/uusi.soderlund.fi\/wp-content\/uploads\/2024\/06\/Image20_1-300x169.jpg 300w, https:\/\/uusi.soderlund.fi\/wp-content\/uploads\/2024\/06\/Image20_1-768x432.jpg 768w, https:\/\/uusi.soderlund.fi\/wp-content\/uploads\/2024\/06\/Image20_1-1536x864.jpg 1536w, https:\/\/uusi.soderlund.fi\/wp-content\/uploads\/2024\/06\/Image20_1.jpg 1766w\" sizes=\"auto, (max-width: 1024px) 100vw, 1024px\" \/><\/figure>\n<\/div>\n\n\n\n<div class=\"wp-block-column is-layout-flow wp-block-column-is-layout-flow\">\n<figure class=\"wp-block-image size-large\"><img loading=\"lazy\" decoding=\"async\" width=\"1024\" height=\"576\" src=\"http:\/\/uusi.soderlund.fi\/wp-content\/uploads\/2024\/06\/Image5_1-1024x576.jpg\" alt=\"\" class=\"wp-image-1262\" srcset=\"https:\/\/uusi.soderlund.fi\/wp-content\/uploads\/2024\/06\/Image5_1-1024x576.jpg 1024w, https:\/\/uusi.soderlund.fi\/wp-content\/uploads\/2024\/06\/Image5_1-300x169.jpg 300w, https:\/\/uusi.soderlund.fi\/wp-content\/uploads\/2024\/06\/Image5_1-768x432.jpg 768w, https:\/\/uusi.soderlund.fi\/wp-content\/uploads\/2024\/06\/Image5_1-1536x864.jpg 1536w, https:\/\/uusi.soderlund.fi\/wp-content\/uploads\/2024\/06\/Image5_1.jpg 1764w\" sizes=\"auto, (max-width: 1024px) 100vw, 1024px\" \/><\/figure>\n<\/div>\n<\/div>\n\n\n\n<hr class=\"wp-block-separator has-alpha-channel-opacity is-style-wide\"\/>\n\n\n\n<div style=\"height:40px\" aria-hidden=\"true\" class=\"wp-block-spacer\"><\/div>\n\n\n<div class=\"wp-block-image\">\n<figure class=\"aligncenter size-large\"><img loading=\"lazy\" decoding=\"async\" width=\"1024\" height=\"724\" src=\"http:\/\/uusi.soderlund.fi\/wp-content\/uploads\/2024\/06\/20240425-TT-R1-Picture1_1-1024x724.jpg\" alt=\"\" class=\"wp-image-1295\" srcset=\"https:\/\/uusi.soderlund.fi\/wp-content\/uploads\/2024\/06\/20240425-TT-R1-Picture1_1-1024x724.jpg 1024w, https:\/\/uusi.soderlund.fi\/wp-content\/uploads\/2024\/06\/20240425-TT-R1-Picture1_1-300x212.jpg 300w, https:\/\/uusi.soderlund.fi\/wp-content\/uploads\/2024\/06\/20240425-TT-R1-Picture1_1-768x543.jpg 768w, https:\/\/uusi.soderlund.fi\/wp-content\/uploads\/2024\/06\/20240425-TT-R1-Picture1_1-1536x1086.jpg 1536w, https:\/\/uusi.soderlund.fi\/wp-content\/uploads\/2024\/06\/20240425-TT-R1-Picture1_1.jpg 1684w\" sizes=\"auto, (max-width: 1024px) 100vw, 1024px\" \/><\/figure>\n<\/div>\n\n\n<div class=\"wp-block-columns is-layout-flex wp-container-core-columns-is-layout-9d6595d7 wp-block-columns-is-layout-flex\">\n<div class=\"wp-block-column is-layout-flow wp-block-column-is-layout-flow\" style=\"flex-basis:25%\"><\/div>\n\n\n\n<div class=\"wp-block-column is-layout-flow wp-block-column-is-layout-flow\" style=\"flex-basis:50%\">\n<p>Toimitilarakennus, jossa toimisto, korjaamo, sek\u00e4 varasto- ja tuotantotilat kahdessa osassa kahdella vierekk\u00e4isell\u00e4 tontilla. (yht. n. 2200 m\u00b2), Turku.<\/p>\n<\/div>\n\n\n\n<div class=\"wp-block-column is-layout-flow wp-block-column-is-layout-flow\" style=\"flex-basis:25%\"><\/div>\n<\/div>\n\n\n\n<div class=\"wp-block-columns is-layout-flex wp-container-core-columns-is-layout-9d6595d7 wp-block-columns-is-layout-flex\">\n<div class=\"wp-block-column is-layout-flow wp-block-column-is-layout-flow\">\n<figure class=\"wp-block-image size-large\"><img loading=\"lazy\" decoding=\"async\" width=\"1024\" height=\"724\" src=\"http:\/\/uusi.soderlund.fi\/wp-content\/uploads\/2024\/06\/20240314-TT-RAKENNUS-1-R1-Picture1_1-1024x724.jpg\" alt=\"\" class=\"wp-image-1297\" srcset=\"https:\/\/uusi.soderlund.fi\/wp-content\/uploads\/2024\/06\/20240314-TT-RAKENNUS-1-R1-Picture1_1-1024x724.jpg 1024w, https:\/\/uusi.soderlund.fi\/wp-content\/uploads\/2024\/06\/20240314-TT-RAKENNUS-1-R1-Picture1_1-300x212.jpg 300w, https:\/\/uusi.soderlund.fi\/wp-content\/uploads\/2024\/06\/20240314-TT-RAKENNUS-1-R1-Picture1_1-768x543.jpg 768w, https:\/\/uusi.soderlund.fi\/wp-content\/uploads\/2024\/06\/20240314-TT-RAKENNUS-1-R1-Picture1_1-1536x1086.jpg 1536w, https:\/\/uusi.soderlund.fi\/wp-content\/uploads\/2024\/06\/20240314-TT-RAKENNUS-1-R1-Picture1_1.jpg 1684w\" sizes=\"auto, (max-width: 1024px) 100vw, 1024px\" \/><\/figure>\n<\/div>\n\n\n\n<div class=\"wp-block-column is-layout-flow wp-block-column-is-layout-flow\">\n<figure class=\"wp-block-image size-large\"><img loading=\"lazy\" decoding=\"async\" width=\"1024\" height=\"724\" src=\"http:\/\/uusi.soderlund.fi\/wp-content\/uploads\/2024\/06\/20240314-TT-RAKENNUS-1-R1-Picture4_1-1024x724.jpg\" alt=\"\" class=\"wp-image-1298\" srcset=\"https:\/\/uusi.soderlund.fi\/wp-content\/uploads\/2024\/06\/20240314-TT-RAKENNUS-1-R1-Picture4_1-1024x724.jpg 1024w, https:\/\/uusi.soderlund.fi\/wp-content\/uploads\/2024\/06\/20240314-TT-RAKENNUS-1-R1-Picture4_1-300x212.jpg 300w, https:\/\/uusi.soderlund.fi\/wp-content\/uploads\/2024\/06\/20240314-TT-RAKENNUS-1-R1-Picture4_1-768x543.jpg 768w, https:\/\/uusi.soderlund.fi\/wp-content\/uploads\/2024\/06\/20240314-TT-RAKENNUS-1-R1-Picture4_1-1536x1086.jpg 1536w, https:\/\/uusi.soderlund.fi\/wp-content\/uploads\/2024\/06\/20240314-TT-RAKENNUS-1-R1-Picture4_1.jpg 1684w\" sizes=\"auto, (max-width: 1024px) 100vw, 1024px\" \/><\/figure>\n<\/div>\n<\/div>\n\n\n\n<hr class=\"wp-block-separator has-alpha-channel-opacity is-style-wide\"\/>\n\n\n\n<div style=\"height:40px\" aria-hidden=\"true\" class=\"wp-block-spacer\"><\/div>\n\n\n<div class=\"wp-block-image\">\n<figure class=\"aligncenter size-large\"><img loading=\"lazy\" decoding=\"async\" width=\"1024\" height=\"486\" src=\"http:\/\/uusi.soderlund.fi\/wp-content\/uploads\/2024\/06\/5-20240610-THTT-R1-Picture7_1-1024x486.jpg\" alt=\"\" class=\"wp-image-1309\" srcset=\"https:\/\/uusi.soderlund.fi\/wp-content\/uploads\/2024\/06\/5-20240610-THTT-R1-Picture7_1-1024x486.jpg 1024w, https:\/\/uusi.soderlund.fi\/wp-content\/uploads\/2024\/06\/5-20240610-THTT-R1-Picture7_1-300x142.jpg 300w, https:\/\/uusi.soderlund.fi\/wp-content\/uploads\/2024\/06\/5-20240610-THTT-R1-Picture7_1-768x365.jpg 768w, https:\/\/uusi.soderlund.fi\/wp-content\/uploads\/2024\/06\/5-20240610-THTT-R1-Picture7_1-1536x729.jpg 1536w, https:\/\/uusi.soderlund.fi\/wp-content\/uploads\/2024\/06\/5-20240610-THTT-R1-Picture7_1.jpg 1871w\" sizes=\"auto, (max-width: 1024px) 100vw, 1024px\" \/><\/figure>\n<\/div>\n\n\n<div class=\"wp-block-columns is-layout-flex wp-container-core-columns-is-layout-9d6595d7 wp-block-columns-is-layout-flex\">\n<div class=\"wp-block-column is-layout-flow wp-block-column-is-layout-flow\" style=\"flex-basis:25%\"><\/div>\n\n\n\n<div class=\"wp-block-column is-layout-flow wp-block-column-is-layout-flow\" style=\"flex-basis:50%\">\n<p>Toimitilarakennuksen ensimm\u00e4inen vaihe, jossa toimisto-osa ja varasto-, huolto-, ja tuotantotilat yhdistettyn\u00e4. (yht n. 4000 m\u00b2, toisen vaiheen j\u00e4lkeen yht n. 6000 m\u00b2) Raisio.<\/p>\n<\/div>\n\n\n\n<div class=\"wp-block-column is-layout-flow wp-block-column-is-layout-flow\" style=\"flex-basis:25%\"><\/div>\n<\/div>\n\n\n\n<div class=\"wp-block-columns is-layout-flex wp-container-core-columns-is-layout-9d6595d7 wp-block-columns-is-layout-flex\">\n<div class=\"wp-block-column is-layout-flow wp-block-column-is-layout-flow\">\n<figure class=\"wp-block-image size-large\"><img loading=\"lazy\" decoding=\"async\" width=\"1024\" height=\"486\" src=\"http:\/\/uusi.soderlund.fi\/wp-content\/uploads\/2024\/06\/7-20240610-THTT-R1-Picture13_1-1024x486.jpg\" alt=\"\" class=\"wp-image-1310\" srcset=\"https:\/\/uusi.soderlund.fi\/wp-content\/uploads\/2024\/06\/7-20240610-THTT-R1-Picture13_1-1024x486.jpg 1024w, https:\/\/uusi.soderlund.fi\/wp-content\/uploads\/2024\/06\/7-20240610-THTT-R1-Picture13_1-300x142.jpg 300w, https:\/\/uusi.soderlund.fi\/wp-content\/uploads\/2024\/06\/7-20240610-THTT-R1-Picture13_1-768x365.jpg 768w, https:\/\/uusi.soderlund.fi\/wp-content\/uploads\/2024\/06\/7-20240610-THTT-R1-Picture13_1-1536x729.jpg 1536w, https:\/\/uusi.soderlund.fi\/wp-content\/uploads\/2024\/06\/7-20240610-THTT-R1-Picture13_1.jpg 1871w\" sizes=\"auto, (max-width: 1024px) 100vw, 1024px\" \/><\/figure>\n<\/div>\n\n\n\n<div class=\"wp-block-column is-layout-flow wp-block-column-is-layout-flow\">\n<figure class=\"wp-block-image size-large\"><img loading=\"lazy\" decoding=\"async\" width=\"1024\" height=\"486\" src=\"http:\/\/uusi.soderlund.fi\/wp-content\/uploads\/2024\/06\/1-20240610-THTT-R1-Picture16_1-1024x486.jpg\" alt=\"\" class=\"wp-image-1311\" srcset=\"https:\/\/uusi.soderlund.fi\/wp-content\/uploads\/2024\/06\/1-20240610-THTT-R1-Picture16_1-1024x486.jpg 1024w, https:\/\/uusi.soderlund.fi\/wp-content\/uploads\/2024\/06\/1-20240610-THTT-R1-Picture16_1-300x142.jpg 300w, https:\/\/uusi.soderlund.fi\/wp-content\/uploads\/2024\/06\/1-20240610-THTT-R1-Picture16_1-768x365.jpg 768w, https:\/\/uusi.soderlund.fi\/wp-content\/uploads\/2024\/06\/1-20240610-THTT-R1-Picture16_1-1536x729.jpg 1536w, https:\/\/uusi.soderlund.fi\/wp-content\/uploads\/2024\/06\/1-20240610-THTT-R1-Picture16_1.jpg 1871w\" sizes=\"auto, (max-width: 1024px) 100vw, 1024px\" \/><\/figure>\n<\/div>\n<\/div>\n","protected":false},"excerpt":{"rendered":"<p>Nauvon torirakennus Kauniista ja el\u00e4v\u00e4isest\u00e4 hirrest\u00e4 rakennettu tunnelmallinen ja muuntojoustava lasitettu liiketila sijaitsee muiden palveluiden vieress\u00e4 Nauvon etel\u00e4satamassa. Hirsisen pilari-palkki-j\u00e4rjestelm\u00e4n vuoksi tilasta on saatu [&hellip;]<\/p>\n","protected":false},"author":1,"featured_media":0,"parent":0,"menu_order":0,"comment_status":"closed","ping_status":"closed","template":"","meta":{"_uf_show_specific_survey":0,"_uf_disable_surveys":false,"ngg_post_thumbnail":0,"footnotes":""},"class_list":["post-976","page","type-page","status-publish","hentry"],"_links":{"self":[{"href":"https:\/\/uusi.soderlund.fi\/index.php?rest_route=\/wp\/v2\/pages\/976","targetHints":{"allow":["GET"]}}],"collection":[{"href":"https:\/\/uusi.soderlund.fi\/index.php?rest_route=\/wp\/v2\/pages"}],"about":[{"href":"https:\/\/uusi.soderlund.fi\/index.php?rest_route=\/wp\/v2\/types\/page"}],"author":[{"embeddable":true,"href":"https:\/\/uusi.soderlund.fi\/index.php?rest_route=\/wp\/v2\/users\/1"}],"replies":[{"embeddable":true,"href":"https:\/\/uusi.soderlund.fi\/index.php?rest_route=%2Fwp%2Fv2%2Fcomments&post=976"}],"version-history":[{"count":12,"href":"https:\/\/uusi.soderlund.fi\/index.php?rest_route=\/wp\/v2\/pages\/976\/revisions"}],"predecessor-version":[{"id":1328,"href":"https:\/\/uusi.soderlund.fi\/index.php?rest_route=\/wp\/v2\/pages\/976\/revisions\/1328"}],"wp:attachment":[{"href":"https:\/\/uusi.soderlund.fi\/index.php?rest_route=%2Fwp%2Fv2%2Fmedia&parent=976"}],"curies":[{"name":"wp","href":"https:\/\/api.w.org\/{rel}","templated":true}]}}