{"id":959,"date":"2023-06-07T11:24:02","date_gmt":"2023-06-07T08:24:02","guid":{"rendered":"https:\/\/uusi.soderlund.fi\/?page_id=959"},"modified":"2026-02-09T20:01:34","modified_gmt":"2026-02-09T18:01:34","slug":"loma-asunnot","status":"publish","type":"page","link":"https:\/\/uusi.soderlund.fi\/?page_id=959","title":{"rendered":"Asunnot ja loma-asunnot"},"content":{"rendered":"<div class=\"wp-block-image\">\n<figure class=\"aligncenter size-large\"><img loading=\"lazy\" decoding=\"async\" width=\"1024\" height=\"512\" src=\"http:\/\/uusi.soderlund.fi\/wp-content\/uploads\/2023\/06\/Image2_000-1024x512.png\" alt=\"\" class=\"wp-image-866\" srcset=\"https:\/\/uusi.soderlund.fi\/wp-content\/uploads\/2023\/06\/Image2_000-1024x512.png 1024w, https:\/\/uusi.soderlund.fi\/wp-content\/uploads\/2023\/06\/Image2_000-300x150.png 300w, https:\/\/uusi.soderlund.fi\/wp-content\/uploads\/2023\/06\/Image2_000-768x384.png 768w, https:\/\/uusi.soderlund.fi\/wp-content\/uploads\/2023\/06\/Image2_000-1536x768.png 1536w, https:\/\/uusi.soderlund.fi\/wp-content\/uploads\/2023\/06\/Image2_000-2048x1024.png 2048w\" sizes=\"auto, (max-width: 1024px) 100vw, 1024px\" \/><\/figure>\n<\/div>\n\n\n<div class=\"wp-block-columns is-layout-flex wp-container-core-columns-is-layout-9d6595d7 wp-block-columns-is-layout-flex\">\n<div class=\"wp-block-column is-layout-flow wp-block-column-is-layout-flow\" style=\"flex-basis:25%\"><\/div>\n\n\n\n<div class=\"wp-block-column is-layout-flow wp-block-column-is-layout-flow\" style=\"flex-basis:50%\">\n<p class=\"has-text-align-center has-black-color has-text-color\" style=\"font-size:20px\">Villa Viuhka<\/p>\n\n\n\n<p>Villa Viuhkan erikoisuus on 30 asteen kulmassa aukeava oleskelutila, jonka edustalla on suuri suojaisa atriumpihamainen terassi. Terassialuetta rajaa samaan rakennuskompleksiin sijoitetut vierasmaja- ja saunasiipi, sek\u00e4 viihtyis\u00e4 lasitettu ulkoruokailutila. Villa Viuhka on loistava ratkaisu rakennuspaikoille, joissa kauniista maisemasta halutaan kaikki irti viem\u00e4tt\u00e4 pois yksityisyydest\u00e4 ja tilan intiimiydest\u00e4.<\/p>\n<\/div>\n\n\n\n<div class=\"wp-block-column is-layout-flow wp-block-column-is-layout-flow\" style=\"flex-basis:25%\"><\/div>\n<\/div>\n\n\n<div class=\"wp-block-image\">\n<figure class=\"aligncenter size-large\"><img loading=\"lazy\" decoding=\"async\" width=\"1024\" height=\"664\" src=\"http:\/\/uusi.soderlund.fi\/wp-content\/uploads\/2026\/02\/Aarolle-63-1024x664.jpg\" alt=\"\" class=\"wp-image-1497\" srcset=\"https:\/\/uusi.soderlund.fi\/wp-content\/uploads\/2026\/02\/Aarolle-63-1024x664.jpg 1024w, https:\/\/uusi.soderlund.fi\/wp-content\/uploads\/2026\/02\/Aarolle-63-300x194.jpg 300w, https:\/\/uusi.soderlund.fi\/wp-content\/uploads\/2026\/02\/Aarolle-63-768x498.jpg 768w, https:\/\/uusi.soderlund.fi\/wp-content\/uploads\/2026\/02\/Aarolle-63-1536x996.jpg 1536w, https:\/\/uusi.soderlund.fi\/wp-content\/uploads\/2026\/02\/Aarolle-63-2048x1328.jpg 2048w\" sizes=\"auto, (max-width: 1024px) 100vw, 1024px\" \/><\/figure>\n<\/div>\n\n<div class=\"wp-block-image\">\n<figure class=\"aligncenter size-large\"><img loading=\"lazy\" decoding=\"async\" width=\"1024\" height=\"657\" src=\"http:\/\/uusi.soderlund.fi\/wp-content\/uploads\/2026\/02\/Aarolle-57-1024x657.jpg\" alt=\"\" class=\"wp-image-1499\" srcset=\"https:\/\/uusi.soderlund.fi\/wp-content\/uploads\/2026\/02\/Aarolle-57-1024x657.jpg 1024w, https:\/\/uusi.soderlund.fi\/wp-content\/uploads\/2026\/02\/Aarolle-57-300x192.jpg 300w, https:\/\/uusi.soderlund.fi\/wp-content\/uploads\/2026\/02\/Aarolle-57-768x493.jpg 768w, https:\/\/uusi.soderlund.fi\/wp-content\/uploads\/2026\/02\/Aarolle-57-1536x985.jpg 1536w, https:\/\/uusi.soderlund.fi\/wp-content\/uploads\/2026\/02\/Aarolle-57-2048x1313.jpg 2048w\" sizes=\"auto, (max-width: 1024px) 100vw, 1024px\" \/><\/figure>\n<\/div>\n\n<div class=\"wp-block-image\">\n<figure class=\"aligncenter size-large\"><img loading=\"lazy\" decoding=\"async\" width=\"1024\" height=\"683\" src=\"http:\/\/uusi.soderlund.fi\/wp-content\/uploads\/2026\/02\/Aarolle-14-1024x683.jpg\" alt=\"\" class=\"wp-image-1500\" srcset=\"https:\/\/uusi.soderlund.fi\/wp-content\/uploads\/2026\/02\/Aarolle-14-1024x683.jpg 1024w, https:\/\/uusi.soderlund.fi\/wp-content\/uploads\/2026\/02\/Aarolle-14-300x200.jpg 300w, https:\/\/uusi.soderlund.fi\/wp-content\/uploads\/2026\/02\/Aarolle-14-768x512.jpg 768w, https:\/\/uusi.soderlund.fi\/wp-content\/uploads\/2026\/02\/Aarolle-14-1536x1024.jpg 1536w, https:\/\/uusi.soderlund.fi\/wp-content\/uploads\/2026\/02\/Aarolle-14-2048x1365.jpg 2048w\" sizes=\"auto, (max-width: 1024px) 100vw, 1024px\" \/><\/figure>\n<\/div>\n\n<div class=\"wp-block-image\">\n<figure class=\"aligncenter size-large\"><img loading=\"lazy\" decoding=\"async\" width=\"1024\" height=\"576\" src=\"http:\/\/uusi.soderlund.fi\/wp-content\/uploads\/2026\/02\/Aarolle-52-1024x576.jpg\" alt=\"\" class=\"wp-image-1501\" srcset=\"https:\/\/uusi.soderlund.fi\/wp-content\/uploads\/2026\/02\/Aarolle-52-1024x576.jpg 1024w, https:\/\/uusi.soderlund.fi\/wp-content\/uploads\/2026\/02\/Aarolle-52-300x169.jpg 300w, https:\/\/uusi.soderlund.fi\/wp-content\/uploads\/2026\/02\/Aarolle-52-768x432.jpg 768w, https:\/\/uusi.soderlund.fi\/wp-content\/uploads\/2026\/02\/Aarolle-52-1536x864.jpg 1536w, https:\/\/uusi.soderlund.fi\/wp-content\/uploads\/2026\/02\/Aarolle-52-2048x1152.jpg 2048w\" sizes=\"auto, (max-width: 1024px) 100vw, 1024px\" \/><\/figure>\n<\/div>\n\n<div class=\"wp-block-image\">\n<figure class=\"aligncenter size-large\"><img loading=\"lazy\" decoding=\"async\" width=\"1024\" height=\"678\" src=\"http:\/\/uusi.soderlund.fi\/wp-content\/uploads\/2023\/06\/viuhka2-1024x678.jpeg\" alt=\"\" class=\"wp-image-961\" srcset=\"https:\/\/uusi.soderlund.fi\/wp-content\/uploads\/2023\/06\/viuhka2-1024x678.jpeg 1024w, https:\/\/uusi.soderlund.fi\/wp-content\/uploads\/2023\/06\/viuhka2-300x199.jpeg 300w, https:\/\/uusi.soderlund.fi\/wp-content\/uploads\/2023\/06\/viuhka2-768x508.jpeg 768w, https:\/\/uusi.soderlund.fi\/wp-content\/uploads\/2023\/06\/viuhka2.jpeg 1280w\" sizes=\"auto, (max-width: 1024px) 100vw, 1024px\" \/><\/figure>\n<\/div>\n\n\n<div class=\"wp-block-columns is-layout-flex wp-container-core-columns-is-layout-9d6595d7 wp-block-columns-is-layout-flex\">\n<div class=\"wp-block-column is-layout-flow wp-block-column-is-layout-flow\" style=\"flex-basis:25%\"><\/div>\n\n\n\n<div class=\"wp-block-column is-layout-flow wp-block-column-is-layout-flow\" style=\"flex-basis:50%\">\n<p>Villa Viuhkan selke\u00e4n ydinkonseptin ansiosta sen yksil\u00f6iminen kunkin asiakkaan tarpeisiin on helppoa &#8211; terassia reunustavat siivet ovat helposti mukautettavissa eri k\u00e4ytt\u00f6tarkoituksia varten.<\/p>\n\n\n\n<p>Villa Viuhka on Honka-mallistomalli.<\/p>\n<\/div>\n\n\n\n<div class=\"wp-block-column is-layout-flow wp-block-column-is-layout-flow\" style=\"flex-basis:25%\"><\/div>\n<\/div>\n\n\n\n<hr class=\"wp-block-separator has-alpha-channel-opacity is-style-wide\"\/>\n\n\n\n<div style=\"height:40px\" aria-hidden=\"true\" class=\"wp-block-spacer\"><\/div>\n\n\n<div class=\"wp-block-image\">\n<figure class=\"aligncenter size-large\"><img loading=\"lazy\" decoding=\"async\" width=\"1024\" height=\"576\" src=\"http:\/\/uusi.soderlund.fi\/wp-content\/uploads\/2023\/06\/leija-3-1024x576.jpg\" alt=\"\" class=\"wp-image-1161\" srcset=\"https:\/\/uusi.soderlund.fi\/wp-content\/uploads\/2023\/06\/leija-3-1024x576.jpg 1024w, https:\/\/uusi.soderlund.fi\/wp-content\/uploads\/2023\/06\/leija-3-300x169.jpg 300w, https:\/\/uusi.soderlund.fi\/wp-content\/uploads\/2023\/06\/leija-3-768x432.jpg 768w, https:\/\/uusi.soderlund.fi\/wp-content\/uploads\/2023\/06\/leija-3-1536x864.jpg 1536w, https:\/\/uusi.soderlund.fi\/wp-content\/uploads\/2023\/06\/leija-3.jpg 2048w\" sizes=\"auto, (max-width: 1024px) 100vw, 1024px\" \/><\/figure>\n<\/div>\n\n\n<div class=\"wp-block-columns is-layout-flex wp-container-core-columns-is-layout-9d6595d7 wp-block-columns-is-layout-flex\">\n<div class=\"wp-block-column is-layout-flow wp-block-column-is-layout-flow\" style=\"flex-basis:25%\"><\/div>\n\n\n\n<div class=\"wp-block-column is-layout-flow wp-block-column-is-layout-flow\" style=\"flex-basis:50%\">\n<p class=\"has-text-align-center has-black-color has-text-color\" style=\"font-size:20px\">Villa Leija<\/p>\n\n\n\n<p>Villa Leijaa hallitsee juhlallinen ja l\u00e4pin\u00e4kyv\u00e4 keskeistila, jonka rinnalle muut huoneet sijoittuvat. Rinnetontille suunniteltu rakennus ottaa kaiken irti maisemista, korkeuseroista sek\u00e4 ilmansuunnista luonnonvalon suhteen.<\/p>\n<\/div>\n\n\n\n<div class=\"wp-block-column is-layout-flow wp-block-column-is-layout-flow\" style=\"flex-basis:25%\"><\/div>\n<\/div>\n\n\n\n<div class=\"wp-block-columns is-layout-flex wp-container-core-columns-is-layout-9d6595d7 wp-block-columns-is-layout-flex\">\n<div class=\"wp-block-column is-layout-flow wp-block-column-is-layout-flow\">\n<figure class=\"wp-block-image size-large\"><img loading=\"lazy\" decoding=\"async\" width=\"1024\" height=\"683\" src=\"http:\/\/uusi.soderlund.fi\/wp-content\/uploads\/2023\/06\/leija-2-1024x683.jpg\" alt=\"\" class=\"wp-image-1160\" srcset=\"https:\/\/uusi.soderlund.fi\/wp-content\/uploads\/2023\/06\/leija-2-1024x683.jpg 1024w, https:\/\/uusi.soderlund.fi\/wp-content\/uploads\/2023\/06\/leija-2-300x200.jpg 300w, https:\/\/uusi.soderlund.fi\/wp-content\/uploads\/2023\/06\/leija-2-768x512.jpg 768w, https:\/\/uusi.soderlund.fi\/wp-content\/uploads\/2023\/06\/leija-2-1536x1024.jpg 1536w, https:\/\/uusi.soderlund.fi\/wp-content\/uploads\/2023\/06\/leija-2.jpg 2048w\" sizes=\"auto, (max-width: 1024px) 100vw, 1024px\" \/><\/figure>\n<\/div>\n\n\n\n<div class=\"wp-block-column is-layout-flow wp-block-column-is-layout-flow\">\n<figure class=\"wp-block-image size-large\"><img loading=\"lazy\" decoding=\"async\" width=\"1024\" height=\"683\" src=\"http:\/\/uusi.soderlund.fi\/wp-content\/uploads\/2023\/06\/leija-1-1024x683.jpg\" alt=\"\" class=\"wp-image-1159\" srcset=\"https:\/\/uusi.soderlund.fi\/wp-content\/uploads\/2023\/06\/leija-1-1024x683.jpg 1024w, https:\/\/uusi.soderlund.fi\/wp-content\/uploads\/2023\/06\/leija-1-300x200.jpg 300w, https:\/\/uusi.soderlund.fi\/wp-content\/uploads\/2023\/06\/leija-1-768x512.jpg 768w, https:\/\/uusi.soderlund.fi\/wp-content\/uploads\/2023\/06\/leija-1-1536x1024.jpg 1536w, https:\/\/uusi.soderlund.fi\/wp-content\/uploads\/2023\/06\/leija-1.jpg 2048w\" sizes=\"auto, (max-width: 1024px) 100vw, 1024px\" \/><\/figure>\n<\/div>\n<\/div>\n\n\n\n<hr class=\"wp-block-separator has-alpha-channel-opacity is-style-wide\"\/>\n\n\n\n<div style=\"height:40px\" aria-hidden=\"true\" class=\"wp-block-spacer\"><\/div>\n\n\n\n<div class=\"wp-block-columns is-layout-flex wp-container-core-columns-is-layout-9d6595d7 wp-block-columns-is-layout-flex\">\n<div class=\"wp-block-column is-layout-flow wp-block-column-is-layout-flow\">\n<figure class=\"wp-block-image size-large\"><img loading=\"lazy\" decoding=\"async\" width=\"1024\" height=\"683\" src=\"http:\/\/uusi.soderlund.fi\/wp-content\/uploads\/2023\/06\/koivu-2-1024x683.jpg\" alt=\"\" class=\"wp-image-974\" srcset=\"https:\/\/uusi.soderlund.fi\/wp-content\/uploads\/2023\/06\/koivu-2-1024x683.jpg 1024w, https:\/\/uusi.soderlund.fi\/wp-content\/uploads\/2023\/06\/koivu-2-300x200.jpg 300w, https:\/\/uusi.soderlund.fi\/wp-content\/uploads\/2023\/06\/koivu-2-768x512.jpg 768w, https:\/\/uusi.soderlund.fi\/wp-content\/uploads\/2023\/06\/koivu-2-1536x1024.jpg 1536w, https:\/\/uusi.soderlund.fi\/wp-content\/uploads\/2023\/06\/koivu-2.jpg 2048w\" sizes=\"auto, (max-width: 1024px) 100vw, 1024px\" \/><\/figure>\n<\/div>\n\n\n\n<div class=\"wp-block-column is-layout-flow wp-block-column-is-layout-flow\">\n<figure class=\"wp-block-image size-large\"><img loading=\"lazy\" decoding=\"async\" width=\"1024\" height=\"683\" src=\"http:\/\/uusi.soderlund.fi\/wp-content\/uploads\/2023\/06\/koivu-3-1024x683.jpg\" alt=\"\" class=\"wp-image-973\" srcset=\"https:\/\/uusi.soderlund.fi\/wp-content\/uploads\/2023\/06\/koivu-3-1024x683.jpg 1024w, https:\/\/uusi.soderlund.fi\/wp-content\/uploads\/2023\/06\/koivu-3-300x200.jpg 300w, https:\/\/uusi.soderlund.fi\/wp-content\/uploads\/2023\/06\/koivu-3-768x512.jpg 768w, https:\/\/uusi.soderlund.fi\/wp-content\/uploads\/2023\/06\/koivu-3-1536x1024.jpg 1536w, https:\/\/uusi.soderlund.fi\/wp-content\/uploads\/2023\/06\/koivu-3.jpg 2048w\" sizes=\"auto, (max-width: 1024px) 100vw, 1024px\" \/><\/figure>\n<\/div>\n<\/div>\n\n\n\n<div class=\"wp-block-columns is-layout-flex wp-container-core-columns-is-layout-9d6595d7 wp-block-columns-is-layout-flex\">\n<div class=\"wp-block-column is-layout-flow wp-block-column-is-layout-flow\" style=\"flex-basis:25%\"><\/div>\n\n\n\n<div class=\"wp-block-column is-layout-flow wp-block-column-is-layout-flow\" style=\"flex-basis:50%\">\n<p class=\"has-text-align-center has-black-color has-text-color\" style=\"font-size:20px\">Villa Koivu<\/p>\n\n\n\n<p>Rinteeseen sijoittuva Villa Koivu ottaa maiseman t\u00e4ysin haltuunsa kahdessa kerroksessa sijaitsevan viihtyis\u00e4n ulkotilan avulla. Perinteisempi ulkomuoto on sovitettu moderneihin tarpeisiin.<\/p>\n<\/div>\n\n\n\n<div class=\"wp-block-column is-layout-flow wp-block-column-is-layout-flow\" style=\"flex-basis:25%\"><\/div>\n<\/div>\n","protected":false},"excerpt":{"rendered":"<p>Villa Viuhka Villa Viuhkan erikoisuus on 30 asteen kulmassa aukeava oleskelutila, jonka edustalla on suuri suojaisa atriumpihamainen terassi. Terassialuetta rajaa samaan rakennuskompleksiin sijoitetut vierasmaja- [&hellip;]<\/p>\n","protected":false},"author":1,"featured_media":0,"parent":0,"menu_order":0,"comment_status":"closed","ping_status":"closed","template":"","meta":{"_uf_show_specific_survey":0,"_uf_disable_surveys":false,"ngg_post_thumbnail":0,"footnotes":""},"class_list":["post-959","page","type-page","status-publish","hentry"],"_links":{"self":[{"href":"https:\/\/uusi.soderlund.fi\/index.php?rest_route=\/wp\/v2\/pages\/959","targetHints":{"allow":["GET"]}}],"collection":[{"href":"https:\/\/uusi.soderlund.fi\/index.php?rest_route=\/wp\/v2\/pages"}],"about":[{"href":"https:\/\/uusi.soderlund.fi\/index.php?rest_route=\/wp\/v2\/types\/page"}],"author":[{"embeddable":true,"href":"https:\/\/uusi.soderlund.fi\/index.php?rest_route=\/wp\/v2\/users\/1"}],"replies":[{"embeddable":true,"href":"https:\/\/uusi.soderlund.fi\/index.php?rest_route=%2Fwp%2Fv2%2Fcomments&post=959"}],"version-history":[{"count":10,"href":"https:\/\/uusi.soderlund.fi\/index.php?rest_route=\/wp\/v2\/pages\/959\/revisions"}],"predecessor-version":[{"id":1502,"href":"https:\/\/uusi.soderlund.fi\/index.php?rest_route=\/wp\/v2\/pages\/959\/revisions\/1502"}],"wp:attachment":[{"href":"https:\/\/uusi.soderlund.fi\/index.php?rest_route=%2Fwp%2Fv2%2Fmedia&parent=959"}],"curies":[{"name":"wp","href":"https:\/\/api.w.org\/{rel}","templated":true}]}}