{"id":796,"date":"2023-06-05T11:33:06","date_gmt":"2023-06-05T08:33:06","guid":{"rendered":"https:\/\/uusi.soderlund.fi\/?page_id=796"},"modified":"2023-06-09T16:35:31","modified_gmt":"2023-06-09T13:35:31","slug":"brovision","status":"publish","type":"page","link":"https:\/\/uusi.soderlund.fi\/?page_id=796","title":{"rendered":"Siltavisio"},"content":{"rendered":"\n<div style=\"height:50px\" aria-hidden=\"true\" class=\"wp-block-spacer\"><\/div>\n\n\n<div class=\"wp-block-image\">\n<figure class=\"aligncenter size-large\"><img loading=\"lazy\" decoding=\"async\" width=\"1024\" height=\"768\" src=\"http:\/\/uusi.soderlund.fi\/wp-content\/uploads\/2021\/06\/largescale07-1024x768.jpg\" alt=\"\" class=\"wp-image-61\" srcset=\"https:\/\/uusi.soderlund.fi\/wp-content\/uploads\/2021\/06\/largescale07-1024x768.jpg 1024w, https:\/\/uusi.soderlund.fi\/wp-content\/uploads\/2021\/06\/largescale07-300x225.jpg 300w, https:\/\/uusi.soderlund.fi\/wp-content\/uploads\/2021\/06\/largescale07-768x576.jpg 768w, https:\/\/uusi.soderlund.fi\/wp-content\/uploads\/2021\/06\/largescale07-1536x1152.jpg 1536w, https:\/\/uusi.soderlund.fi\/wp-content\/uploads\/2021\/06\/largescale07-2048x1536.jpg 2048w, https:\/\/uusi.soderlund.fi\/wp-content\/uploads\/2021\/06\/largescale07-600x450.jpg 600w\" sizes=\"auto, (max-width: 1024px) 100vw, 1024px\" \/><\/figure>\n<\/div>\n\n\n<div class=\"wp-block-columns is-layout-flex wp-container-core-columns-is-layout-9d6595d7 wp-block-columns-is-layout-flex\">\n<div class=\"wp-block-column is-layout-flow wp-block-column-is-layout-flow\" style=\"flex-basis:25%\"><\/div>\n\n\n\n<div class=\"wp-block-column is-layout-flow wp-block-column-is-layout-flow\" style=\"flex-basis:50%\">\n<p>Saaristotie 180 on Suomen strateginen yhteys Ahvenanmaan maakuntaan, Ruotsiin, Skandinaviaan ja Eurooppaan. Se on my\u00f6s Ahvenanmaan t\u00e4rke\u00e4 napanuora Manner-Suomeen. T\u00e4ss\u00e4 esitetty \u2019Silta Saaristoon\u2019 nousi tarpeelliseksi kun 2015 alkoi n\u00e4ytt\u00e4\u00e4 silt\u00e4 etteiv\u00e4t Saariston maantielauttayhteydet en\u00e4\u00e4 toimisi riitt\u00e4v\u00e4ll\u00e4, uskottavalla tasolla. Useat maantielauttojen rahoituksen, k\u00e4ytt\u00f6oikeuksien ja aikataulujen heikennykset tai niill\u00e4 uhkaaminen johtivat siihen, ett\u00e4 liiketoiminta ja el\u00e4minen k\u00e4vi yh\u00e4 ep\u00e4varmemmaksi laajoilla alueilla Saaristossa. Mit\u00e4 kauempana Manner-Suomesta ja mit\u00e4 useamman maantielautan takana elettiin ja toimittiin, sit\u00e4 isompi oli kertautuva haittavaikutus.\u00a0<\/p>\n\n\n\n<p>Ahvenanmaalaiset alkoivat kev\u00e4\u00e4st\u00e4 2016 alkaen hakea etuajo-oikeuslupaa Nauvo-Parainen v\u00e4lin maantielauttaan. Kun yhteys Nauvo-Parainen v\u00e4lill\u00e4 uhkasi heikenty\u00e4 tuntui heijastusvaikutus Maarianhaminaa my\u00f6ten.\u00a0<\/p>\n\n\n\n<p>Suora silta on konseptisuunnitelma, jonka tarkoitus on nostaa t\u00e4t\u00e4 problematiikkaa paremmin yleiseen tietoisuuteen.\u00a0<\/p>\n\n\n\n<p>Nyt lauttav\u00e4li onkin saanut uudet superlautat.<\/p>\n<\/div>\n\n\n\n<div class=\"wp-block-column is-layout-flow wp-block-column-is-layout-flow\" style=\"flex-basis:25%\"><\/div>\n<\/div>\n\n\n<div class=\"wp-block-image\">\n<figure class=\"aligncenter size-large is-resized\"><img loading=\"lazy\" decoding=\"async\" src=\"http:\/\/uusi.soderlund.fi\/wp-content\/uploads\/2021\/06\/largescale08-1024x626.jpg\" alt=\"\" class=\"wp-image-62\" width=\"768\" height=\"470\" srcset=\"https:\/\/uusi.soderlund.fi\/wp-content\/uploads\/2021\/06\/largescale08-1024x626.jpg 1024w, https:\/\/uusi.soderlund.fi\/wp-content\/uploads\/2021\/06\/largescale08-300x183.jpg 300w, https:\/\/uusi.soderlund.fi\/wp-content\/uploads\/2021\/06\/largescale08-768x469.jpg 768w, https:\/\/uusi.soderlund.fi\/wp-content\/uploads\/2021\/06\/largescale08.jpg 1420w\" sizes=\"auto, (max-width: 768px) 100vw, 768px\" \/><\/figure>\n<\/div>\n\n<div class=\"wp-block-image\">\n<figure class=\"aligncenter size-large is-resized\"><img loading=\"lazy\" decoding=\"async\" src=\"http:\/\/uusi.soderlund.fi\/wp-content\/uploads\/2021\/06\/largescale09-1024x721.jpg\" alt=\"\" class=\"wp-image-63\" width=\"768\" height=\"541\" srcset=\"https:\/\/uusi.soderlund.fi\/wp-content\/uploads\/2021\/06\/largescale09-1024x721.jpg 1024w, https:\/\/uusi.soderlund.fi\/wp-content\/uploads\/2021\/06\/largescale09-300x211.jpg 300w, https:\/\/uusi.soderlund.fi\/wp-content\/uploads\/2021\/06\/largescale09-768x541.jpg 768w, https:\/\/uusi.soderlund.fi\/wp-content\/uploads\/2021\/06\/largescale09.jpg 1420w\" sizes=\"auto, (max-width: 768px) 100vw, 768px\" \/><\/figure>\n<\/div>\n\n\n<div style=\"height:100px\" aria-hidden=\"true\" class=\"wp-block-spacer\"><\/div>\n\n\n\n<figure class=\"wp-block-embed is-type-video is-provider-youtube wp-block-embed-youtube wp-embed-aspect-4-3 wp-has-aspect-ratio\"><div class=\"wp-block-embed__wrapper\">\n<iframe loading=\"lazy\" title=\"Brovision - Siltavisio\" width=\"525\" height=\"394\" src=\"https:\/\/www.youtube.com\/embed\/MtWh2AtmR_w?feature=oembed\" frameborder=\"0\" allow=\"accelerometer; autoplay; clipboard-write; encrypted-media; gyroscope; picture-in-picture; web-share\" referrerpolicy=\"strict-origin-when-cross-origin\" allowfullscreen><\/iframe>\n<\/div><\/figure>\n","protected":false},"excerpt":{"rendered":"<p>Saaristotie 180 on Suomen strateginen yhteys Ahvenanmaan maakuntaan, Ruotsiin, Skandinaviaan ja Eurooppaan. Se on my\u00f6s Ahvenanmaan t\u00e4rke\u00e4 napanuora Manner-Suomeen. T\u00e4ss\u00e4 esitetty \u2019Silta Saaristoon\u2019 nousi [&hellip;]<\/p>\n","protected":false},"author":1,"featured_media":0,"parent":0,"menu_order":0,"comment_status":"closed","ping_status":"closed","template":"","meta":{"_uf_show_specific_survey":0,"_uf_disable_surveys":false,"ngg_post_thumbnail":0,"footnotes":""},"class_list":["post-796","page","type-page","status-publish","hentry"],"_links":{"self":[{"href":"https:\/\/uusi.soderlund.fi\/index.php?rest_route=\/wp\/v2\/pages\/796","targetHints":{"allow":["GET"]}}],"collection":[{"href":"https:\/\/uusi.soderlund.fi\/index.php?rest_route=\/wp\/v2\/pages"}],"about":[{"href":"https:\/\/uusi.soderlund.fi\/index.php?rest_route=\/wp\/v2\/types\/page"}],"author":[{"embeddable":true,"href":"https:\/\/uusi.soderlund.fi\/index.php?rest_route=\/wp\/v2\/users\/1"}],"replies":[{"embeddable":true,"href":"https:\/\/uusi.soderlund.fi\/index.php?rest_route=%2Fwp%2Fv2%2Fcomments&post=796"}],"version-history":[{"count":29,"href":"https:\/\/uusi.soderlund.fi\/index.php?rest_route=\/wp\/v2\/pages\/796\/revisions"}],"predecessor-version":[{"id":1208,"href":"https:\/\/uusi.soderlund.fi\/index.php?rest_route=\/wp\/v2\/pages\/796\/revisions\/1208"}],"wp:attachment":[{"href":"https:\/\/uusi.soderlund.fi\/index.php?rest_route=%2Fwp%2Fv2%2Fmedia&parent=796"}],"curies":[{"name":"wp","href":"https:\/\/api.w.org\/{rel}","templated":true}]}}