{"id":321,"date":"2021-06-16T14:24:30","date_gmt":"2021-06-16T11:24:30","guid":{"rendered":"http:\/\/uusi.soderlund.fi\/?page_id=321"},"modified":"2024-09-03T13:21:47","modified_gmt":"2024-09-03T10:21:47","slug":"galleri","status":"publish","type":"page","link":"https:\/\/uusi.soderlund.fi\/?page_id=321&lang=sv","title":{"rendered":"Galleri"},"content":{"rendered":"\n<div class=\"wp-block-cover is-light\" style=\"min-height:360px;aspect-ratio:unset;\"><span aria-hidden=\"true\" class=\"wp-block-cover__background has-background-dim\"><\/span><img loading=\"lazy\" decoding=\"async\" width=\"1024\" height=\"512\" class=\"wp-block-cover__image-background wp-image-866\" alt=\"\" src=\"http:\/\/uusi.soderlund.fi\/wp-content\/uploads\/2023\/06\/Image2_000-1024x512.png\" data-object-fit=\"cover\" srcset=\"https:\/\/uusi.soderlund.fi\/wp-content\/uploads\/2023\/06\/Image2_000-1024x512.png 1024w, https:\/\/uusi.soderlund.fi\/wp-content\/uploads\/2023\/06\/Image2_000-300x150.png 300w, https:\/\/uusi.soderlund.fi\/wp-content\/uploads\/2023\/06\/Image2_000-768x384.png 768w, https:\/\/uusi.soderlund.fi\/wp-content\/uploads\/2023\/06\/Image2_000-1536x768.png 1536w, https:\/\/uusi.soderlund.fi\/wp-content\/uploads\/2023\/06\/Image2_000-2048x1024.png 2048w\" sizes=\"auto, (max-width: 1024px) 100vw, 1024px\" \/><div class=\"wp-block-cover__inner-container is-layout-flow wp-block-cover-is-layout-flow\">\n<p class=\"has-text-align-center has-white-color has-text-color has-large-font-size\">L\u00e4genheter och fritidshus<\/p>\n\n\n\n<p class=\"has-text-align-center has-white-color has-text-color\">Exempel p\u00e5 bostadshus som vi har planerat<\/p>\n\n\n\n<p class=\"has-text-align-center has-white-color has-text-color\"><a href=\"https:\/\/uusi.soderlund.fi\/?page_id=1176&amp;lang=sv\">l\u00e4s mer&#8230;<\/a><\/p>\n<\/div><\/div>\n\n\n\n<div class=\"wp-block-cover\" style=\"min-height:360px;aspect-ratio:unset;\"><span aria-hidden=\"true\" class=\"wp-block-cover__background has-background-dim\"><\/span><img loading=\"lazy\" decoding=\"async\" width=\"1024\" height=\"683\" class=\"wp-block-cover__image-background wp-image-954\" alt=\"\" src=\"http:\/\/uusi.soderlund.fi\/wp-content\/uploads\/2023\/06\/nagu-hamn-2-1024x683.jpg\" data-object-fit=\"cover\" srcset=\"https:\/\/uusi.soderlund.fi\/wp-content\/uploads\/2023\/06\/nagu-hamn-2-1024x683.jpg 1024w, https:\/\/uusi.soderlund.fi\/wp-content\/uploads\/2023\/06\/nagu-hamn-2-300x200.jpg 300w, https:\/\/uusi.soderlund.fi\/wp-content\/uploads\/2023\/06\/nagu-hamn-2-768x512.jpg 768w, https:\/\/uusi.soderlund.fi\/wp-content\/uploads\/2023\/06\/nagu-hamn-2-1536x1024.jpg 1536w, https:\/\/uusi.soderlund.fi\/wp-content\/uploads\/2023\/06\/nagu-hamn-2.jpg 2048w\" sizes=\"auto, (max-width: 1024px) 100vw, 1024px\" \/><div class=\"wp-block-cover__inner-container is-layout-flow wp-block-cover-is-layout-flow\">\n<p class=\"has-text-align-center has-large-font-size\">Bastu och g\u00e4sthus<\/p>\n\n\n\n<p class=\"has-text-align-center\">Exempel p\u00e5 bastubyggnader och g\u00e4sthus ritade av v\u00e5r byr\u00e5<\/p>\n\n\n\n<p class=\"has-text-align-center\"><a href=\"https:\/\/uusi.soderlund.fi\/?page_id=1182&amp;lang=sv\">l\u00e4s mer&#8230;<\/a><\/p>\n<\/div><\/div>\n\n\n\n<div class=\"wp-block-cover\" style=\"min-height:360px;aspect-ratio:unset;\"><span aria-hidden=\"true\" class=\"wp-block-cover__background has-background-dim\"><\/span><img loading=\"lazy\" decoding=\"async\" width=\"1024\" height=\"768\" class=\"wp-block-cover__image-background wp-image-984\" alt=\"\" src=\"http:\/\/uusi.soderlund.fi\/wp-content\/uploads\/2023\/06\/IMG_8921-1-1024x768.jpeg\" data-object-fit=\"cover\" srcset=\"https:\/\/uusi.soderlund.fi\/wp-content\/uploads\/2023\/06\/IMG_8921-1-1024x768.jpeg 1024w, https:\/\/uusi.soderlund.fi\/wp-content\/uploads\/2023\/06\/IMG_8921-1-300x225.jpeg 300w, https:\/\/uusi.soderlund.fi\/wp-content\/uploads\/2023\/06\/IMG_8921-1-768x576.jpeg 768w, https:\/\/uusi.soderlund.fi\/wp-content\/uploads\/2023\/06\/IMG_8921-1-1536x1152.jpeg 1536w, https:\/\/uusi.soderlund.fi\/wp-content\/uploads\/2023\/06\/IMG_8921-1-2048x1536.jpeg 2048w, https:\/\/uusi.soderlund.fi\/wp-content\/uploads\/2023\/06\/IMG_8921-1-600x450.jpeg 600w\" sizes=\"auto, (max-width: 1024px) 100vw, 1024px\" \/><div class=\"wp-block-cover__inner-container is-layout-flow wp-block-cover-is-layout-flow\">\n<p class=\"has-text-align-center has-large-font-size\">Kommersiella byggnader<\/p>\n\n\n\n<p class=\"has-text-align-center\">Exempel p\u00e5 kommersiella byggnader som vi har planerat<\/p>\n\n\n\n<p class=\"has-text-align-center\"><a href=\"https:\/\/uusi.soderlund.fi\/?page_id=1186&amp;lang=sv\">l\u00e4s mer&#8230;<\/a><\/p>\n<\/div><\/div>\n\n\n\n<div class=\"wp-block-cover is-light\" style=\"min-height:360px;aspect-ratio:unset;\"><span aria-hidden=\"true\" class=\"wp-block-cover__background has-background-dim\"><\/span><img loading=\"lazy\" decoding=\"async\" width=\"1024\" height=\"576\" class=\"wp-block-cover__image-background wp-image-1001\" alt=\"\" src=\"http:\/\/uusi.soderlund.fi\/wp-content\/uploads\/2023\/06\/renovationa-4-1024x576.jpg\" data-object-fit=\"cover\" srcset=\"https:\/\/uusi.soderlund.fi\/wp-content\/uploads\/2023\/06\/renovationa-4-1024x576.jpg 1024w, https:\/\/uusi.soderlund.fi\/wp-content\/uploads\/2023\/06\/renovationa-4-300x169.jpg 300w, https:\/\/uusi.soderlund.fi\/wp-content\/uploads\/2023\/06\/renovationa-4-768x432.jpg 768w, https:\/\/uusi.soderlund.fi\/wp-content\/uploads\/2023\/06\/renovationa-4-1536x864.jpg 1536w, https:\/\/uusi.soderlund.fi\/wp-content\/uploads\/2023\/06\/renovationa-4.jpg 2048w\" sizes=\"auto, (max-width: 1024px) 100vw, 1024px\" \/><div class=\"wp-block-cover__inner-container is-layout-flow wp-block-cover-is-layout-flow\">\n<p class=\"has-text-align-center has-white-color has-text-color has-large-font-size\">Restaureringar<\/p>\n\n\n\n<p class=\"has-text-align-center has-white-color has-text-color\">Exempel p\u00e5 v\u00e5ra restaureringprojekt<\/p>\n\n\n\n<p class=\"has-text-align-center has-white-color has-text-color\"><a href=\"https:\/\/uusi.soderlund.fi\/?page_id=1190&amp;lang=sv\">l\u00e4s mer&#8230;<\/a><\/p>\n<\/div><\/div>\n\n\n\n<div class=\"wp-block-cover\" style=\"min-height:360px;aspect-ratio:unset;\"><span aria-hidden=\"true\" class=\"wp-block-cover__background has-background-dim\"><\/span><img loading=\"lazy\" decoding=\"async\" width=\"844\" height=\"595\" class=\"wp-block-cover__image-background wp-image-1094\" alt=\"\" src=\"http:\/\/uusi.soderlund.fi\/wp-content\/uploads\/2023\/06\/largescale11.jpg\" data-object-fit=\"cover\" srcset=\"https:\/\/uusi.soderlund.fi\/wp-content\/uploads\/2023\/06\/largescale11.jpg 844w, https:\/\/uusi.soderlund.fi\/wp-content\/uploads\/2023\/06\/largescale11-300x211.jpg 300w, https:\/\/uusi.soderlund.fi\/wp-content\/uploads\/2023\/06\/largescale11-768x541.jpg 768w\" sizes=\"auto, (max-width: 844px) 100vw, 844px\" \/><div class=\"wp-block-cover__inner-container is-layout-flow wp-block-cover-is-layout-flow\">\n<p class=\"has-text-align-center has-large-font-size\">Logomo brot\u00e4vling<\/p>\n\n\n\n<p class=\"has-text-align-center\">T\u00e4vlingsf\u00f6rslag f\u00f6r Logomobron vid \u00c5bo centralstation. 2:a plats i t\u00e4vlingen.<\/p>\n\n\n\n<p class=\"has-text-align-center\"><a href=\"https:\/\/uusi.soderlund.fi\/?page_id=1194&amp;lang=sv\">l\u00e4s mer&#8230;<\/a><\/p>\n<\/div><\/div>\n\n\n\n<div class=\"wp-block-cover\" style=\"min-height:360px;aspect-ratio:unset;\"><span aria-hidden=\"true\" class=\"wp-block-cover__background has-background-dim\"><\/span><img loading=\"lazy\" decoding=\"async\" width=\"1024\" height=\"768\" class=\"wp-block-cover__image-background wp-image-1092\" alt=\"\" src=\"http:\/\/uusi.soderlund.fi\/wp-content\/uploads\/2023\/06\/largescale07-1024x768.jpg\" data-object-fit=\"cover\" srcset=\"https:\/\/uusi.soderlund.fi\/wp-content\/uploads\/2023\/06\/largescale07-1024x768.jpg 1024w, https:\/\/uusi.soderlund.fi\/wp-content\/uploads\/2023\/06\/largescale07-300x225.jpg 300w, https:\/\/uusi.soderlund.fi\/wp-content\/uploads\/2023\/06\/largescale07-768x576.jpg 768w, https:\/\/uusi.soderlund.fi\/wp-content\/uploads\/2023\/06\/largescale07-1536x1152.jpg 1536w, https:\/\/uusi.soderlund.fi\/wp-content\/uploads\/2023\/06\/largescale07-2048x1536.jpg 2048w, https:\/\/uusi.soderlund.fi\/wp-content\/uploads\/2023\/06\/largescale07-600x450.jpg 600w\" sizes=\"auto, (max-width: 1024px) 100vw, 1024px\" \/><div class=\"wp-block-cover__inner-container is-layout-flow wp-block-cover-is-layout-flow\">\n<p class=\"has-text-align-center has-large-font-size\">Brovision<\/p>\n\n\n\n<p class=\"has-text-align-center\">Ett broalternativ f\u00f6r att ers\u00e4tta f\u00e4rjef\u00f6rbindelsen mellan Pargas och Nagu.<\/p>\n\n\n\n<p class=\"has-text-align-center\"><a href=\"https:\/\/uusi.soderlund.fi\/?page_id=1199&amp;lang=sv\">l\u00e4s mer&#8230;<\/a><\/p>\n<\/div><\/div>\n","protected":false},"excerpt":{"rendered":"","protected":false},"author":1,"featured_media":0,"parent":0,"menu_order":0,"comment_status":"closed","ping_status":"closed","template":"","meta":{"_uf_show_specific_survey":0,"_uf_disable_surveys":false,"ngg_post_thumbnail":0,"footnotes":""},"class_list":["post-321","page","type-page","status-publish","hentry"],"_links":{"self":[{"href":"https:\/\/uusi.soderlund.fi\/index.php?rest_route=\/wp\/v2\/pages\/321","targetHints":{"allow":["GET"]}}],"collection":[{"href":"https:\/\/uusi.soderlund.fi\/index.php?rest_route=\/wp\/v2\/pages"}],"about":[{"href":"https:\/\/uusi.soderlund.fi\/index.php?rest_route=\/wp\/v2\/types\/page"}],"author":[{"embeddable":true,"href":"https:\/\/uusi.soderlund.fi\/index.php?rest_route=\/wp\/v2\/users\/1"}],"replies":[{"embeddable":true,"href":"https:\/\/uusi.soderlund.fi\/index.php?rest_route=%2Fwp%2Fv2%2Fcomments&post=321"}],"version-history":[{"count":11,"href":"https:\/\/uusi.soderlund.fi\/index.php?rest_route=\/wp\/v2\/pages\/321\/revisions"}],"predecessor-version":[{"id":1416,"href":"https:\/\/uusi.soderlund.fi\/index.php?rest_route=\/wp\/v2\/pages\/321\/revisions\/1416"}],"wp:attachment":[{"href":"https:\/\/uusi.soderlund.fi\/index.php?rest_route=%2Fwp%2Fv2%2Fmedia&parent=321"}],"curies":[{"name":"wp","href":"https:\/\/api.w.org\/{rel}","templated":true}]}}