{"id":272,"date":"2021-06-16T12:09:53","date_gmt":"2021-06-16T09:09:53","guid":{"rendered":"http:\/\/uusi.soderlund.fi\/?page_id=272"},"modified":"2024-10-13T20:37:13","modified_gmt":"2024-10-13T17:37:13","slug":"om","status":"publish","type":"page","link":"https:\/\/uusi.soderlund.fi\/?page_id=272&lang=sv","title":{"rendered":"Om oss"},"content":{"rendered":"\n<div style=\"height:100px\" aria-hidden=\"true\" class=\"wp-block-spacer\"><\/div>\n\n\n\n<div class=\"wp-block-columns is-layout-flex wp-container-core-columns-is-layout-9d6595d7 wp-block-columns-is-layout-flex\">\n<div class=\"wp-block-column is-layout-flow wp-block-column-is-layout-flow\" style=\"flex-basis:66.66%\">\n<p>Den sk\u00e4rg\u00e5rdsbaserade arkitektbyr\u00e5n Aaro S\u00f6derlund Oy (grundat 1990) erbjuder ekologiskt h\u00e5llbara, unika designtj\u00e4nster som tar i beaktande kundens speciella \u00f6nskem\u00e5l, lokala f\u00f6ruts\u00e4ttningar och byggtraditioner f\u00f6r b\u00e5de privata och kommersiella kunder samt offentliga sektorn.<\/p>\n\n\n\n<p>V\u00e5ra arkitekttj\u00e4nster omfattar planerings-, godk\u00e4nnande- och implementeringsprocesser i flera steg. Vi skr\u00e4ddarsyr ett tydligt servicepaket f\u00f6r dig.<\/p>\n\n\n\n<p>Hos oss kan du f\u00e5 f\u00f6rplanering, byggnadsm\u00e4tningar, byggnadsprojektering, \u00f6nskad m\u00e4ngd f\u00f6rslag under utkaststadiet, samt de handlingar som beh\u00f6vs f\u00f6r bygglov och avvikelser och \u00e4ven entreprenadplaner \u2013 och \u00e4ven revideringsplaner [RAM] som beskriver f\u00f6r\u00e4ndringar som genomf\u00f6rts under byggprocessen.<\/p>\n\n\n\n<p>V\u00e5ra tj\u00e4nster omfattar f\u00f6rutom nybyggnation \u00e4ven stilenliga restaureringar och utvidgningar (som skall ser ut som om byggnaden alltid har varit &#8217;s\u00e5 h\u00e4r&#8217;), \u00e4ndrade anv\u00e4ndnings\u00e4ndam\u00e5l (till exempel uppgradering av fritidshustomterna till permanenta bost\u00e4der) och stranddetaljplanering.<\/p>\n\n\n\n<p>\u00c4ven lagstadgad huvudplanering och arkitekt\u00f6vervakning av byggplatsen ing\u00e5r i v\u00e5ra tj\u00e4nster.<\/p>\n\n\n\n<p>V\u00e5r arkitektbyr\u00e5 erbjuder dig den samlade erfarenheten av \u00f6ver 30 \u00e5r i huvudstadsregionen och s\u00e4rskilt i \u00c5bo sk\u00e4rg\u00e5rd. V\u00e5rt samarbetsn\u00e4tverk t\u00e4cker nyckelakt\u00f6rer fr\u00e5n naturspecialister, konstrukt\u00f6rer och civilingenj\u00f6rer till ansvariga arbetsledare.<\/p>\n\n\n\n<p><strong>Det \u00e4r d\u00e4rf\u00f6r vi tror att vi \u00e4r den b\u00e4sta arkitektbyr\u00e5n i sk\u00e4rg\u00e5rden!<\/strong><\/p>\n\n\n\n<p><strong>Tillsammans kan vi f\u00f6rverkliga din dr\u00f6m!<\/strong><\/p>\n<\/div>\n\n\n\n<div class=\"wp-block-column is-layout-flow wp-block-column-is-layout-flow\">\n<div style=\"height:100px\" aria-hidden=\"true\" class=\"wp-block-spacer\"><\/div>\n<\/div>\n\n\n\n<div class=\"wp-block-column is-layout-flow wp-block-column-is-layout-flow\">\n<div style=\"height:100px\" aria-hidden=\"true\" class=\"wp-block-spacer\"><\/div>\n<\/div>\n\n\n\n<div class=\"wp-block-column is-layout-flow wp-block-column-is-layout-flow\" style=\"flex-basis:33.33%\">\n<p class=\"has-green-color has-text-color\">&#8221;Atmosf\u00e4ren i det h\u00e4r huset m\u00e5ste upplevas och k\u00e4nnas personligt! Helt vansinnigt bra helhet. Ett magnifikt stenhus d\u00e4r varje plats \u00e4r noga genomt\u00e4nkt. Interi\u00f6ren \u00e4r h\u00f6g och rymlig. Skillnaderna i golvniv\u00e5er ger en fin personlighet och kontrast. Den \u00f6ppna spisen i vardagsrummet ger v\u00e4rme och vid den kan du beundra den fantastiska utsikten \u00f6ver den stora t\u00e4ckta terrassen och tr\u00e4dg\u00e5rden genom de stora f\u00f6nstren. Detta hem passar \u00e4ven f\u00f6r en st\u00f6rre familj. Tr\u00e4dg\u00e5rden har n\u00e4stan allt du v\u00e5gar dr\u00f6mma om. H\u00e4r, n\u00e4r du sitter och lyssnar p\u00e5 vattnets krusningar, gl\u00f6mmer du omv\u00e4rlden och dina dagliga sysslor. Det finns otroligt mycket lagerutrymme! Garaget med sina specialiteter passar \u00e4ven den mest kr\u00e4vande bilentusiasten.&#8221;<br>&#8211; RV, fastighetsm\u00e4klare<\/p>\n\n\n\n<p class=\"has-blue-color has-text-color\">&#8221;Huset \u00e4r perfekt p\u00e5 alla s\u00e4tt. Helheten har fungerat fantastiskt.&#8221;<\/p>\n\n\n\n<p class=\"has-blue-color has-text-color\">&#8221;Jag \u00e4r mycket n\u00f6jd med chefsdesignern och arkitekten!&#8221;<\/p>\n\n\n\n<p class=\"has-blue-color has-text-color\">&#8221;Det \u00e4r s\u00e5 vackert att jag \u00e4r m\u00e5ll\u00f6s en g\u00e5ng f\u00f6r alla, du \u00e4r toppen! L\u00e5t oss sm\u00e4lta lite p\u00e5 det h\u00e4r och \u00e5terkomma.&#8221;<\/p>\n\n\n\n<p class=\"has-blue-color has-text-color\">&#8221;Alldeles utm\u00e4rkt! Precis till punkten.&#8221;<\/p>\n\n\n\n<p class=\"has-blue-color has-text-color\">&#8211; N\u00f6jda kunder<\/p>\n<\/div>\n<\/div>\n\n\n\n<div style=\"height:60px\" aria-hidden=\"true\" class=\"wp-block-spacer\"><\/div>\n\n\n\n<figure class=\"wp-block-image alignwide size-large\"><img loading=\"lazy\" decoding=\"async\" width=\"1024\" height=\"768\" src=\"http:\/\/uusi.soderlund.fi\/wp-content\/uploads\/2024\/07\/WhatsApp-Image-2024-07-17-at-18.40.26-1-1024x768.jpeg\" alt=\"\" class=\"wp-image-1368\" srcset=\"https:\/\/uusi.soderlund.fi\/wp-content\/uploads\/2024\/07\/WhatsApp-Image-2024-07-17-at-18.40.26-1-1024x768.jpeg 1024w, https:\/\/uusi.soderlund.fi\/wp-content\/uploads\/2024\/07\/WhatsApp-Image-2024-07-17-at-18.40.26-1-300x225.jpeg 300w, https:\/\/uusi.soderlund.fi\/wp-content\/uploads\/2024\/07\/WhatsApp-Image-2024-07-17-at-18.40.26-1-768x576.jpeg 768w, https:\/\/uusi.soderlund.fi\/wp-content\/uploads\/2024\/07\/WhatsApp-Image-2024-07-17-at-18.40.26-1-1536x1152.jpeg 1536w, https:\/\/uusi.soderlund.fi\/wp-content\/uploads\/2024\/07\/WhatsApp-Image-2024-07-17-at-18.40.26-1-600x450.jpeg 600w, https:\/\/uusi.soderlund.fi\/wp-content\/uploads\/2024\/07\/WhatsApp-Image-2024-07-17-at-18.40.26-1.jpeg 1600w\" sizes=\"auto, (max-width: 1024px) 100vw, 1024px\" \/><\/figure>\n\n\n\n<div class=\"wp-block-columns is-layout-flex wp-container-core-columns-is-layout-9d6595d7 wp-block-columns-is-layout-flex\">\n<div class=\"wp-block-column is-layout-flow wp-block-column-is-layout-flow\">\n<figure class=\"wp-block-image size-full\"><img loading=\"lazy\" decoding=\"async\" width=\"955\" height=\"716\" src=\"http:\/\/uusi.soderlund.fi\/wp-content\/uploads\/2024\/07\/WhatsApp-Image-2024-07-17-at-16.41.13-1.jpg\" alt=\"\" class=\"wp-image-1365\" srcset=\"https:\/\/uusi.soderlund.fi\/wp-content\/uploads\/2024\/07\/WhatsApp-Image-2024-07-17-at-16.41.13-1.jpg 955w, https:\/\/uusi.soderlund.fi\/wp-content\/uploads\/2024\/07\/WhatsApp-Image-2024-07-17-at-16.41.13-1-300x225.jpg 300w, https:\/\/uusi.soderlund.fi\/wp-content\/uploads\/2024\/07\/WhatsApp-Image-2024-07-17-at-16.41.13-1-768x576.jpg 768w, https:\/\/uusi.soderlund.fi\/wp-content\/uploads\/2024\/07\/WhatsApp-Image-2024-07-17-at-16.41.13-1-600x450.jpg 600w\" sizes=\"auto, (max-width: 955px) 100vw, 955px\" \/><\/figure>\n<\/div>\n\n\n\n<div class=\"wp-block-column is-layout-flow wp-block-column-is-layout-flow\">\n<figure class=\"wp-block-image size-large\"><img loading=\"lazy\" decoding=\"async\" width=\"1024\" height=\"768\" src=\"http:\/\/uusi.soderlund.fi\/wp-content\/uploads\/2024\/07\/WhatsApp-Image-2024-06-28-at-11.28.17-1-1-1024x768.jpg\" alt=\"\" class=\"wp-image-1364\" srcset=\"https:\/\/uusi.soderlund.fi\/wp-content\/uploads\/2024\/07\/WhatsApp-Image-2024-06-28-at-11.28.17-1-1-1024x768.jpg 1024w, https:\/\/uusi.soderlund.fi\/wp-content\/uploads\/2024\/07\/WhatsApp-Image-2024-06-28-at-11.28.17-1-1-300x225.jpg 300w, https:\/\/uusi.soderlund.fi\/wp-content\/uploads\/2024\/07\/WhatsApp-Image-2024-06-28-at-11.28.17-1-1-768x576.jpg 768w, https:\/\/uusi.soderlund.fi\/wp-content\/uploads\/2024\/07\/WhatsApp-Image-2024-06-28-at-11.28.17-1-1-1536x1152.jpg 1536w, https:\/\/uusi.soderlund.fi\/wp-content\/uploads\/2024\/07\/WhatsApp-Image-2024-06-28-at-11.28.17-1-1-600x450.jpg 600w, https:\/\/uusi.soderlund.fi\/wp-content\/uploads\/2024\/07\/WhatsApp-Image-2024-06-28-at-11.28.17-1-1.jpg 1600w\" sizes=\"auto, (max-width: 1024px) 100vw, 1024px\" \/><\/figure>\n<\/div>\n<\/div>\n\n\n\n<div class=\"wp-block-columns is-layout-flex wp-container-core-columns-is-layout-9d6595d7 wp-block-columns-is-layout-flex\">\n<div class=\"wp-block-column is-layout-flow wp-block-column-is-layout-flow\">\n<figure class=\"wp-block-image size-full\"><img loading=\"lazy\" decoding=\"async\" width=\"1024\" height=\"768\" src=\"http:\/\/uusi.soderlund.fi\/wp-content\/uploads\/2024\/07\/WhatsApp-Image-2024-07-17-at-16.41.14-1-1.jpg\" alt=\"\" class=\"wp-image-1366\" srcset=\"https:\/\/uusi.soderlund.fi\/wp-content\/uploads\/2024\/07\/WhatsApp-Image-2024-07-17-at-16.41.14-1-1.jpg 1024w, https:\/\/uusi.soderlund.fi\/wp-content\/uploads\/2024\/07\/WhatsApp-Image-2024-07-17-at-16.41.14-1-1-300x225.jpg 300w, https:\/\/uusi.soderlund.fi\/wp-content\/uploads\/2024\/07\/WhatsApp-Image-2024-07-17-at-16.41.14-1-1-768x576.jpg 768w, https:\/\/uusi.soderlund.fi\/wp-content\/uploads\/2024\/07\/WhatsApp-Image-2024-07-17-at-16.41.14-1-1-600x450.jpg 600w\" sizes=\"auto, (max-width: 1024px) 100vw, 1024px\" \/><\/figure>\n<\/div>\n\n\n\n<div class=\"wp-block-column is-layout-flow wp-block-column-is-layout-flow\">\n<figure class=\"wp-block-image size-full\"><img loading=\"lazy\" decoding=\"async\" width=\"1024\" height=\"768\" src=\"http:\/\/uusi.soderlund.fi\/wp-content\/uploads\/2024\/07\/WhatsApp-Image-2024-07-17-at-16.41.14-2.jpg\" alt=\"\" class=\"wp-image-1367\" srcset=\"https:\/\/uusi.soderlund.fi\/wp-content\/uploads\/2024\/07\/WhatsApp-Image-2024-07-17-at-16.41.14-2.jpg 1024w, https:\/\/uusi.soderlund.fi\/wp-content\/uploads\/2024\/07\/WhatsApp-Image-2024-07-17-at-16.41.14-2-300x225.jpg 300w, https:\/\/uusi.soderlund.fi\/wp-content\/uploads\/2024\/07\/WhatsApp-Image-2024-07-17-at-16.41.14-2-768x576.jpg 768w, https:\/\/uusi.soderlund.fi\/wp-content\/uploads\/2024\/07\/WhatsApp-Image-2024-07-17-at-16.41.14-2-600x450.jpg 600w\" sizes=\"auto, (max-width: 1024px) 100vw, 1024px\" \/><\/figure>\n<\/div>\n<\/div>\n\n\n\n<hr class=\"wp-block-separator has-alpha-channel-opacity is-style-wide\"\/>\n\n\n\n<div class=\"wp-block-columns is-layout-flex wp-container-core-columns-is-layout-9d6595d7 wp-block-columns-is-layout-flex\">\n<div class=\"wp-block-column is-layout-flow wp-block-column-is-layout-flow\"><\/div>\n\n\n\n<div class=\"wp-block-column is-layout-flow wp-block-column-is-layout-flow\">\n<figure class=\"wp-block-image size-large\"><img loading=\"lazy\" decoding=\"async\" width=\"1024\" height=\"251\" src=\"https:\/\/uusi.soderlund.fi\/wp-content\/uploads\/2024\/10\/TEXTLEFT_BLACK_1080x265-10-1024x251.png\" alt=\"\" class=\"wp-image-1460\" srcset=\"https:\/\/uusi.soderlund.fi\/wp-content\/uploads\/2024\/10\/TEXTLEFT_BLACK_1080x265-10-1024x251.png 1024w, https:\/\/uusi.soderlund.fi\/wp-content\/uploads\/2024\/10\/TEXTLEFT_BLACK_1080x265-10-300x74.png 300w, https:\/\/uusi.soderlund.fi\/wp-content\/uploads\/2024\/10\/TEXTLEFT_BLACK_1080x265-10-768x188.png 768w, https:\/\/uusi.soderlund.fi\/wp-content\/uploads\/2024\/10\/TEXTLEFT_BLACK_1080x265-10.png 1080w\" sizes=\"auto, (max-width: 1024px) 100vw, 1024px\" \/><\/figure>\n<\/div>\n<\/div>\n","protected":false},"excerpt":{"rendered":"<p>Den sk\u00e4rg\u00e5rdsbaserade arkitektbyr\u00e5n Aaro S\u00f6derlund Oy (grundat 1990) erbjuder ekologiskt h\u00e5llbara, unika designtj\u00e4nster som tar i beaktande kundens speciella \u00f6nskem\u00e5l, lokala f\u00f6ruts\u00e4ttningar och byggtraditioner [&hellip;]<\/p>\n","protected":false},"author":1,"featured_media":0,"parent":0,"menu_order":0,"comment_status":"closed","ping_status":"closed","template":"","meta":{"_uf_show_specific_survey":0,"_uf_disable_surveys":false,"ngg_post_thumbnail":0,"footnotes":""},"class_list":["post-272","page","type-page","status-publish","hentry"],"_links":{"self":[{"href":"https:\/\/uusi.soderlund.fi\/index.php?rest_route=\/wp\/v2\/pages\/272","targetHints":{"allow":["GET"]}}],"collection":[{"href":"https:\/\/uusi.soderlund.fi\/index.php?rest_route=\/wp\/v2\/pages"}],"about":[{"href":"https:\/\/uusi.soderlund.fi\/index.php?rest_route=\/wp\/v2\/types\/page"}],"author":[{"embeddable":true,"href":"https:\/\/uusi.soderlund.fi\/index.php?rest_route=\/wp\/v2\/users\/1"}],"replies":[{"embeddable":true,"href":"https:\/\/uusi.soderlund.fi\/index.php?rest_route=%2Fwp%2Fv2%2Fcomments&post=272"}],"version-history":[{"count":11,"href":"https:\/\/uusi.soderlund.fi\/index.php?rest_route=\/wp\/v2\/pages\/272\/revisions"}],"predecessor-version":[{"id":1461,"href":"https:\/\/uusi.soderlund.fi\/index.php?rest_route=\/wp\/v2\/pages\/272\/revisions\/1461"}],"wp:attachment":[{"href":"https:\/\/uusi.soderlund.fi\/index.php?rest_route=%2Fwp%2Fv2%2Fmedia&parent=272"}],"curies":[{"name":"wp","href":"https:\/\/api.w.org\/{rel}","templated":true}]}}