{"id":25,"date":"2021-06-15T11:03:11","date_gmt":"2021-06-15T08:03:11","guid":{"rendered":"http:\/\/uusi.soderlund.fi\/?page_id=25"},"modified":"2024-10-13T20:41:39","modified_gmt":"2024-10-13T17:41:39","slug":"faq","status":"publish","type":"page","link":"https:\/\/uusi.soderlund.fi\/?page_id=25","title":{"rendered":"FAQ"},"content":{"rendered":"\n<p class=\"has-text-align-center\" style=\"font-size:28px\">Mit\u00e4 palveluita tarjoamme?<\/p>\n\n\n\n<hr class=\"wp-block-separator has-css-opacity is-style-wide\"\/>\n\n\n\n<div class=\"wp-block-columns is-layout-flex wp-container-core-columns-is-layout-9d6595d7 wp-block-columns-is-layout-flex\">\n<div class=\"wp-block-column is-layout-flow wp-block-column-is-layout-flow\" style=\"flex-basis:33.33%\">\n<figure class=\"wp-block-image size-large\"><img loading=\"lazy\" decoding=\"async\" width=\"1024\" height=\"683\" src=\"http:\/\/uusi.soderlund.fi\/wp-content\/uploads\/2021\/06\/pexels-photo-1109541-1024x683.jpeg\" alt=\"\" class=\"wp-image-367\" srcset=\"https:\/\/uusi.soderlund.fi\/wp-content\/uploads\/2021\/06\/pexels-photo-1109541-1024x683.jpeg 1024w, https:\/\/uusi.soderlund.fi\/wp-content\/uploads\/2021\/06\/pexels-photo-1109541-300x200.jpeg 300w, https:\/\/uusi.soderlund.fi\/wp-content\/uploads\/2021\/06\/pexels-photo-1109541-768x512.jpeg 768w, https:\/\/uusi.soderlund.fi\/wp-content\/uploads\/2021\/06\/pexels-photo-1109541-1536x1024.jpeg 1536w, https:\/\/uusi.soderlund.fi\/wp-content\/uploads\/2021\/06\/pexels-photo-1109541-2048x1365.jpeg 2048w\" sizes=\"auto, (max-width: 1024px) 100vw, 1024px\" \/><\/figure>\n<\/div>\n\n\n\n<div class=\"wp-block-column is-layout-flow wp-block-column-is-layout-flow\" style=\"flex-basis:66.66%\">\n<div style=\"height:40px\" aria-hidden=\"true\" class=\"wp-block-spacer\"><\/div>\n\n\n\n<p><strong>Palvelumme:<\/strong><\/p>\n\n\n\n<ul class=\"wp-block-list\">\n<li>Esisuunnittelu<\/li>\n\n\n\n<li>Toteutettavuusselvitykset<\/li>\n\n\n\n<li>Hankesuunnittelu<\/li>\n\n\n\n<li>Viranomaisneuvottelut<\/li>\n\n\n\n<li>Rakennusmittaus (piirustukset vanhoista kohteista suunnittelun ja luvituksen pohjaksi)<\/li>\n\n\n\n<li>Arkkitehdin lausunnot<\/li>\n<\/ul>\n\n\n\n<p><strong>Kaavasuunnittelu:<\/strong><\/p>\n\n\n\n<ul class=\"wp-block-list\">\n<li>Ranta-asemakaavat ja niiden muutokset (loma-asuminen, majoitusliiketoiminta, venevalkamat, tonttitiet)<\/li>\n\n\n\n<li>Aluesuunnittelu (ideointi ja maanomistajan edunvalvonta asemakaavoituksen eri vaiheissa)<\/li>\n<\/ul>\n\n\n\n<p><strong>Rakennussuunnittelu:<\/strong><\/p>\n\n\n\n<ul class=\"wp-block-list\">\n<li>Arkkitehtisuunnittelu<\/li>\n\n\n\n<li>Luonnossuunnittelu<\/li>\n\n\n\n<li>Rakennuslupasuunnittelu<\/li>\n\n\n\n<li>Poikkeamisluvat (kaavasta tai rakennusj\u00e4rjestyksest\u00e4 &#8211; esim. sijainti, kerrosala, k\u00e4ytt\u00f6tarkoitus)<\/li>\n\n\n\n<li>Ilmoitusmenettelyt<\/li>\n\n\n\n<li>Toimenpideluvat<\/li>\n<\/ul>\n\n\n\n<p><strong>Toteutussuunnittelu:<\/strong><\/p>\n\n\n\n<ul class=\"wp-block-list\">\n<li>P\u00e4\u00e4suunnittelu (lakis\u00e4\u00e4teinen)<\/li>\n\n\n\n<li>Urakkasuunnittelu<\/li>\n\n\n\n<li>Yhteydet talotehtaisiin<\/li>\n\n\n\n<li>Sisustussuunnittelu<\/li>\n\n\n\n<li>Puutarhasuunnittelu<\/li>\n<\/ul>\n\n\n\n<p><strong>Rakennusvaihe:<\/strong><\/p>\n\n\n\n<ul class=\"wp-block-list\">\n<li>Ty\u00f6maan arkkitehtivalvonta<\/li>\n\n\n\n<li>Rakennusty\u00f6n aikaiset muutokset (&#8217;RAM&#8217;) ja niiden p\u00e4ivitt\u00e4minen rakennuslupasuunnitelmiin.<\/li>\n<\/ul>\n\n\n\n<p><strong>Lis\u00e4ksi voidaan poimia erityisalue:<\/strong><\/p>\n\n\n\n<ul class=\"wp-block-list\">\n<li>Vesirakentamisen suunnittelu<\/li>\n\n\n\n<li>V\u00e4yl\u00e4muutokset; yksityisv\u00e4yl\u00e4t<\/li>\n\n\n\n<li>Satama- ja telakkasuunnittelu (kajakit, veneet, yhteysalukset; rantarakennukset ja -rakennelmat; yksityiset pienoismajakat)<\/li>\n\n\n\n<li>Kelluvat rakennukset ja rakennelmat<\/li>\n<\/ul>\n\n\n\n<p>Arkkitehtipalvelupakettimme kattaa suunnittelun monivaiheiset prosessit.<\/p>\n\n\n\n<p>Rakenne-, LVIS- ja KVV-suunnittelijoiksi ja vastaavaksi ty\u00f6njohtajaksi voimme antaa suosituksemme yhteisty\u00f6verkostomme puitteissa.<\/p>\n\n\n\n<p>Teemme yhteisty\u00f6t\u00e4 talotehtaiden, mm. hirsitalotehdas Honkarakenteen (suunnittelemiamme talomalleja), ja paikallisen kiinteist\u00f6v\u00e4litt\u00e4j\u00e4 Maeklan kanssa.<\/p>\n<\/div>\n<\/div>\n\n\n\n<div style=\"height:50px\" aria-hidden=\"true\" class=\"wp-block-spacer\"><\/div>\n\n\n\n<p class=\"has-text-align-center\" style=\"font-size:28px\">Milloin arkkitehtia tarvitaan?<\/p>\n\n\n\n<hr class=\"wp-block-separator has-css-opacity is-style-wide\"\/>\n\n\n\n<div class=\"wp-block-columns is-layout-flex wp-container-core-columns-is-layout-9d6595d7 wp-block-columns-is-layout-flex\">\n<div class=\"wp-block-column is-layout-flow wp-block-column-is-layout-flow\" style=\"flex-basis:100%\">\n<div class=\"wp-block-columns is-layout-flex wp-container-core-columns-is-layout-9d6595d7 wp-block-columns-is-layout-flex\">\n<div class=\"wp-block-column is-vertically-aligned-top is-layout-flow wp-block-column-is-layout-flow\" style=\"flex-basis:100%\">\n<div class=\"wp-block-columns is-layout-flex wp-container-core-columns-is-layout-9d6595d7 wp-block-columns-is-layout-flex\">\n<div class=\"wp-block-column is-vertically-aligned-top is-layout-flow wp-block-column-is-layout-flow\" style=\"flex-basis:100%\">\n<div class=\"wp-block-columns is-layout-flex wp-container-core-columns-is-layout-9d6595d7 wp-block-columns-is-layout-flex\">\n<div class=\"wp-block-column is-layout-flow wp-block-column-is-layout-flow\" style=\"flex-basis:33.33%\">\n<figure class=\"wp-block-image size-large\"><img loading=\"lazy\" decoding=\"async\" width=\"1024\" height=\"683\" src=\"http:\/\/uusi.soderlund.fi\/wp-content\/uploads\/2021\/06\/pexels-photo-3806953-1024x683.jpeg\" alt=\"\" class=\"wp-image-370\" srcset=\"https:\/\/uusi.soderlund.fi\/wp-content\/uploads\/2021\/06\/pexels-photo-3806953-1024x683.jpeg 1024w, https:\/\/uusi.soderlund.fi\/wp-content\/uploads\/2021\/06\/pexels-photo-3806953-300x200.jpeg 300w, https:\/\/uusi.soderlund.fi\/wp-content\/uploads\/2021\/06\/pexels-photo-3806953-768x512.jpeg 768w, https:\/\/uusi.soderlund.fi\/wp-content\/uploads\/2021\/06\/pexels-photo-3806953-1536x1024.jpeg 1536w, https:\/\/uusi.soderlund.fi\/wp-content\/uploads\/2021\/06\/pexels-photo-3806953-2048x1365.jpeg 2048w\" sizes=\"auto, (max-width: 1024px) 100vw, 1024px\" \/><\/figure>\n<\/div>\n\n\n\n<div class=\"wp-block-column is-layout-flow wp-block-column-is-layout-flow\" style=\"flex-basis:66.66%\">\n<div style=\"height:40px\" aria-hidden=\"true\" class=\"wp-block-spacer\"><\/div>\n\n\n\n<ul id=\"block-9a1bd80a-da76-4926-90a2-65266dcad82e\" class=\"wp-block-list\">\n<li>Kun ette halua pelkki\u00e4 rakennuskuoria, vaan my\u00f6s henkist\u00e4 sis\u00e4lt\u00f6\u00e4.<\/li>\n\n\n\n<li>Kun haluatte tarpeisiinne perustuvaa kultivoitua estetiikkaa, arkkitehtuuria, rakennustaidetta.<\/li>\n\n\n\n<li>Kun haluatte raikkaita ideoita, juuri teid\u00e4n tarpeisiinne optimoituja tiloja ja monik\u00e4ytt\u00f6ist\u00e4 toiminnallisuutta..<\/li>\n\n\n\n<li>Kun haluatte, ett\u00e4 hankkeenne kuvastaa arvojanne, br\u00e4ndi\u00e4nne ja paikan henke\u00e4.<\/li>\n\n\n\n<li>Kun haluatte luontoon, maaston muotoihin, ymp\u00e4r\u00f6iviin rakennuksiin, ilmansuuntiin ja n\u00e4kymiin sek\u00e4 pienilmastoon r\u00e4\u00e4t\u00e4l\u00f6ityj\u00e4 ekologisia ratkaisuja.<\/li>\n\n\n\n<li>Kun haluatte kartuttaa kohteenne k\u00e4ytt\u00e4jien yhteenkuuluvuutta ja el\u00e4m\u00e4nlaatua, sek\u00e4 jalostaa j\u00e4lleenmyyntiarvoa sukupolvelta toiselle.<\/li>\n\n\n\n<li>Kun haluatte mukaan asiakasl\u00e4ht\u00f6iseen havainnolliseen ja vuorovaikutteiseen 3D-suunnitteluprosessiin.<\/li>\n\n\n\n<li>Kun haluatte alueenne kaavasta ja kunnallisesta rakennusj\u00e4rjestyksest\u00e4, samoin kuin uudesta rakentamislaista (2025) kaiken irti.<\/li>\n\n\n\n<li>Kun haluatte ainutlaatuisuutta joka tekee vaikutuksen.<\/li>\n\n\n\n<li>Kun haluatte enemm\u00e4n &#8211; silloin valitkaa suunnittelijaksenne arkkitehti!<\/li>\n<\/ul>\n<\/div>\n<\/div>\n<\/div>\n<\/div>\n<\/div>\n<\/div>\n<\/div>\n<\/div>\n\n\n\n<div style=\"height:50px\" aria-hidden=\"true\" class=\"wp-block-spacer\"><\/div>\n\n\n\n<p class=\"has-text-align-center\" style=\"font-size:28px\">Mit\u00e4 tekev\u00e4t arkkitehti, rakennesuunnittelija, ty\u00f6njohtaja ja p\u00e4\u00e4suunnittelija?<\/p>\n\n\n\n<hr class=\"wp-block-separator has-css-opacity is-style-wide\"\/>\n\n\n\n<div class=\"wp-block-columns is-layout-flex wp-container-core-columns-is-layout-9d6595d7 wp-block-columns-is-layout-flex\">\n<div class=\"wp-block-column is-layout-flow wp-block-column-is-layout-flow\" style=\"flex-basis:33.33%\">\n<figure class=\"wp-block-image size-large\"><img loading=\"lazy\" decoding=\"async\" width=\"1024\" height=\"683\" src=\"http:\/\/uusi.soderlund.fi\/wp-content\/uploads\/2021\/06\/pexels-photo-834892-1024x683.jpeg\" alt=\"\" class=\"wp-image-358\" srcset=\"https:\/\/uusi.soderlund.fi\/wp-content\/uploads\/2021\/06\/pexels-photo-834892-1024x683.jpeg 1024w, https:\/\/uusi.soderlund.fi\/wp-content\/uploads\/2021\/06\/pexels-photo-834892-300x200.jpeg 300w, https:\/\/uusi.soderlund.fi\/wp-content\/uploads\/2021\/06\/pexels-photo-834892-768x512.jpeg 768w, https:\/\/uusi.soderlund.fi\/wp-content\/uploads\/2021\/06\/pexels-photo-834892-1536x1024.jpeg 1536w, https:\/\/uusi.soderlund.fi\/wp-content\/uploads\/2021\/06\/pexels-photo-834892-2048x1365.jpeg 2048w\" sizes=\"auto, (max-width: 1024px) 100vw, 1024px\" \/><\/figure>\n<\/div>\n\n\n\n<div class=\"wp-block-column is-vertically-aligned-top is-layout-flow wp-block-column-is-layout-flow\" style=\"flex-basis:66.66%\">\n<div style=\"height:30px\" aria-hidden=\"true\" class=\"wp-block-spacer\"><\/div>\n\n\n\n<ul class=\"wp-block-list\">\n<li><strong>Arkkitehti<\/strong> omaa pitk\u00e4n teknis-taiteellisen yliopistokoulutuksen. Viranomaiset edellytt\u00e4v\u00e4t arkkitehtia vaativammissa suunnittelukohteissa, kuten kulttuurihistoriallisilla alueilla ja -rakennuksissa, usein my\u00f6s ranta-alueilla. (Turku) Suomi on kuuluisa arkkitehdeistaan.<br><\/li>\n\n\n\n<li><strong>Rakennesuunnittelija<\/strong> suunnittelee rakenteet arkkitehdin suunnitelmien perusteella. Rakennesuunnittelija voi my\u00f6s itsen\u00e4isesti suunnitella tavanomaisia rakennuksia &#8211; tosin ilman rakennustaiteellista taustaa. Talotehtaat suunnittelevat omat rakenteensa. V\u00e4hint\u00e4\u00e4n perustusten suunnitteluun tarvitaan kuitenkin aina paikallista rakennesuunnittelijaa.<br><\/li>\n\n\n\n<li><strong>Vastaava<\/strong> <strong>ty\u00f6njohtaja<\/strong> on Suomessa lakis\u00e4\u00e4teinen. H\u00e4n edustaa rakennuttajaa, eik\u00e4 siksi ole l\u00e4ht\u00f6kohtaisesti urakoitsijan taikka talotehtaan palveluksessa. Vastaava ty\u00f6njohtaja koordinoi rakentamisprosessia hyv\u00e4ksyttyjen suunnitelmien perusteella, yhteisty\u00f6ss\u00e4 p\u00e4\u00e4suunnittelijan kanssa, pit\u00e4\u00e4 ty\u00f6maap\u00e4iv\u00e4kirjaa, ja raportoi asiakkaalle ja rakennusvalvontaan. Vastaava ty\u00f6njohtaja kutsuu ty\u00f6maakatselmukset koolle rakennusluvassa edellytetyll\u00e4 tavalla.<br><\/li>\n\n\n\n<li><strong>P\u00e4\u00e4suunnittelija<\/strong> on lakis\u00e4\u00e4teinen kaikissa rakennushankkeissa. H\u00e4nen teht\u00e4viins\u00e4 kuuluu mm. arkkitehti- ja insin\u00f6\u00f6risuunnitelmien ristiinkoordinointi. N\u00e4in varmistetaan suunnitelmien yhteensopivuus siten, etteiv\u00e4t tavoitellut tilataiteelliset tai toiminnalliset ideat toteutusvaiheessa turmellu. Tavanomaisissa rakennuksissa my\u00f6s vastaava ty\u00f6njohtaja tai rakennesuunnittelija voi toimia p\u00e4\u00e4suunnittelijana. <strong>Arkkitehdin on kuitenkin itse aina syyt\u00e4 toimia suunnittelemiensa vaativampien rakennusten p\u00e4\u00e4suunnittelijana &#8211; muuten lopputulos on kaikille yll\u00e4tys.<\/strong><\/li>\n<\/ul>\n<\/div>\n<\/div>\n\n\n\n<div style=\"height:50px\" aria-hidden=\"true\" class=\"wp-block-spacer\"><\/div>\n\n\n\n<p class=\"has-text-align-center\" style=\"font-size:28px\">Miten suunnittelu etenee?<\/p>\n\n\n\n<hr class=\"wp-block-separator has-css-opacity is-style-wide\"\/>\n\n\n\n<p class=\"has-text-align-center\" style=\"font-size:20px\"><strong>Suunnittelun kuusi vaihetta:<\/strong><\/p>\n\n\n\n<p><strong>HANKESUUNNITTELUVAIHE<\/strong><\/p>\n\n\n\n<p><strong>Hankkeen reunaehdot selvitet\u00e4\u00e4n arkkitehtisuunnittelun pohjaksi.<\/strong><\/p>\n\n\n\n<p>P\u00e4\u00e4suunnittelija toteaa kaavam\u00e4\u00e4r\u00e4ykset, kunnan rakennusj\u00e4rjestyksen, tontin ominaisuudet, aiottujen rakennusten sijainnit, k\u00e4ytt\u00f6tarkoitukset ja tilaohjelmat, rakennustavan ja tyylin, materiaalit, l\u00e4mmitystavat, vesihuollon, maa- ja viestiliikenneyhteydet, jne, sek\u00e4 viranomaisten ett\u00e4 rakennuttajan kanssa.<\/p>\n\n\n\n<ul class=\"wp-block-list\">\n<li>Rakennusmittaus osoittaa mahdolliset vanhat rakenteet ja rakennukset.<\/li>\n\n\n\n<li>Laserskannaus aiotusta rakennuspaikasta paljastaa maaston muodot.<\/li>\n\n\n\n<li>Perustamistapalausunto kertoo miten rakennus tulee perustaa &#8211; ja varmistaa ettei aiotusta rakennuspaikasta aiheudu yll\u00e4tt\u00e4vi\u00e4 perustamiskustannuksia.<\/li>\n\n\n\n<li>Alustava asemapiirros (1\/500 tai 1\/200) laaditaan mik\u00e4li edellytet\u00e4\u00e4n kaavamuutosta taikka poikkeamislupaa.<\/li>\n<\/ul>\n\n\n\n<p><strong>LUONNOSSUUNNITTELUVAIHE<\/strong><\/p>\n\n\n\n<p><strong>Asiakkaan tahto muuttuu rakennussuunnitelmiksi.<\/strong><\/p>\n\n\n\n<p>Luonnosvaihe alkaa kun todetaan, ett\u00e4 hanke on sopusoinnussa mahdollisen kaavan, rakennusj\u00e4rjestyksen ja tontin l\u00e4ht\u00f6kohtien sek\u00e4 taloudellisten realiteettien kanssa.<\/p>\n\n\n\n<p>Luonnostelu tehd\u00e4\u00e4n joko asikkan toiveiden pohjalta ennalta sovittujen muutoskertojen (&#8217;luonnosversioiden&#8217;) my\u00f6t\u00e4, taikka sovittamalla talotehtaan valmismalli tarpeellisin muutoksin paikoilleen maastoon, ja lis\u00e4\u00e4m\u00e4ll\u00e4 siihen terassit, laiturit, kulkureitit, j\u00e4tehuolto, ym.<\/p>\n\n\n\n<ul class=\"wp-block-list\">\n<li>Luonnospiirustukset (1\/100 tai 1\/50 riippuen rakennuksen koosta)<\/li>\n\n\n\n<li>Asemapiirros (1\/500 tai 1\/200 riippuen kunnasta)<\/li>\n<\/ul>\n\n\n\n<p><strong>RAKENNUSLUPAVAIHE<\/strong><\/p>\n\n\n\n<p><strong>Rakennussuunnitelma muuttuu rakennuslupahakemukseksi.<\/strong><\/p>\n\n\n\n<p>P\u00e4\u00e4suunnittelija esittelee asiakkaan hyv\u00e4ksym\u00e4t luonnokset \/ alustavat rakennuslupakuvat viranomaisille ja ne p\u00e4ivitet\u00e4\u00e4n palautteen mukaan virallisiksi rakennuslupapiirroksiksi.<\/p>\n\n\n\n<ul class=\"wp-block-list\">\n<li>Viralliset rakennuslupapiirustukset (1\/100 tai 1\/50 + asemapiirros 1\/500 tai 1\/200)<\/li>\n\n\n\n<li>Rakennuslupahakemuksen ja sen lukuisat liitteet laatii tavallisesti p\u00e4\u00e4suunnittelija.<\/li>\n\n\n\n<li>Hakemuksen allekirjoittavaat p\u00e4\u00e4suunnittelija, rakennussuunnittelija (arkkitehti) ja vastaava rakennusty\u00f6njohtaja omissa nimiss\u00e4\u00e4n.<\/li>\n\n\n\n<li>Naapurit kuullaan joko asiakkaan toimesta taikka merkit\u00e4\u00e4n kunta kuulemaan naapurit.<\/li>\n\n\n\n<li>Karttapaketti ja lainhuudatus (max 6 kk vanha) tilataan kunnalta.<\/li>\n<\/ul>\n\n\n\n<p>Rakennuslupahakemuksen piirustuksineen ja liitteineen j\u00e4tt\u00e4\u00e4 sis\u00e4\u00e4n p\u00e4\u00e4sunnittelija.<\/p>\n\n\n\n<p><strong>URAKKASUUNNITTELUVAIHE<\/strong><\/p>\n\n\n\n<p><strong>Rakennuslupa muuttuu urakkasuunnitelmiksi.<\/strong><\/p>\n\n\n\n<ul class=\"wp-block-list\">\n<li>Arkkitehdin urakkasuunnitelma (1\/50) sek\u00e4 sit\u00e4 t\u00e4ydent\u00e4v\u00e4t detaljisuunnitelmat (ovet, ikkunat, portaat, tulisijat, keitti\u00f6t, saniteettitilat jne. 1\/20) laaditaan muiden suunnittelijoiden (RAK, LVIS, Data, sisustus, maarakennus, puutarha) suunnitteluty\u00f6n pohjaksi.<\/li>\n\n\n\n<li>Huonekortit ja rakennustapaselostus t\u00e4sment\u00e4v\u00e4t urakkapiirustuksia tarvittaessa.<\/li>\n\n\n\n<li>P\u00e4\u00e4suunnittelija ristiinvertaa kaikkien suunnittelijoiden urakkasuunnitelmat.<\/li>\n\n\n\n<li>Suunnittelukokouksissa ne yhdenmukaistetaan tarvittaessa.<\/li>\n\n\n\n<li>Urakkasuunnitelmat toimivat urakka- ja materiaalikilpailutusten sek\u00e4 varsinaiden rakentamisty\u00f6n ja laadunvalvonnan perustana.<\/li>\n<\/ul>\n\n\n\n<p><strong>RAKENTAMISVAIHE<\/strong><\/p>\n\n\n\n<p><strong>Urakkasuunnitelmat muuttuvat rakennusty\u00f6maaksi.<\/strong><\/p>\n\n\n\n<p>P\u00e4\u00e4suunnittelija osallistuu ty\u00f6maakatselmuksiin ja -kokouksiin ja vastaa rakentamisen aikaisista suunnitelmien muutoksista ja niiden luvittamisesta yhteisty\u00f6ss\u00e4 kohteen vastaavan rakennusty\u00f6njohtajan kanssa.<\/p>\n\n\n\n<p>Rakennusty\u00f6njohtaja vastaa siit\u00e4, ett\u00e4 rakentaminen tapahtuu hyv\u00e4ksyttyjen rakennuslupa- ja urakkasuunnitelmien, sek\u00e4 lakien, asetusten ja m\u00e4\u00e4r\u00e4ysten mukaisesti.<\/p>\n\n\n\n<p><strong>VALMISTUSVAIHE<\/strong><\/p>\n\n\n\n<p><strong>Rakennusty\u00f6maa muuttuu kodiksi.<\/strong><\/p>\n\n\n\n<p>P\u00e4\u00e4suunnittelija p\u00e4ivitt\u00e4\u00e4 suunnitelmat vastaamaan toteutumaa, j\u00e4rjest\u00e4\u00e4 dokumenttien arkistoinnin sek\u00e4 huolehtii rakennuksen k\u00e4ytt\u00f6tapaohjeistuksesta.<\/p>\n\n\n\n<div style=\"height:30px\" aria-hidden=\"true\" class=\"wp-block-spacer\"><\/div>\n\n\n\n<p class=\"has-text-align-center\" style=\"font-size:28px\">Kuka on Aaro S\u00f6derlund?<\/p>\n\n\n\n<hr class=\"wp-block-separator has-css-opacity is-style-wide\"\/>\n\n\n\n<div class=\"wp-block-columns is-layout-flex wp-container-core-columns-is-layout-9d6595d7 wp-block-columns-is-layout-flex\">\n<div class=\"wp-block-column is-layout-flow wp-block-column-is-layout-flow\" style=\"flex-basis:33.33%\">\n<figure class=\"wp-block-image size-large\"><img loading=\"lazy\" decoding=\"async\" width=\"819\" height=\"1024\" src=\"http:\/\/uusi.soderlund.fi\/wp-content\/uploads\/2021\/06\/unnamed-819x1024.jpg\" alt=\"\" class=\"wp-image-105\" srcset=\"https:\/\/uusi.soderlund.fi\/wp-content\/uploads\/2021\/06\/unnamed-819x1024.jpg 819w, https:\/\/uusi.soderlund.fi\/wp-content\/uploads\/2021\/06\/unnamed-240x300.jpg 240w, https:\/\/uusi.soderlund.fi\/wp-content\/uploads\/2021\/06\/unnamed-768x960.jpg 768w, https:\/\/uusi.soderlund.fi\/wp-content\/uploads\/2021\/06\/unnamed-1229x1536.jpg 1229w, https:\/\/uusi.soderlund.fi\/wp-content\/uploads\/2021\/06\/unnamed-1638x2048.jpg 1638w, https:\/\/uusi.soderlund.fi\/wp-content\/uploads\/2021\/06\/unnamed-scaled.jpg 2048w\" sizes=\"auto, (max-width: 819px) 100vw, 819px\" \/><\/figure>\n<\/div>\n\n\n\n<div class=\"wp-block-column is-vertically-aligned-top is-layout-flow wp-block-column-is-layout-flow\" style=\"flex-basis:66.66%\">\n<div style=\"height:30px\" aria-hidden=\"true\" class=\"wp-block-spacer\"><\/div>\n\n\n\n<p>Saaristolaiset ovat usein monitoimisia \u2019m\u00e5ngsysslareita\u2019.<\/p>\n\n\n\n<p>Aaro on arkkitehti SAFA. H\u00e4n on toiminut suunnittelijana useissa maamme merkitt\u00e4viss\u00e4 arkkitehtitoimistoissa (akateemikko Reima &amp; Raili Pietil\u00e4, Suomen pankin ja Helsingin osakepankin sopimusarkkitehtitoimistot, arkkitehtuuriviennin kannalta merkitt\u00e4v\u00e4 Castren-Jauhiainen-Nuuttila).<\/p>\n\n\n\n<p>Suomessa Aaron oma toimisto on ollut Lappeenrannan kahden l\u00e4hi\u00f6n kv kaavakilpailun (Pikisaari ja Rapasaari) voittaneessa ty\u00f6ryhm\u00e4ss\u00e4, sek\u00e4 saavuttamassa toisen sijan Turun Logomon siltakilpailussa.<\/p>\n\n\n\n<p>Nauvon-Paraisten suursilta on Aaron konseptoima (nykyiselle lauttav\u00e4lille)<\/p>\n\n\n\n<p>Kelluvat ekokaupungit (Floating EcoCities FEC) Kiinan Tianjiniin ja Singaporeen ovat Aaron suurimmat kv. konseptihankkeet.<\/p>\n\n\n\n<p>Aaro on t\u00e4ydennyskouluttautunut laajalti (Aalto-yliopisto, Helsingin yliopisto ja Turun yliopisto, sek\u00e4 Rooman Villa Lanten pitk\u00e4 tieteellinen kurssi)<\/p>\n\n\n\n<p>Aaro on pitk\u00e4n linjan yliopistoluennoitsija Suomessa (Helsingin teknillinen korkeakoulu, Aalto-yliopisto, Turun yliopisto, Lapin yliopisto, Helsingin yliopisto, Helsingin avoin yliopisto, ym).<\/p>\n\n\n\n<p>Ulkomailla Aaro on esitelm\u00f6inyt niin id\u00e4ss\u00e4 (Japani, Kiina ja Singapore), etel\u00e4ss\u00e4 (useat L\u00e4hi-id\u00e4n maat), kuin l\u00e4nness\u00e4kin (Meksiko, USA ja kanadalaiset). Euroopasta mainittakoon vain Royal Society ja British Academy.<\/p>\n\n\n\n<p>L\u00e4hi-id\u00e4ss\u00e4 Aaro on toiminut kaivausarkkitehtina suomalaisilla (Petra, Emmaus) ja lukuisilla kansainv\u00e4lisill\u00e4 arkeologisilla kaivauksilla, sek\u00e4 asiantuntijana, mallintajana, ett\u00e4 animaattorina alan kansainv\u00e4lisiss\u00e4 TV-dokumenteissa (Channel4, World History Channel, ITV).<\/p>\n\n\n\n<p>L\u00e4hi-id\u00e4n kulttuurihistoriallisena asiantuntijana Aaro on toiminut UM:n ja P\u00f6yryn palveluksessa.<\/p>\n\n\n\n<p>Alexandrian majakan rekonstruktiohankkeessa Aaro toimi yhteisty\u00f6ss\u00e4 Alexandrian uuden kirjaston kanssa.<\/p>\n\n\n\n<p>Aaro toimi pitk\u00e4\u00e4n Suomen L\u00e4hi-id\u00e4n instituutin s\u00e4\u00e4ti\u00f6n hallituksessa ja sen kannatusyhdistyksen puheenjohtajana<\/p>\n\n\n\n<p>Aaro on tiedetoimittaja STTL. YLE radio 1:n tiedetoimitukseen h\u00e4n on ollut tekem\u00e4ss\u00e4 pitk\u00e4lti toista sataa tiededokumenttia Euroopan ja L\u00e4hi-id\u00e4n kulttuurihistoriaan liittyvist\u00e4 aiheista. (YLE Areena, YLEn avoin arkisto)<\/p>\n\n\n\n<p>Kunnallishallinnossa Aaro toimii mm. Paraisten rakennus- ja ymp\u00e4rist\u00f6lautakunnan vara-puheenjohtajana.<\/p>\n\n\n\n<p>Maakuntatasolla Aaro toimii Paraisten kaupungin edustajana Varsinais-Suomen liiton Saaristotoimikunnassa.<\/p>\n\n\n\n<p>Aaro ja vaimonsa Uma ovat Suomen Olavinreittien \u2019vanhemmat\u2019 (2007-) &#8211; toiminnastaan on heille my\u00f6nnetty Nauvon perunakn\u00f6\u00f6lin korkea tunnustus.<br>Aaro toimii yh\u00e4 Suomen Olavinreitit ry:n hallituksessa laajentumisvastaavana.<\/p>\n\n\n\n<p>Vuosina 2023-24 Aaro toimi Ahvenanmaan ja Lounais-Suomen rotaripiiri 1410:n kuvern\u00f6\u00f6rin\u00e4.<\/p>\n\n\n\n<p>Arkkitehtitoimisto muutti 2024 Nauvosta Houtskarin N\u00e4sbyhyn.<\/p>\n<\/div>\n<\/div>\n\n\n\n<div style=\"height:30px\" aria-hidden=\"true\" class=\"wp-block-spacer\"><\/div>\n\n\n\n<hr class=\"wp-block-separator has-alpha-channel-opacity is-style-wide\"\/>\n\n\n\n<div class=\"wp-block-columns is-layout-flex wp-container-core-columns-is-layout-9d6595d7 wp-block-columns-is-layout-flex\">\n<div class=\"wp-block-column is-layout-flow wp-block-column-is-layout-flow\"><\/div>\n\n\n\n<div class=\"wp-block-column is-layout-flow wp-block-column-is-layout-flow\">\n<figure class=\"wp-block-image size-large\"><img loading=\"lazy\" decoding=\"async\" width=\"1024\" height=\"251\" src=\"https:\/\/uusi.soderlund.fi\/wp-content\/uploads\/2024\/10\/TEXTLEFT_BLACK_1080x265-13-1024x251.png\" alt=\"\" class=\"wp-image-1466\" srcset=\"https:\/\/uusi.soderlund.fi\/wp-content\/uploads\/2024\/10\/TEXTLEFT_BLACK_1080x265-13-1024x251.png 1024w, https:\/\/uusi.soderlund.fi\/wp-content\/uploads\/2024\/10\/TEXTLEFT_BLACK_1080x265-13-300x74.png 300w, https:\/\/uusi.soderlund.fi\/wp-content\/uploads\/2024\/10\/TEXTLEFT_BLACK_1080x265-13-768x188.png 768w, https:\/\/uusi.soderlund.fi\/wp-content\/uploads\/2024\/10\/TEXTLEFT_BLACK_1080x265-13.png 1080w\" sizes=\"auto, (max-width: 1024px) 100vw, 1024px\" \/><\/figure>\n<\/div>\n<\/div>\n\n\n\n<p><\/p>\n","protected":false},"excerpt":{"rendered":"<p>Mit\u00e4 palveluita tarjoamme? Palvelumme: Kaavasuunnittelu: Rakennussuunnittelu: Toteutussuunnittelu: Rakennusvaihe: Lis\u00e4ksi voidaan poimia erityisalue: Arkkitehtipalvelupakettimme kattaa suunnittelun monivaiheiset prosessit. Rakenne-, LVIS- ja KVV-suunnittelijoiksi ja vastaavaksi ty\u00f6njohtajaksi [&hellip;]<\/p>\n","protected":false},"author":1,"featured_media":0,"parent":0,"menu_order":0,"comment_status":"closed","ping_status":"closed","template":"","meta":{"_uf_show_specific_survey":0,"_uf_disable_surveys":false,"ngg_post_thumbnail":0,"footnotes":""},"class_list":["post-25","page","type-page","status-publish","hentry"],"_links":{"self":[{"href":"https:\/\/uusi.soderlund.fi\/index.php?rest_route=\/wp\/v2\/pages\/25","targetHints":{"allow":["GET"]}}],"collection":[{"href":"https:\/\/uusi.soderlund.fi\/index.php?rest_route=\/wp\/v2\/pages"}],"about":[{"href":"https:\/\/uusi.soderlund.fi\/index.php?rest_route=\/wp\/v2\/types\/page"}],"author":[{"embeddable":true,"href":"https:\/\/uusi.soderlund.fi\/index.php?rest_route=\/wp\/v2\/users\/1"}],"replies":[{"embeddable":true,"href":"https:\/\/uusi.soderlund.fi\/index.php?rest_route=%2Fwp%2Fv2%2Fcomments&post=25"}],"version-history":[{"count":63,"href":"https:\/\/uusi.soderlund.fi\/index.php?rest_route=\/wp\/v2\/pages\/25\/revisions"}],"predecessor-version":[{"id":1468,"href":"https:\/\/uusi.soderlund.fi\/index.php?rest_route=\/wp\/v2\/pages\/25\/revisions\/1468"}],"wp:attachment":[{"href":"https:\/\/uusi.soderlund.fi\/index.php?rest_route=%2Fwp%2Fv2%2Fmedia&parent=25"}],"curies":[{"name":"wp","href":"https:\/\/api.w.org\/{rel}","templated":true}]}}