{"id":23,"date":"2021-06-15T11:03:11","date_gmt":"2021-06-15T08:03:11","guid":{"rendered":"http:\/\/uusi.soderlund.fi\/?page_id=23"},"modified":"2024-06-21T12:12:42","modified_gmt":"2024-06-21T09:12:42","slug":"galleria","status":"publish","type":"page","link":"https:\/\/uusi.soderlund.fi\/?page_id=23","title":{"rendered":"Galleria"},"content":{"rendered":"\n<div class=\"wp-block-cover is-light\" style=\"min-height:360px;aspect-ratio:unset;\"><span aria-hidden=\"true\" class=\"wp-block-cover__background has-background-dim\"><\/span><img loading=\"lazy\" decoding=\"async\" width=\"1024\" height=\"512\" class=\"wp-block-cover__image-background wp-image-869\" alt=\"\" src=\"http:\/\/uusi.soderlund.fi\/wp-content\/uploads\/2023\/06\/Image2_000-1-1024x512.png\" data-object-fit=\"cover\" srcset=\"https:\/\/uusi.soderlund.fi\/wp-content\/uploads\/2023\/06\/Image2_000-1-1024x512.png 1024w, https:\/\/uusi.soderlund.fi\/wp-content\/uploads\/2023\/06\/Image2_000-1-300x150.png 300w, https:\/\/uusi.soderlund.fi\/wp-content\/uploads\/2023\/06\/Image2_000-1-768x384.png 768w, https:\/\/uusi.soderlund.fi\/wp-content\/uploads\/2023\/06\/Image2_000-1-1536x768.png 1536w, https:\/\/uusi.soderlund.fi\/wp-content\/uploads\/2023\/06\/Image2_000-1-2048x1024.png 2048w\" sizes=\"auto, (max-width: 1024px) 100vw, 1024px\" \/><div class=\"wp-block-cover__inner-container is-layout-flow wp-block-cover-is-layout-flow\">\n<p class=\"has-text-align-center has-white-color has-text-color has-large-font-size\">Asunnot ja loma-asunnot<\/p>\n\n\n\n<p class=\"has-text-align-center has-white-color has-text-color\">Esimerkkej\u00e4 toimistomme suunnittelemista asunnoista ja loma-asunnoista<\/p>\n\n\n\n<p class=\"has-text-align-center has-white-color has-text-color\"><a href=\"https:\/\/uusi.soderlund.fi\/?page_id=959\">lue lis\u00e4\u00e4&#8230;<\/a><\/p>\n<\/div><\/div>\n\n\n\n<div class=\"wp-block-cover\" style=\"min-height:360px;aspect-ratio:unset;\"><span aria-hidden=\"true\" class=\"wp-block-cover__background has-background-dim\"><\/span><img loading=\"lazy\" decoding=\"async\" width=\"1024\" height=\"768\" class=\"wp-block-cover__image-background wp-image-880\" alt=\"\" src=\"http:\/\/uusi.soderlund.fi\/wp-content\/uploads\/2023\/06\/GGxG2GJI-1024x768.jpeg\" data-object-fit=\"cover\" srcset=\"https:\/\/uusi.soderlund.fi\/wp-content\/uploads\/2023\/06\/GGxG2GJI-1024x768.jpeg 1024w, https:\/\/uusi.soderlund.fi\/wp-content\/uploads\/2023\/06\/GGxG2GJI-300x225.jpeg 300w, https:\/\/uusi.soderlund.fi\/wp-content\/uploads\/2023\/06\/GGxG2GJI-768x576.jpeg 768w, https:\/\/uusi.soderlund.fi\/wp-content\/uploads\/2023\/06\/GGxG2GJI-1536x1152.jpeg 1536w, https:\/\/uusi.soderlund.fi\/wp-content\/uploads\/2023\/06\/GGxG2GJI-2048x1536.jpeg 2048w, https:\/\/uusi.soderlund.fi\/wp-content\/uploads\/2023\/06\/GGxG2GJI-600x450.jpeg 600w\" sizes=\"auto, (max-width: 1024px) 100vw, 1024px\" \/><div class=\"wp-block-cover__inner-container is-layout-flow wp-block-cover-is-layout-flow\">\n<p class=\"has-text-align-center has-large-font-size\">Saunat ja vierasmajat<\/p>\n\n\n\n<p class=\"has-text-align-center\">Esimerkkej\u00e4 toimistomme suunnittelemista saunarakennuksista ja vierasmajoista<\/p>\n\n\n\n<p class=\"has-text-align-center\"><a href=\"https:\/\/uusi.soderlund.fi\/?page_id=881\">lue lis\u00e4\u00e4&#8230;<\/a><\/p>\n<\/div><\/div>\n\n\n\n<div class=\"wp-block-cover\" style=\"min-height:360px;aspect-ratio:unset;\"><span aria-hidden=\"true\" class=\"wp-block-cover__background has-background-dim\"><\/span><img loading=\"lazy\" decoding=\"async\" width=\"1024\" height=\"768\" class=\"wp-block-cover__image-background wp-image-918\" alt=\"\" src=\"http:\/\/uusi.soderlund.fi\/wp-content\/uploads\/2023\/06\/IMG_8921-1024x768.jpeg\" data-object-fit=\"cover\" srcset=\"https:\/\/uusi.soderlund.fi\/wp-content\/uploads\/2023\/06\/IMG_8921-1024x768.jpeg 1024w, https:\/\/uusi.soderlund.fi\/wp-content\/uploads\/2023\/06\/IMG_8921-300x225.jpeg 300w, https:\/\/uusi.soderlund.fi\/wp-content\/uploads\/2023\/06\/IMG_8921-768x576.jpeg 768w, https:\/\/uusi.soderlund.fi\/wp-content\/uploads\/2023\/06\/IMG_8921-1536x1152.jpeg 1536w, https:\/\/uusi.soderlund.fi\/wp-content\/uploads\/2023\/06\/IMG_8921-2048x1536.jpeg 2048w, https:\/\/uusi.soderlund.fi\/wp-content\/uploads\/2023\/06\/IMG_8921-600x450.jpeg 600w\" sizes=\"auto, (max-width: 1024px) 100vw, 1024px\" \/><div class=\"wp-block-cover__inner-container is-layout-flow wp-block-cover-is-layout-flow\">\n<p class=\"has-text-align-center has-large-font-size\">Liike- ja toimitilat<\/p>\n\n\n\n<p class=\"has-text-align-center\">Esimerkkej\u00e4 toimistomme suunnittelemista liike- ja toimitiloista.<\/p>\n\n\n\n<p class=\"has-text-align-center\"><a href=\"https:\/\/uusi.soderlund.fi\/?page_id=976\">lue lis\u00e4\u00e4&#8230;<\/a><\/p>\n<\/div><\/div>\n\n\n\n<div class=\"wp-block-cover is-light\" style=\"min-height:360px;aspect-ratio:unset;\"><span aria-hidden=\"true\" class=\"wp-block-cover__background has-background-dim\"><\/span><img loading=\"lazy\" decoding=\"async\" width=\"1024\" height=\"823\" class=\"wp-block-cover__image-background wp-image-69\" alt=\"\" src=\"http:\/\/uusi.soderlund.fi\/wp-content\/uploads\/2021\/06\/renovations01-1024x823.jpg\" data-object-fit=\"cover\" srcset=\"https:\/\/uusi.soderlund.fi\/wp-content\/uploads\/2021\/06\/renovations01-1024x823.jpg 1024w, https:\/\/uusi.soderlund.fi\/wp-content\/uploads\/2021\/06\/renovations01-300x241.jpg 300w, https:\/\/uusi.soderlund.fi\/wp-content\/uploads\/2021\/06\/renovations01-768x617.jpg 768w, https:\/\/uusi.soderlund.fi\/wp-content\/uploads\/2021\/06\/renovations01.jpg 1280w\" sizes=\"auto, (max-width: 1024px) 100vw, 1024px\" \/><div class=\"wp-block-cover__inner-container is-layout-flow wp-block-cover-is-layout-flow\">\n<p class=\"has-text-align-center has-white-color has-text-color has-large-font-size\">Entis\u00f6intikohteet<\/p>\n\n\n\n<p class=\"has-text-align-center has-white-color has-text-color\">Esimerkkej\u00e4 toimistomme entis\u00f6intikohteista<\/p>\n\n\n\n<p class=\"has-text-align-center has-white-color has-text-color\"><a href=\"https:\/\/uusi.soderlund.fi\/?page_id=997\">lue lis\u00e4\u00e4&#8230;<\/a><\/p>\n<\/div><\/div>\n\n\n\n<div class=\"wp-block-cover aligncenter\" style=\"min-height:360px;aspect-ratio:unset;\"><span aria-hidden=\"true\" class=\"wp-block-cover__background has-background-dim\"><\/span><img loading=\"lazy\" decoding=\"async\" width=\"844\" height=\"595\" class=\"wp-block-cover__image-background wp-image-65\" alt=\"\" src=\"http:\/\/uusi.soderlund.fi\/wp-content\/uploads\/2021\/06\/largescale11-1.jpg\" data-object-fit=\"cover\" srcset=\"https:\/\/uusi.soderlund.fi\/wp-content\/uploads\/2021\/06\/largescale11-1.jpg 844w, https:\/\/uusi.soderlund.fi\/wp-content\/uploads\/2021\/06\/largescale11-1-300x211.jpg 300w, https:\/\/uusi.soderlund.fi\/wp-content\/uploads\/2021\/06\/largescale11-1-768x541.jpg 768w\" sizes=\"auto, (max-width: 844px) 100vw, 844px\" \/><div class=\"wp-block-cover__inner-container is-layout-flow wp-block-cover-is-layout-flow\">\n<p class=\"has-text-align-center has-large-font-size\">Logomon siltakilpailu<\/p>\n\n\n\n<p class=\"has-text-align-center\">Kilpailuehdotus Turun p\u00e4\u00e4rautatieaseman yhteyteen suunnitellusta k\u00e4velysillasta. <br>Kilpailun 2. sija.<\/p>\n\n\n\n<p class=\"has-text-align-center\"><a href=\"https:\/\/uusi.soderlund.fi\/?page_id=891\">lue lis\u00e4\u00e4&#8230;<\/a><\/p>\n<\/div><\/div>\n\n\n\n<div class=\"wp-block-cover aligncenter\" style=\"min-height:360px;aspect-ratio:unset;\"><span aria-hidden=\"true\" class=\"wp-block-cover__background has-background-dim\"><\/span><img loading=\"lazy\" decoding=\"async\" width=\"1024\" height=\"768\" class=\"wp-block-cover__image-background wp-image-61\" alt=\"\" src=\"http:\/\/uusi.soderlund.fi\/wp-content\/uploads\/2021\/06\/largescale07-1024x768.jpg\" data-object-fit=\"cover\" srcset=\"https:\/\/uusi.soderlund.fi\/wp-content\/uploads\/2021\/06\/largescale07-1024x768.jpg 1024w, https:\/\/uusi.soderlund.fi\/wp-content\/uploads\/2021\/06\/largescale07-300x225.jpg 300w, https:\/\/uusi.soderlund.fi\/wp-content\/uploads\/2021\/06\/largescale07-768x576.jpg 768w, https:\/\/uusi.soderlund.fi\/wp-content\/uploads\/2021\/06\/largescale07-1536x1152.jpg 1536w, https:\/\/uusi.soderlund.fi\/wp-content\/uploads\/2021\/06\/largescale07-2048x1536.jpg 2048w, https:\/\/uusi.soderlund.fi\/wp-content\/uploads\/2021\/06\/largescale07-600x450.jpg 600w\" sizes=\"auto, (max-width: 1024px) 100vw, 1024px\" \/><div class=\"wp-block-cover__inner-container is-layout-flow wp-block-cover-is-layout-flow\">\n<p class=\"has-text-align-center has-white-color has-text-color has-large-font-size\">Siltavisio<\/p>\n\n\n\n<p class=\"has-text-align-center\">Siltavaihtoehto korvaamaan Paraisten &#8211; Nauvon lauttayhteytt\u00e4 <\/p>\n\n\n\n<p class=\"has-text-align-center\"><a href=\"https:\/\/uusi.soderlund.fi\/?page_id=796\">lue lis\u00e4\u00e4&#8230;<\/a><\/p>\n<\/div><\/div>\n","protected":false},"excerpt":{"rendered":"","protected":false},"author":1,"featured_media":0,"parent":0,"menu_order":0,"comment_status":"closed","ping_status":"closed","template":"","meta":{"_uf_show_specific_survey":0,"_uf_disable_surveys":false,"ngg_post_thumbnail":0,"footnotes":""},"class_list":["post-23","page","type-page","status-publish","hentry"],"_links":{"self":[{"href":"https:\/\/uusi.soderlund.fi\/index.php?rest_route=\/wp\/v2\/pages\/23","targetHints":{"allow":["GET"]}}],"collection":[{"href":"https:\/\/uusi.soderlund.fi\/index.php?rest_route=\/wp\/v2\/pages"}],"about":[{"href":"https:\/\/uusi.soderlund.fi\/index.php?rest_route=\/wp\/v2\/types\/page"}],"author":[{"embeddable":true,"href":"https:\/\/uusi.soderlund.fi\/index.php?rest_route=\/wp\/v2\/users\/1"}],"replies":[{"embeddable":true,"href":"https:\/\/uusi.soderlund.fi\/index.php?rest_route=%2Fwp%2Fv2%2Fcomments&post=23"}],"version-history":[{"count":58,"href":"https:\/\/uusi.soderlund.fi\/index.php?rest_route=\/wp\/v2\/pages\/23\/revisions"}],"predecessor-version":[{"id":1227,"href":"https:\/\/uusi.soderlund.fi\/index.php?rest_route=\/wp\/v2\/pages\/23\/revisions\/1227"}],"wp:attachment":[{"href":"https:\/\/uusi.soderlund.fi\/index.php?rest_route=%2Fwp%2Fv2%2Fmedia&parent=23"}],"curies":[{"name":"wp","href":"https:\/\/api.w.org\/{rel}","templated":true}]}}