{"id":22,"date":"2021-06-15T11:03:11","date_gmt":"2021-06-15T08:03:11","guid":{"rendered":"http:\/\/uusi.soderlund.fi\/?page_id=22"},"modified":"2024-10-13T20:36:46","modified_gmt":"2024-10-13T17:36:46","slug":"meista","status":"publish","type":"page","link":"https:\/\/uusi.soderlund.fi\/?page_id=22","title":{"rendered":"Meist\u00e4"},"content":{"rendered":"\n<div style=\"height:100px\" aria-hidden=\"true\" class=\"wp-block-spacer\"><\/div>\n\n\n\n<div class=\"wp-block-columns is-layout-flex wp-container-core-columns-is-layout-9d6595d7 wp-block-columns-is-layout-flex\">\n<div class=\"wp-block-column is-layout-flow wp-block-column-is-layout-flow\" style=\"flex-basis:66.66%\">\n<p style=\"font-size:20px\">Saaristolainen Arkkitehtitoimisto Aaro S\u00f6derlund Oy (per 1990) tarjoaa paikalliset olosuhteet ja rakennusperinteet huomioon ottavia, ekologisesti kest\u00e4vi\u00e4, ainutkertaisia suunnittelupalveluita vakinaisille ja vapaa-ajan asukkaille, taloyhti\u00f6ille, sek\u00e4 yrityksille ja julkiselle sektorille.<\/p>\n\n\n\n<p>Arkkitehtuuripalvelumme kattavat monivaiheiset suunnittelu-, luvitus- ja toteutusprosessit. R\u00e4\u00e4t\u00e4l\u00f6imme teille selke\u00e4n palvelupaketin.<\/p>\n\n\n\n<p>Meilt\u00e4 saatte esisuunnittelun, rakennusmittaukset, rakennussuunnittelun, haluamanne m\u00e4\u00e4r\u00e4n luonnosvaiheita, sek\u00e4 rakennuslupiin ja s\u00e4\u00e4nn\u00f6ksist\u00e4 poikkeamisiin tarvittavat asiakirjat, ja viel\u00e4 toteutus-\/urakkasuunnitelmatkin.<\/p>\n\n\n\n<p>P\u00e4ivitetyill\u00e4 rakennuslupasuunnitelmilla luvitamme mahdolliset rakennust\u00f6iden aikaiset muutokset (&#8217;RAM&#8217;).<\/p>\n\n\n\n<p>Uudisrakennusten lis\u00e4ksi my\u00f6s tyylin mukaiset ennallistukset ja laajennukset (jotka n\u00e4ytt\u00e4v\u00e4t silt\u00e4 kuin rakennus olisi aina ollut n\u00e4in), k\u00e4ytt\u00f6tarkoituksen muutokset (esimerkiksi loma-asuntojen rakennuspaikkojen jalostaminen pysyv\u00e4sti asutetuiksi), ja ranta-asemakaavat sis\u00e4ltyv\u00e4t palveluihimme.<\/p>\n\n\n\n<p>My\u00f6s lakis\u00e4\u00e4teinen p\u00e4\u00e4suunnittelu ja ty\u00f6maan arkkitehtivalvonta sis\u00e4ltyv\u00e4t palveluihimme.<\/p>\n\n\n\n<p>Tarjoamme k\u00e4ytt\u00f6\u00f6nne p\u00e4\u00e4kaupunkiseudulla ja erityisesti Turun saaristossa yli 30 vuoden aikana kertyneen kokemuksemme. Yhteisty\u00f6verkostomme kattaa keskeiset toimijat luontokartoittajista ja rakenne-, LVIS-, ja KVV-suunnittelijoista vastaavan ty\u00f6njohtajan palveluihin.<\/p>\n\n\n\n<p><strong>Uskommekin olevamme Saariston Paras Arkkitehtitoimisto!<\/strong><\/p>\n\n\n\n<p><strong>Olemme valmiita suunnittelemaan talounelmanne todeksi \u2013 yhdess\u00e4 kanssanne!<\/strong><\/p>\n\n\n\n<div style=\"height:50px\" aria-hidden=\"true\" class=\"wp-block-spacer\"><\/div>\n\n\n\n<p>Lis\u00e4\u00e4 tietoa l\u00f6yd\u00e4t FAQ-osiosta<\/p>\n<\/div>\n\n\n\n<div class=\"wp-block-column is-layout-flow wp-block-column-is-layout-flow\">\n<div style=\"height:100px\" aria-hidden=\"true\" class=\"wp-block-spacer\"><\/div>\n<\/div>\n\n\n\n<div class=\"wp-block-column is-layout-flow wp-block-column-is-layout-flow\">\n<div style=\"height:92px\" aria-hidden=\"true\" class=\"wp-block-spacer\"><\/div>\n<\/div>\n\n\n\n<div class=\"wp-block-column is-layout-flow wp-block-column-is-layout-flow\" style=\"flex-basis:33.33%\">\n<p class=\"has-green-color has-text-color\">\u2019T\u00e4m\u00e4n talon tunnelma t\u00e4ytyy itse kokea ja aistia! Aivan mielett\u00f6m\u00e4n hieno kokonaisuus. Upea kivitalo, jossa jokainen kohta on tarkkaan mietitty. Sis\u00e4tilat korkeat ja avarat. Tasoeroilla tuotu t\u00e4h\u00e4n kivasti persoonallisuutta ja kontrastia. Olohuoneen takka tuo l\u00e4mp\u00f6\u00e4 ja sen \u00e4\u00e4ress\u00e4 voi ihailla isoista ikkunoista huikean hienoa n\u00e4kym\u00e4\u00e4 isolle katetulle terassille ja puutarhaan. T\u00e4m\u00e4 koti soveltuu isommallekin perheelle. Puutarhassa on l\u00e4hes kaikkea mist\u00e4 uskallat unelmoida. T\u00e4\u00e4ll\u00e4 kun istut ja kuuntelet veden solinaa, niin unohtuu maailman meno ja arkiset askareet. Varastointitilaa on uskomattoman paljon! Autotalli erikoisuuksineen kelpaa my\u00f6s v\u00e4h\u00e4n vaativammallekin autoharrastelijalle.\u2019<\/p>\n\n\n\n<p class=\"has-green-color has-text-color\">\u2013 RV, kiinteist\u00f6nv\u00e4litt\u00e4j\u00e4<\/p>\n\n\n\n<p class=\"has-blue-color has-text-color\">\u2019Talo on t\u00e4ydellinen kaikissa suhteissa. Se on kokonaisuudessaan toiminut fantastisesti.\u2019<\/p>\n\n\n\n<p class=\"has-blue-color has-text-color\">\u2019Olen eritt\u00e4in tyytyv\u00e4inen p\u00e4\u00e4suunnittelijaan ja valittuun arkkitehtiin!\u2019<\/p>\n\n\n\n<p class=\"has-blue-color has-text-color\">\u2019Nyt on niin kaunista, ett\u00e4 veti kyll\u00e4 hiljaiseksi kerta kaikkiaan, olet huippu! Sulatellaan v\u00e4h\u00e4n ja palataan asiaan.\u2019<\/p>\n\n\n\n<p class=\"has-blue-color has-text-color\">\u2019Aivan loistavaa! Juuri n\u00e4in.\u2019<\/p>\n\n\n\n<p class=\"has-blue-color has-text-color\">\u2013 Tyytyv\u00e4iset Asiakkaat<\/p>\n<\/div>\n<\/div>\n\n\n\n<div style=\"height:60px\" aria-hidden=\"true\" class=\"wp-block-spacer\"><\/div>\n\n\n\n<figure class=\"wp-block-image alignwide size-large\"><img loading=\"lazy\" decoding=\"async\" width=\"1024\" height=\"768\" src=\"http:\/\/uusi.soderlund.fi\/wp-content\/uploads\/2024\/07\/WhatsApp-Image-2024-07-17-at-18.40.26-2-1024x768.jpeg\" alt=\"\" class=\"wp-image-1370\" srcset=\"https:\/\/uusi.soderlund.fi\/wp-content\/uploads\/2024\/07\/WhatsApp-Image-2024-07-17-at-18.40.26-2-1024x768.jpeg 1024w, https:\/\/uusi.soderlund.fi\/wp-content\/uploads\/2024\/07\/WhatsApp-Image-2024-07-17-at-18.40.26-2-300x225.jpeg 300w, https:\/\/uusi.soderlund.fi\/wp-content\/uploads\/2024\/07\/WhatsApp-Image-2024-07-17-at-18.40.26-2-768x576.jpeg 768w, https:\/\/uusi.soderlund.fi\/wp-content\/uploads\/2024\/07\/WhatsApp-Image-2024-07-17-at-18.40.26-2-1536x1152.jpeg 1536w, https:\/\/uusi.soderlund.fi\/wp-content\/uploads\/2024\/07\/WhatsApp-Image-2024-07-17-at-18.40.26-2-600x450.jpeg 600w, https:\/\/uusi.soderlund.fi\/wp-content\/uploads\/2024\/07\/WhatsApp-Image-2024-07-17-at-18.40.26-2.jpeg 1600w\" sizes=\"auto, (max-width: 1024px) 100vw, 1024px\" \/><\/figure>\n\n\n\n<div class=\"wp-block-columns is-layout-flex wp-container-core-columns-is-layout-9d6595d7 wp-block-columns-is-layout-flex\">\n<div class=\"wp-block-column is-layout-flow wp-block-column-is-layout-flow\">\n<figure class=\"wp-block-image size-full\"><img loading=\"lazy\" decoding=\"async\" width=\"955\" height=\"716\" src=\"http:\/\/uusi.soderlund.fi\/wp-content\/uploads\/2024\/07\/WhatsApp-Image-2024-07-17-at-16.41.13-2.jpg\" alt=\"\" class=\"wp-image-1372\" srcset=\"https:\/\/uusi.soderlund.fi\/wp-content\/uploads\/2024\/07\/WhatsApp-Image-2024-07-17-at-16.41.13-2.jpg 955w, https:\/\/uusi.soderlund.fi\/wp-content\/uploads\/2024\/07\/WhatsApp-Image-2024-07-17-at-16.41.13-2-300x225.jpg 300w, https:\/\/uusi.soderlund.fi\/wp-content\/uploads\/2024\/07\/WhatsApp-Image-2024-07-17-at-16.41.13-2-768x576.jpg 768w, https:\/\/uusi.soderlund.fi\/wp-content\/uploads\/2024\/07\/WhatsApp-Image-2024-07-17-at-16.41.13-2-600x450.jpg 600w\" sizes=\"auto, (max-width: 955px) 100vw, 955px\" \/><\/figure>\n<\/div>\n\n\n\n<div class=\"wp-block-column is-layout-flow wp-block-column-is-layout-flow\">\n<figure class=\"wp-block-image size-large\"><img loading=\"lazy\" decoding=\"async\" width=\"1024\" height=\"768\" src=\"http:\/\/uusi.soderlund.fi\/wp-content\/uploads\/2024\/07\/WhatsApp-Image-2024-06-28-at-11.28.17-1-2-1024x768.jpg\" alt=\"\" class=\"wp-image-1371\" srcset=\"https:\/\/uusi.soderlund.fi\/wp-content\/uploads\/2024\/07\/WhatsApp-Image-2024-06-28-at-11.28.17-1-2-1024x768.jpg 1024w, https:\/\/uusi.soderlund.fi\/wp-content\/uploads\/2024\/07\/WhatsApp-Image-2024-06-28-at-11.28.17-1-2-300x225.jpg 300w, https:\/\/uusi.soderlund.fi\/wp-content\/uploads\/2024\/07\/WhatsApp-Image-2024-06-28-at-11.28.17-1-2-768x576.jpg 768w, https:\/\/uusi.soderlund.fi\/wp-content\/uploads\/2024\/07\/WhatsApp-Image-2024-06-28-at-11.28.17-1-2-1536x1152.jpg 1536w, https:\/\/uusi.soderlund.fi\/wp-content\/uploads\/2024\/07\/WhatsApp-Image-2024-06-28-at-11.28.17-1-2-600x450.jpg 600w, https:\/\/uusi.soderlund.fi\/wp-content\/uploads\/2024\/07\/WhatsApp-Image-2024-06-28-at-11.28.17-1-2.jpg 1600w\" sizes=\"auto, (max-width: 1024px) 100vw, 1024px\" \/><\/figure>\n<\/div>\n<\/div>\n\n\n\n<div class=\"wp-block-columns is-layout-flex wp-container-core-columns-is-layout-9d6595d7 wp-block-columns-is-layout-flex\">\n<div class=\"wp-block-column is-layout-flow wp-block-column-is-layout-flow\">\n<figure class=\"wp-block-image size-full\"><img loading=\"lazy\" decoding=\"async\" width=\"1024\" height=\"768\" src=\"http:\/\/uusi.soderlund.fi\/wp-content\/uploads\/2024\/07\/WhatsApp-Image-2024-07-17-at-16.41.14-1-2.jpg\" alt=\"\" class=\"wp-image-1373\" srcset=\"https:\/\/uusi.soderlund.fi\/wp-content\/uploads\/2024\/07\/WhatsApp-Image-2024-07-17-at-16.41.14-1-2.jpg 1024w, https:\/\/uusi.soderlund.fi\/wp-content\/uploads\/2024\/07\/WhatsApp-Image-2024-07-17-at-16.41.14-1-2-300x225.jpg 300w, https:\/\/uusi.soderlund.fi\/wp-content\/uploads\/2024\/07\/WhatsApp-Image-2024-07-17-at-16.41.14-1-2-768x576.jpg 768w, https:\/\/uusi.soderlund.fi\/wp-content\/uploads\/2024\/07\/WhatsApp-Image-2024-07-17-at-16.41.14-1-2-600x450.jpg 600w\" sizes=\"auto, (max-width: 1024px) 100vw, 1024px\" \/><\/figure>\n<\/div>\n\n\n\n<div class=\"wp-block-column is-layout-flow wp-block-column-is-layout-flow\">\n<figure class=\"wp-block-image size-full\"><img loading=\"lazy\" decoding=\"async\" width=\"1024\" height=\"768\" src=\"http:\/\/uusi.soderlund.fi\/wp-content\/uploads\/2024\/07\/WhatsApp-Image-2024-07-17-at-16.41.14-3.jpg\" alt=\"\" class=\"wp-image-1375\" srcset=\"https:\/\/uusi.soderlund.fi\/wp-content\/uploads\/2024\/07\/WhatsApp-Image-2024-07-17-at-16.41.14-3.jpg 1024w, https:\/\/uusi.soderlund.fi\/wp-content\/uploads\/2024\/07\/WhatsApp-Image-2024-07-17-at-16.41.14-3-300x225.jpg 300w, https:\/\/uusi.soderlund.fi\/wp-content\/uploads\/2024\/07\/WhatsApp-Image-2024-07-17-at-16.41.14-3-768x576.jpg 768w, https:\/\/uusi.soderlund.fi\/wp-content\/uploads\/2024\/07\/WhatsApp-Image-2024-07-17-at-16.41.14-3-600x450.jpg 600w\" sizes=\"auto, (max-width: 1024px) 100vw, 1024px\" \/><\/figure>\n<\/div>\n<\/div>\n\n\n\n<hr class=\"wp-block-separator has-alpha-channel-opacity is-style-wide\"\/>\n\n\n\n<div class=\"wp-block-columns is-layout-flex wp-container-core-columns-is-layout-9d6595d7 wp-block-columns-is-layout-flex\">\n<div class=\"wp-block-column is-layout-flow wp-block-column-is-layout-flow\"><\/div>\n\n\n\n<div class=\"wp-block-column is-layout-flow wp-block-column-is-layout-flow\">\n<figure class=\"wp-block-image size-large\"><img loading=\"lazy\" decoding=\"async\" width=\"1024\" height=\"251\" src=\"https:\/\/uusi.soderlund.fi\/wp-content\/uploads\/2024\/10\/TEXTLEFT_BLACK_1080x265-9-1024x251.png\" alt=\"\" class=\"wp-image-1458\" srcset=\"https:\/\/uusi.soderlund.fi\/wp-content\/uploads\/2024\/10\/TEXTLEFT_BLACK_1080x265-9-1024x251.png 1024w, https:\/\/uusi.soderlund.fi\/wp-content\/uploads\/2024\/10\/TEXTLEFT_BLACK_1080x265-9-300x74.png 300w, https:\/\/uusi.soderlund.fi\/wp-content\/uploads\/2024\/10\/TEXTLEFT_BLACK_1080x265-9-768x188.png 768w, https:\/\/uusi.soderlund.fi\/wp-content\/uploads\/2024\/10\/TEXTLEFT_BLACK_1080x265-9.png 1080w\" sizes=\"auto, (max-width: 1024px) 100vw, 1024px\" \/><\/figure>\n<\/div>\n<\/div>\n\n\n\n<p><\/p>\n","protected":false},"excerpt":{"rendered":"<p>Saaristolainen Arkkitehtitoimisto Aaro S\u00f6derlund Oy (per 1990) tarjoaa paikalliset olosuhteet ja rakennusperinteet huomioon ottavia, ekologisesti kest\u00e4vi\u00e4, ainutkertaisia suunnittelupalveluita vakinaisille ja vapaa-ajan asukkaille, taloyhti\u00f6ille, sek\u00e4 [&hellip;]<\/p>\n","protected":false},"author":1,"featured_media":0,"parent":0,"menu_order":0,"comment_status":"closed","ping_status":"closed","template":"","meta":{"_uf_show_specific_survey":0,"_uf_disable_surveys":false,"ngg_post_thumbnail":0,"footnotes":""},"class_list":["post-22","page","type-page","status-publish","hentry"],"_links":{"self":[{"href":"https:\/\/uusi.soderlund.fi\/index.php?rest_route=\/wp\/v2\/pages\/22","targetHints":{"allow":["GET"]}}],"collection":[{"href":"https:\/\/uusi.soderlund.fi\/index.php?rest_route=\/wp\/v2\/pages"}],"about":[{"href":"https:\/\/uusi.soderlund.fi\/index.php?rest_route=\/wp\/v2\/types\/page"}],"author":[{"embeddable":true,"href":"https:\/\/uusi.soderlund.fi\/index.php?rest_route=\/wp\/v2\/users\/1"}],"replies":[{"embeddable":true,"href":"https:\/\/uusi.soderlund.fi\/index.php?rest_route=%2Fwp%2Fv2%2Fcomments&post=22"}],"version-history":[{"count":26,"href":"https:\/\/uusi.soderlund.fi\/index.php?rest_route=\/wp\/v2\/pages\/22\/revisions"}],"predecessor-version":[{"id":1459,"href":"https:\/\/uusi.soderlund.fi\/index.php?rest_route=\/wp\/v2\/pages\/22\/revisions\/1459"}],"wp:attachment":[{"href":"https:\/\/uusi.soderlund.fi\/index.php?rest_route=%2Fwp%2Fv2%2Fmedia&parent=22"}],"curies":[{"name":"wp","href":"https:\/\/api.w.org\/{rel}","templated":true}]}}