{"id":1199,"date":"2023-06-09T16:18:24","date_gmt":"2023-06-09T13:18:24","guid":{"rendered":"https:\/\/uusi.soderlund.fi\/?page_id=1199"},"modified":"2024-09-03T13:27:21","modified_gmt":"2024-09-03T10:27:21","slug":"brovision-2","status":"publish","type":"page","link":"https:\/\/uusi.soderlund.fi\/?page_id=1199&lang=sv","title":{"rendered":"Brovision"},"content":{"rendered":"<div class=\"wp-block-image\">\n<figure class=\"aligncenter size-large\"><img loading=\"lazy\" decoding=\"async\" width=\"1024\" height=\"768\" src=\"http:\/\/uusi.soderlund.fi\/wp-content\/uploads\/2023\/06\/largescale07-1024x768.jpg\" alt=\"\" class=\"wp-image-1092\" srcset=\"https:\/\/uusi.soderlund.fi\/wp-content\/uploads\/2023\/06\/largescale07-1024x768.jpg 1024w, https:\/\/uusi.soderlund.fi\/wp-content\/uploads\/2023\/06\/largescale07-300x225.jpg 300w, https:\/\/uusi.soderlund.fi\/wp-content\/uploads\/2023\/06\/largescale07-768x576.jpg 768w, https:\/\/uusi.soderlund.fi\/wp-content\/uploads\/2023\/06\/largescale07-1536x1152.jpg 1536w, https:\/\/uusi.soderlund.fi\/wp-content\/uploads\/2023\/06\/largescale07-2048x1536.jpg 2048w, https:\/\/uusi.soderlund.fi\/wp-content\/uploads\/2023\/06\/largescale07-600x450.jpg 600w\" sizes=\"auto, (max-width: 1024px) 100vw, 1024px\" \/><\/figure>\n<\/div>\n\n\n<div class=\"wp-block-columns is-layout-flex wp-container-core-columns-is-layout-9d6595d7 wp-block-columns-is-layout-flex\">\n<div class=\"wp-block-column is-layout-flow wp-block-column-is-layout-flow\" style=\"flex-basis:25%\"><\/div>\n\n\n\n<div class=\"wp-block-column is-layout-flow wp-block-column-is-layout-flow\" style=\"flex-basis:50%\">\n<p>Sk\u00e4rg\u00e5rdsv\u00e4gen 180 \u00e4r Finlands strategiska koppling till landskapet \u00c5land, Sverige, Skandinavien och Europa. Det \u00e4r ocks\u00e5 \u00c5lands viktiga navelstr\u00e4ng till fastlandet.\u00a0<\/p>\n\n\n\n<p>Den h\u00e4r presenterade &#8217;Bron till sk\u00e4rg\u00e5rden&#8217; blev aktuell n\u00e4r det 2015 b\u00f6rjade se ut som att f\u00e4rjef\u00f6rbindelserna till sk\u00e4rg\u00e5rden inte l\u00e4ngre skulle fungera p\u00e5 en tillr\u00e4cklig och trov\u00e4rdig niv\u00e5. Flera neddragningar av anslag, nyttjander\u00e4tter och tidtabeller f\u00f6r v\u00e4gf\u00e4rjor eller hot mot dem ledde till att vardags- och n\u00e4ringslivet blev alltmer os\u00e4kra i stora delar av Sk\u00e4rg\u00e5rden. Ju l\u00e4ngre bort fr\u00e5n fastlandet och ju fler f\u00e4rjor man l\u00e5g bakom, desto st\u00f6rre var den upprepade negativa effekten.<\/p>\n\n\n\n<p>Fr\u00e5n v\u00e5ren 2016 b\u00f6rjade \u00e5l\u00e4nningarna att ans\u00f6ka om f\u00e4rdr\u00e4ttstillst\u00e5nd f\u00f6r f\u00e4rjan mellan Nagu och Pargas. N\u00e4r f\u00f6rbindelsen h\u00e4r hotade att f\u00f6rsvagas k\u00e4ndes ringverkan \u00e4nda till Mariehamn.<\/p>\n\n\n\n<p>Den raka bron \u00e4r en konceptplan, vars syfte \u00e4r att uppm\u00e4rksamma allm\u00e4nheten p\u00e5 detta problem.<\/p>\n\n\n\n<p>Nu har f\u00e4rje\u00f6verfarten f\u00e5tt nya superf\u00e4rjor!<\/p>\n<\/div>\n\n\n\n<div class=\"wp-block-column is-layout-flow wp-block-column-is-layout-flow\" style=\"flex-basis:25%\"><\/div>\n<\/div>\n\n\n<div class=\"wp-block-image\">\n<figure class=\"aligncenter size-large\"><img loading=\"lazy\" decoding=\"async\" width=\"1024\" height=\"626\" src=\"http:\/\/uusi.soderlund.fi\/wp-content\/uploads\/2021\/06\/largescale08-1024x626.jpg\" alt=\"\" class=\"wp-image-62\" srcset=\"https:\/\/uusi.soderlund.fi\/wp-content\/uploads\/2021\/06\/largescale08-1024x626.jpg 1024w, https:\/\/uusi.soderlund.fi\/wp-content\/uploads\/2021\/06\/largescale08-300x183.jpg 300w, https:\/\/uusi.soderlund.fi\/wp-content\/uploads\/2021\/06\/largescale08-768x469.jpg 768w, https:\/\/uusi.soderlund.fi\/wp-content\/uploads\/2021\/06\/largescale08.jpg 1420w\" sizes=\"auto, (max-width: 1024px) 100vw, 1024px\" \/><\/figure>\n<\/div>\n\n<div class=\"wp-block-image\">\n<figure class=\"aligncenter size-large\"><img loading=\"lazy\" decoding=\"async\" width=\"1024\" height=\"721\" src=\"http:\/\/uusi.soderlund.fi\/wp-content\/uploads\/2021\/06\/largescale09-1024x721.jpg\" alt=\"\" class=\"wp-image-63\" srcset=\"https:\/\/uusi.soderlund.fi\/wp-content\/uploads\/2021\/06\/largescale09-1024x721.jpg 1024w, https:\/\/uusi.soderlund.fi\/wp-content\/uploads\/2021\/06\/largescale09-300x211.jpg 300w, https:\/\/uusi.soderlund.fi\/wp-content\/uploads\/2021\/06\/largescale09-768x541.jpg 768w, https:\/\/uusi.soderlund.fi\/wp-content\/uploads\/2021\/06\/largescale09.jpg 1420w\" sizes=\"auto, (max-width: 1024px) 100vw, 1024px\" \/><\/figure>\n<\/div>\n\n\n<div style=\"height:100px\" aria-hidden=\"true\" class=\"wp-block-spacer\"><\/div>\n\n\n\n<figure class=\"wp-block-embed is-type-video is-provider-youtube wp-block-embed-youtube wp-embed-aspect-4-3 wp-has-aspect-ratio\"><div class=\"wp-block-embed__wrapper\">\n<iframe loading=\"lazy\" title=\"Brovision - Siltavisio\" width=\"525\" height=\"394\" src=\"https:\/\/www.youtube.com\/embed\/MtWh2AtmR_w?feature=oembed\" frameborder=\"0\" allow=\"accelerometer; autoplay; clipboard-write; encrypted-media; gyroscope; picture-in-picture; web-share\" referrerpolicy=\"strict-origin-when-cross-origin\" allowfullscreen><\/iframe>\n<\/div><\/figure>\n","protected":false},"excerpt":{"rendered":"<p>Sk\u00e4rg\u00e5rdsv\u00e4gen 180 \u00e4r Finlands strategiska koppling till landskapet \u00c5land, Sverige, Skandinavien och Europa. Det \u00e4r ocks\u00e5 \u00c5lands viktiga navelstr\u00e4ng till fastlandet.\u00a0 Den h\u00e4r presenterade [&hellip;]<\/p>\n","protected":false},"author":1,"featured_media":0,"parent":0,"menu_order":0,"comment_status":"closed","ping_status":"closed","template":"","meta":{"_uf_show_specific_survey":0,"_uf_disable_surveys":false,"ngg_post_thumbnail":0,"footnotes":""},"class_list":["post-1199","page","type-page","status-publish","hentry"],"_links":{"self":[{"href":"https:\/\/uusi.soderlund.fi\/index.php?rest_route=\/wp\/v2\/pages\/1199","targetHints":{"allow":["GET"]}}],"collection":[{"href":"https:\/\/uusi.soderlund.fi\/index.php?rest_route=\/wp\/v2\/pages"}],"about":[{"href":"https:\/\/uusi.soderlund.fi\/index.php?rest_route=\/wp\/v2\/types\/page"}],"author":[{"embeddable":true,"href":"https:\/\/uusi.soderlund.fi\/index.php?rest_route=\/wp\/v2\/users\/1"}],"replies":[{"embeddable":true,"href":"https:\/\/uusi.soderlund.fi\/index.php?rest_route=%2Fwp%2Fv2%2Fcomments&post=1199"}],"version-history":[{"count":3,"href":"https:\/\/uusi.soderlund.fi\/index.php?rest_route=\/wp\/v2\/pages\/1199\/revisions"}],"predecessor-version":[{"id":1420,"href":"https:\/\/uusi.soderlund.fi\/index.php?rest_route=\/wp\/v2\/pages\/1199\/revisions\/1420"}],"wp:attachment":[{"href":"https:\/\/uusi.soderlund.fi\/index.php?rest_route=%2Fwp%2Fv2%2Fmedia&parent=1199"}],"curies":[{"name":"wp","href":"https:\/\/api.w.org\/{rel}","templated":true}]}}