{"id":1194,"date":"2023-06-09T16:14:07","date_gmt":"2023-06-09T13:14:07","guid":{"rendered":"https:\/\/uusi.soderlund.fi\/?page_id=1194"},"modified":"2024-09-03T13:26:01","modified_gmt":"2024-09-03T10:26:01","slug":"logomo-brotavling","status":"publish","type":"page","link":"https:\/\/uusi.soderlund.fi\/?page_id=1194&lang=sv","title":{"rendered":"Logomo brot\u00e4vling"},"content":{"rendered":"<div class=\"wp-block-image\">\n<figure class=\"aligncenter size-full\"><img loading=\"lazy\" decoding=\"async\" width=\"844\" height=\"595\" src=\"http:\/\/uusi.soderlund.fi\/wp-content\/uploads\/2023\/06\/largescale11.jpg\" alt=\"\" class=\"wp-image-1094\" srcset=\"https:\/\/uusi.soderlund.fi\/wp-content\/uploads\/2023\/06\/largescale11.jpg 844w, https:\/\/uusi.soderlund.fi\/wp-content\/uploads\/2023\/06\/largescale11-300x211.jpg 300w, https:\/\/uusi.soderlund.fi\/wp-content\/uploads\/2023\/06\/largescale11-768x541.jpg 768w\" sizes=\"auto, (max-width: 844px) 100vw, 844px\" \/><\/figure>\n<\/div>\n\n\n<div class=\"wp-block-columns is-layout-flex wp-container-core-columns-is-layout-9d6595d7 wp-block-columns-is-layout-flex\">\n<div class=\"wp-block-column is-layout-flow wp-block-column-is-layout-flow\" style=\"flex-basis:25%\"><\/div>\n\n\n\n<div class=\"wp-block-column is-layout-flow wp-block-column-is-layout-flow\" style=\"flex-basis:50%\">\n<p>En t\u00e4vling f\u00f6r inbjudna deltagare f\u00f6r g\u00e5ngbron \u00f6ver \u00c5bo centralstations bang\u00e5rd anordnades f\u00f6r 6 utvalda arbetsgrupper i november 2015 ovh avslutades sommaren 2016. V\u00e5rt f\u00f6rslag tog andra plats. I var arbetsgrupp ingick Finlands ledande brodesigner WSP Finland under ledning av Pekka Pulkkinen och Esko J\u00e4rvenp\u00e4\u00e4, Arkitektbyr\u00e5n Jussi Tervaoja, energi- och ljusdesignern Janne K\u00e4pylehto och den internationellt erk\u00e4nde sk\u00e4rg\u00e5rdsdesignern Stefan Lindfors.<\/p>\n<\/div>\n\n\n\n<div class=\"wp-block-column is-layout-flow wp-block-column-is-layout-flow\" style=\"flex-basis:25%\"><\/div>\n<\/div>\n\n\n<div class=\"wp-block-image\">\n<figure class=\"aligncenter size-large\"><img loading=\"lazy\" decoding=\"async\" width=\"1024\" height=\"723\" src=\"http:\/\/uusi.soderlund.fi\/wp-content\/uploads\/2023\/06\/largescale13-1024x723.jpg\" alt=\"\" class=\"wp-image-1096\" srcset=\"https:\/\/uusi.soderlund.fi\/wp-content\/uploads\/2023\/06\/largescale13-1024x723.jpg 1024w, https:\/\/uusi.soderlund.fi\/wp-content\/uploads\/2023\/06\/largescale13-300x212.jpg 300w, https:\/\/uusi.soderlund.fi\/wp-content\/uploads\/2023\/06\/largescale13-768x542.jpg 768w, https:\/\/uusi.soderlund.fi\/wp-content\/uploads\/2023\/06\/largescale13-1536x1085.jpg 1536w, https:\/\/uusi.soderlund.fi\/wp-content\/uploads\/2023\/06\/largescale13.jpg 1756w\" sizes=\"auto, (max-width: 1024px) 100vw, 1024px\" \/><\/figure>\n<\/div>\n\n\n<div class=\"wp-block-columns is-layout-flex wp-container-core-columns-is-layout-9d6595d7 wp-block-columns-is-layout-flex\">\n<div class=\"wp-block-column is-layout-flow wp-block-column-is-layout-flow\" style=\"flex-basis:25%\"><\/div>\n\n\n\n<div class=\"wp-block-column is-layout-flow wp-block-column-is-layout-flow\" style=\"flex-basis:50%\">\n<p>En\u00a0viktig aspekt av v\u00e5rt f\u00f6rslag \u00e4r id\u00e9n om en tunnel f\u00f6r l\u00e4tt trafik som g\u00e5r genom Puolalanm\u00e4ki under museet, och skulle binda ihop t\u00e5gstationen och Logomo med \u00c5bo torg och centrum. F\u00f6rslaget prisades f\u00f6r sitt dj\u00e4rva och unika utseende, som &#8221;&#8230;\u00e4r ett sj\u00e4lvst\u00e4ndigt och oberoende konstverk&#8221;, samt dess funktionalitet och omfattande h\u00e4nsyn till olika anv\u00e4ndargrupper.<\/p>\n<\/div>\n\n\n\n<div class=\"wp-block-column is-layout-flow wp-block-column-is-layout-flow\" style=\"flex-basis:25%\"><\/div>\n<\/div>\n\n\n\n<div class=\"wp-block-columns is-layout-flex wp-container-core-columns-is-layout-9d6595d7 wp-block-columns-is-layout-flex\">\n<div class=\"wp-block-column is-layout-flow wp-block-column-is-layout-flow\">\n<figure class=\"wp-block-image size-full\"><img loading=\"lazy\" decoding=\"async\" width=\"842\" height=\"595\" src=\"http:\/\/uusi.soderlund.fi\/wp-content\/uploads\/2023\/06\/largescale10.jpg\" alt=\"\" class=\"wp-image-1093\" srcset=\"https:\/\/uusi.soderlund.fi\/wp-content\/uploads\/2023\/06\/largescale10.jpg 842w, https:\/\/uusi.soderlund.fi\/wp-content\/uploads\/2023\/06\/largescale10-300x212.jpg 300w, https:\/\/uusi.soderlund.fi\/wp-content\/uploads\/2023\/06\/largescale10-768x543.jpg 768w\" sizes=\"auto, (max-width: 842px) 100vw, 842px\" \/><\/figure>\n<\/div>\n\n\n\n<div class=\"wp-block-column is-layout-flow wp-block-column-is-layout-flow\">\n<figure class=\"wp-block-image size-large\"><img loading=\"lazy\" decoding=\"async\" width=\"1024\" height=\"722\" src=\"http:\/\/uusi.soderlund.fi\/wp-content\/uploads\/2023\/06\/largescale12-1024x722.jpg\" alt=\"\" class=\"wp-image-1095\" srcset=\"https:\/\/uusi.soderlund.fi\/wp-content\/uploads\/2023\/06\/largescale12-1024x722.jpg 1024w, https:\/\/uusi.soderlund.fi\/wp-content\/uploads\/2023\/06\/largescale12-300x212.jpg 300w, https:\/\/uusi.soderlund.fi\/wp-content\/uploads\/2023\/06\/largescale12-768x542.jpg 768w, https:\/\/uusi.soderlund.fi\/wp-content\/uploads\/2023\/06\/largescale12.jpg 1280w\" sizes=\"auto, (max-width: 1024px) 100vw, 1024px\" \/><\/figure>\n<\/div>\n<\/div>\n","protected":false},"excerpt":{"rendered":"<p>En t\u00e4vling f\u00f6r inbjudna deltagare f\u00f6r g\u00e5ngbron \u00f6ver \u00c5bo centralstations bang\u00e5rd anordnades f\u00f6r 6 utvalda arbetsgrupper i november 2015 ovh avslutades sommaren 2016. V\u00e5rt [&hellip;]<\/p>\n","protected":false},"author":1,"featured_media":0,"parent":0,"menu_order":0,"comment_status":"closed","ping_status":"closed","template":"","meta":{"_uf_show_specific_survey":0,"_uf_disable_surveys":false,"ngg_post_thumbnail":0,"footnotes":""},"class_list":["post-1194","page","type-page","status-publish","hentry"],"_links":{"self":[{"href":"https:\/\/uusi.soderlund.fi\/index.php?rest_route=\/wp\/v2\/pages\/1194","targetHints":{"allow":["GET"]}}],"collection":[{"href":"https:\/\/uusi.soderlund.fi\/index.php?rest_route=\/wp\/v2\/pages"}],"about":[{"href":"https:\/\/uusi.soderlund.fi\/index.php?rest_route=\/wp\/v2\/types\/page"}],"author":[{"embeddable":true,"href":"https:\/\/uusi.soderlund.fi\/index.php?rest_route=\/wp\/v2\/users\/1"}],"replies":[{"embeddable":true,"href":"https:\/\/uusi.soderlund.fi\/index.php?rest_route=%2Fwp%2Fv2%2Fcomments&post=1194"}],"version-history":[{"count":3,"href":"https:\/\/uusi.soderlund.fi\/index.php?rest_route=\/wp\/v2\/pages\/1194\/revisions"}],"predecessor-version":[{"id":1418,"href":"https:\/\/uusi.soderlund.fi\/index.php?rest_route=\/wp\/v2\/pages\/1194\/revisions\/1418"}],"wp:attachment":[{"href":"https:\/\/uusi.soderlund.fi\/index.php?rest_route=%2Fwp%2Fv2%2Fmedia&parent=1194"}],"curies":[{"name":"wp","href":"https:\/\/api.w.org\/{rel}","templated":true}]}}