{"id":1186,"date":"2023-06-09T16:06:58","date_gmt":"2023-06-09T13:06:58","guid":{"rendered":"https:\/\/uusi.soderlund.fi\/?page_id=1186"},"modified":"2024-09-03T13:15:18","modified_gmt":"2024-09-03T10:15:18","slug":"affarslokaler","status":"publish","type":"page","link":"https:\/\/uusi.soderlund.fi\/?page_id=1186&lang=sv","title":{"rendered":"Kommersiella byggnader"},"content":{"rendered":"<div class=\"wp-block-image\">\n<figure class=\"aligncenter size-large\"><img loading=\"lazy\" decoding=\"async\" width=\"1024\" height=\"413\" src=\"http:\/\/uusi.soderlund.fi\/wp-content\/uploads\/2023\/06\/97OYN02A-1024x413.jpeg\" alt=\"\" class=\"wp-image-981\" srcset=\"https:\/\/uusi.soderlund.fi\/wp-content\/uploads\/2023\/06\/97OYN02A-1024x413.jpeg 1024w, https:\/\/uusi.soderlund.fi\/wp-content\/uploads\/2023\/06\/97OYN02A-300x121.jpeg 300w, https:\/\/uusi.soderlund.fi\/wp-content\/uploads\/2023\/06\/97OYN02A-768x310.jpeg 768w, https:\/\/uusi.soderlund.fi\/wp-content\/uploads\/2023\/06\/97OYN02A-1536x620.jpeg 1536w, https:\/\/uusi.soderlund.fi\/wp-content\/uploads\/2023\/06\/97OYN02A-2048x827.jpeg 2048w\" sizes=\"auto, (max-width: 1024px) 100vw, 1024px\" \/><\/figure>\n<\/div>\n\n\n<div class=\"wp-block-columns is-layout-flex wp-container-core-columns-is-layout-9d6595d7 wp-block-columns-is-layout-flex\">\n<div class=\"wp-block-column is-layout-flow wp-block-column-is-layout-flow\" style=\"flex-basis:25%\"><\/div>\n\n\n\n<div class=\"wp-block-column is-layout-flow wp-block-column-is-layout-flow\" style=\"flex-basis:50%\">\n<p class=\"has-text-align-center has-black-color has-text-color\" style=\"font-size:20px\">Nagu torghall Kajutan<\/p>\n\n\n\n<p>Byggd av vackra stockar med levande yta st\u00e5r den st\u00e4mningsfulla och flexibla inglasade saluhallen i anslutning till andra tj\u00e4nster i Nagu s\u00f6dra hamn. P\u00e5 grund av stockpelar-balksystemet har utrymmet blivit \u00f6ppet, vilket m\u00f6jligg\u00f6r flexibelt en samtidig drift av butiker och funktioner i olika storlekar. Vikingatida b\u00e5thallar har inspirerat denna byggnad.<\/p>\n<\/div>\n\n\n\n<div class=\"wp-block-column is-layout-flow wp-block-column-is-layout-flow\" style=\"flex-basis:25%\"><\/div>\n<\/div>\n\n\n\n<div class=\"wp-block-columns is-layout-flex wp-container-core-columns-is-layout-9d6595d7 wp-block-columns-is-layout-flex\">\n<div class=\"wp-block-column is-layout-flow wp-block-column-is-layout-flow\">\n<figure class=\"wp-block-image size-large\"><img loading=\"lazy\" decoding=\"async\" width=\"1024\" height=\"683\" src=\"http:\/\/uusi.soderlund.fi\/wp-content\/uploads\/2023\/06\/tori-2-1024x683.jpg\" alt=\"\" class=\"wp-image-989\" srcset=\"https:\/\/uusi.soderlund.fi\/wp-content\/uploads\/2023\/06\/tori-2-1024x683.jpg 1024w, https:\/\/uusi.soderlund.fi\/wp-content\/uploads\/2023\/06\/tori-2-300x200.jpg 300w, https:\/\/uusi.soderlund.fi\/wp-content\/uploads\/2023\/06\/tori-2-768x512.jpg 768w, https:\/\/uusi.soderlund.fi\/wp-content\/uploads\/2023\/06\/tori-2-1536x1024.jpg 1536w, https:\/\/uusi.soderlund.fi\/wp-content\/uploads\/2023\/06\/tori-2.jpg 2048w\" sizes=\"auto, (max-width: 1024px) 100vw, 1024px\" \/><\/figure>\n<\/div>\n\n\n\n<div class=\"wp-block-column is-layout-flow wp-block-column-is-layout-flow\">\n<figure class=\"wp-block-image size-large\"><img loading=\"lazy\" decoding=\"async\" width=\"1024\" height=\"683\" src=\"http:\/\/uusi.soderlund.fi\/wp-content\/uploads\/2023\/06\/tori-1-1024x683.jpg\" alt=\"\" class=\"wp-image-988\" srcset=\"https:\/\/uusi.soderlund.fi\/wp-content\/uploads\/2023\/06\/tori-1-1024x683.jpg 1024w, https:\/\/uusi.soderlund.fi\/wp-content\/uploads\/2023\/06\/tori-1-300x200.jpg 300w, https:\/\/uusi.soderlund.fi\/wp-content\/uploads\/2023\/06\/tori-1-768x512.jpg 768w, https:\/\/uusi.soderlund.fi\/wp-content\/uploads\/2023\/06\/tori-1-1536x1024.jpg 1536w, https:\/\/uusi.soderlund.fi\/wp-content\/uploads\/2023\/06\/tori-1.jpg 2048w\" sizes=\"auto, (max-width: 1024px) 100vw, 1024px\" \/><\/figure>\n<\/div>\n<\/div>\n\n\n\n<hr class=\"wp-block-separator has-alpha-channel-opacity is-style-wide\"\/>\n\n\n\n<div style=\"height:40px\" aria-hidden=\"true\" class=\"wp-block-spacer\"><\/div>\n\n\n<div class=\"wp-block-image\">\n<figure class=\"aligncenter size-large\"><img loading=\"lazy\" decoding=\"async\" width=\"1024\" height=\"576\" src=\"http:\/\/uusi.soderlund.fi\/wp-content\/uploads\/2023\/06\/satamamyymala-1-1024x576.jpg\" alt=\"\" class=\"wp-image-991\" srcset=\"https:\/\/uusi.soderlund.fi\/wp-content\/uploads\/2023\/06\/satamamyymala-1-1024x576.jpg 1024w, https:\/\/uusi.soderlund.fi\/wp-content\/uploads\/2023\/06\/satamamyymala-1-300x169.jpg 300w, https:\/\/uusi.soderlund.fi\/wp-content\/uploads\/2023\/06\/satamamyymala-1-768x432.jpg 768w, https:\/\/uusi.soderlund.fi\/wp-content\/uploads\/2023\/06\/satamamyymala-1-1536x864.jpg 1536w, https:\/\/uusi.soderlund.fi\/wp-content\/uploads\/2023\/06\/satamamyymala-1.jpg 2048w\" sizes=\"auto, (max-width: 1024px) 100vw, 1024px\" \/><\/figure>\n<\/div>\n\n\n<div class=\"wp-block-columns is-layout-flex wp-container-core-columns-is-layout-9d6595d7 wp-block-columns-is-layout-flex\">\n<div class=\"wp-block-column is-layout-flow wp-block-column-is-layout-flow\" style=\"flex-basis:25%\"><\/div>\n\n\n\n<div class=\"wp-block-column is-layout-flow wp-block-column-is-layout-flow\" style=\"flex-basis:50%\">\n<p class=\"has-text-align-center has-black-color has-text-color\" style=\"font-size:20px\">Nagu g\u00e4sthamns aff\u00e4rslokaler<\/p>\n\n\n\n<p>Aff\u00e4rslokalerna i g\u00e4sthamnen best\u00e5r av en informationskiosk, butiker &#8211; varav tv\u00e5 utg\u00f6r porten till omr\u00e5det &#8211; en strandrestaurang och en t\u00e4ckt terrass framf\u00f6r den.<\/p>\n<\/div>\n\n\n\n<div class=\"wp-block-column is-layout-flow wp-block-column-is-layout-flow\" style=\"flex-basis:25%\"><\/div>\n<\/div>\n\n\n\n<div class=\"wp-block-columns is-layout-flex wp-container-core-columns-is-layout-9d6595d7 wp-block-columns-is-layout-flex\">\n<div class=\"wp-block-column is-layout-flow wp-block-column-is-layout-flow\">\n<figure class=\"wp-block-image size-large\"><img loading=\"lazy\" decoding=\"async\" width=\"1024\" height=\"683\" src=\"http:\/\/uusi.soderlund.fi\/wp-content\/uploads\/2023\/06\/satamamyymala-3-1024x683.jpg\" alt=\"\" class=\"wp-image-993\" srcset=\"https:\/\/uusi.soderlund.fi\/wp-content\/uploads\/2023\/06\/satamamyymala-3-1024x683.jpg 1024w, https:\/\/uusi.soderlund.fi\/wp-content\/uploads\/2023\/06\/satamamyymala-3-300x200.jpg 300w, https:\/\/uusi.soderlund.fi\/wp-content\/uploads\/2023\/06\/satamamyymala-3-768x512.jpg 768w, https:\/\/uusi.soderlund.fi\/wp-content\/uploads\/2023\/06\/satamamyymala-3-1536x1024.jpg 1536w, https:\/\/uusi.soderlund.fi\/wp-content\/uploads\/2023\/06\/satamamyymala-3.jpg 2048w\" sizes=\"auto, (max-width: 1024px) 100vw, 1024px\" \/><\/figure>\n<\/div>\n\n\n\n<div class=\"wp-block-column is-layout-flow wp-block-column-is-layout-flow\">\n<figure class=\"wp-block-image size-large\"><img loading=\"lazy\" decoding=\"async\" width=\"1024\" height=\"683\" src=\"http:\/\/uusi.soderlund.fi\/wp-content\/uploads\/2023\/06\/satamamyymala-4-1024x683.jpg\" alt=\"\" class=\"wp-image-990\" srcset=\"https:\/\/uusi.soderlund.fi\/wp-content\/uploads\/2023\/06\/satamamyymala-4-1024x683.jpg 1024w, https:\/\/uusi.soderlund.fi\/wp-content\/uploads\/2023\/06\/satamamyymala-4-300x200.jpg 300w, https:\/\/uusi.soderlund.fi\/wp-content\/uploads\/2023\/06\/satamamyymala-4-768x512.jpg 768w, https:\/\/uusi.soderlund.fi\/wp-content\/uploads\/2023\/06\/satamamyymala-4-1536x1024.jpg 1536w, https:\/\/uusi.soderlund.fi\/wp-content\/uploads\/2023\/06\/satamamyymala-4.jpg 2048w\" sizes=\"auto, (max-width: 1024px) 100vw, 1024px\" \/><\/figure>\n<\/div>\n<\/div>\n\n\n<div class=\"wp-block-image\">\n<figure class=\"aligncenter size-large\"><img loading=\"lazy\" decoding=\"async\" width=\"1024\" height=\"683\" src=\"http:\/\/uusi.soderlund.fi\/wp-content\/uploads\/2023\/06\/mYR8YSKc-1024x683.jpeg\" alt=\"\" class=\"wp-image-987\" srcset=\"https:\/\/uusi.soderlund.fi\/wp-content\/uploads\/2023\/06\/mYR8YSKc-1024x683.jpeg 1024w, https:\/\/uusi.soderlund.fi\/wp-content\/uploads\/2023\/06\/mYR8YSKc-300x200.jpeg 300w, https:\/\/uusi.soderlund.fi\/wp-content\/uploads\/2023\/06\/mYR8YSKc-768x512.jpeg 768w, https:\/\/uusi.soderlund.fi\/wp-content\/uploads\/2023\/06\/mYR8YSKc-1536x1024.jpeg 1536w, https:\/\/uusi.soderlund.fi\/wp-content\/uploads\/2023\/06\/mYR8YSKc-2048x1365.jpeg 2048w\" sizes=\"auto, (max-width: 1024px) 100vw, 1024px\" \/><\/figure>\n<\/div>\n\n\n<hr class=\"wp-block-separator has-alpha-channel-opacity is-style-wide\"\/>\n\n\n\n<div style=\"height:40px\" aria-hidden=\"true\" class=\"wp-block-spacer\"><\/div>\n\n\n<div class=\"wp-block-image\">\n<figure class=\"aligncenter size-large\"><img loading=\"lazy\" decoding=\"async\" width=\"1024\" height=\"576\" src=\"http:\/\/uusi.soderlund.fi\/wp-content\/uploads\/2024\/06\/Image9_1-2-1024x576.jpg\" alt=\"\" class=\"wp-image-1283\" srcset=\"https:\/\/uusi.soderlund.fi\/wp-content\/uploads\/2024\/06\/Image9_1-2-1024x576.jpg 1024w, https:\/\/uusi.soderlund.fi\/wp-content\/uploads\/2024\/06\/Image9_1-2-300x169.jpg 300w, https:\/\/uusi.soderlund.fi\/wp-content\/uploads\/2024\/06\/Image9_1-2-768x432.jpg 768w, https:\/\/uusi.soderlund.fi\/wp-content\/uploads\/2024\/06\/Image9_1-2-1536x864.jpg 1536w, https:\/\/uusi.soderlund.fi\/wp-content\/uploads\/2024\/06\/Image9_1-2.jpg 1766w\" sizes=\"auto, (max-width: 1024px) 100vw, 1024px\" \/><\/figure>\n<\/div>\n\n\n<div class=\"wp-block-columns is-layout-flex wp-container-core-columns-is-layout-9d6595d7 wp-block-columns-is-layout-flex\">\n<div class=\"wp-block-column is-layout-flow wp-block-column-is-layout-flow\" style=\"flex-basis:25%\"><\/div>\n\n\n\n<div class=\"wp-block-column is-layout-flow wp-block-column-is-layout-flow\" style=\"flex-basis:50%\">\n<p class=\"has-text-align-center has-black-color has-text-color has-link-color wp-elements-901b88ac5bbd1078cd9ae7cb1b287127\" style=\"font-size:20px\">Flytande havsbad och utbyggnad av sanitetsanl\u00e4ggningar i Nauvo g\u00e4sthamn<\/p>\n\n\n\n<p>Det filtrerade havsvattnet v\u00e4rms snabbt upp till simtemperatur i sin pool. I havet v\u00e4rms vattnet upp f\u00f6r sent efter semesterperioden och kan angripas av alger.<\/p>\n<\/div>\n\n\n\n<div class=\"wp-block-column is-layout-flow wp-block-column-is-layout-flow\" style=\"flex-basis:25%\"><\/div>\n<\/div>\n\n\n\n<div class=\"wp-block-columns is-layout-flex wp-container-core-columns-is-layout-9d6595d7 wp-block-columns-is-layout-flex\">\n<div class=\"wp-block-column is-layout-flow wp-block-column-is-layout-flow\">\n<figure class=\"wp-block-image size-large\"><img loading=\"lazy\" decoding=\"async\" width=\"1024\" height=\"576\" src=\"http:\/\/uusi.soderlund.fi\/wp-content\/uploads\/2024\/06\/Image5_1-2-1024x576.jpg\" alt=\"\" class=\"wp-image-1284\" srcset=\"https:\/\/uusi.soderlund.fi\/wp-content\/uploads\/2024\/06\/Image5_1-2-1024x576.jpg 1024w, https:\/\/uusi.soderlund.fi\/wp-content\/uploads\/2024\/06\/Image5_1-2-300x169.jpg 300w, https:\/\/uusi.soderlund.fi\/wp-content\/uploads\/2024\/06\/Image5_1-2-768x432.jpg 768w, https:\/\/uusi.soderlund.fi\/wp-content\/uploads\/2024\/06\/Image5_1-2-1536x864.jpg 1536w, https:\/\/uusi.soderlund.fi\/wp-content\/uploads\/2024\/06\/Image5_1-2.jpg 1764w\" sizes=\"auto, (max-width: 1024px) 100vw, 1024px\" \/><\/figure>\n<\/div>\n\n\n\n<div class=\"wp-block-column is-layout-flow wp-block-column-is-layout-flow\">\n<figure class=\"wp-block-image size-large\"><img loading=\"lazy\" decoding=\"async\" width=\"1024\" height=\"576\" src=\"http:\/\/uusi.soderlund.fi\/wp-content\/uploads\/2024\/06\/Image20_1-2-1024x576.jpg\" alt=\"\" class=\"wp-image-1285\" srcset=\"https:\/\/uusi.soderlund.fi\/wp-content\/uploads\/2024\/06\/Image20_1-2-1024x576.jpg 1024w, https:\/\/uusi.soderlund.fi\/wp-content\/uploads\/2024\/06\/Image20_1-2-300x169.jpg 300w, https:\/\/uusi.soderlund.fi\/wp-content\/uploads\/2024\/06\/Image20_1-2-768x432.jpg 768w, https:\/\/uusi.soderlund.fi\/wp-content\/uploads\/2024\/06\/Image20_1-2-1536x864.jpg 1536w, https:\/\/uusi.soderlund.fi\/wp-content\/uploads\/2024\/06\/Image20_1-2.jpg 1766w\" sizes=\"auto, (max-width: 1024px) 100vw, 1024px\" \/><\/figure>\n<\/div>\n<\/div>\n\n\n\n<hr class=\"wp-block-separator has-alpha-channel-opacity is-style-wide\"\/>\n\n\n\n<div style=\"height:40px\" aria-hidden=\"true\" class=\"wp-block-spacer\"><\/div>\n\n\n<div class=\"wp-block-image\">\n<figure class=\"aligncenter size-large\"><img loading=\"lazy\" decoding=\"async\" width=\"1024\" height=\"724\" src=\"http:\/\/uusi.soderlund.fi\/wp-content\/uploads\/2024\/06\/20240425-TT-R1-Picture1_1-1-1024x724.jpg\" alt=\"\" class=\"wp-image-1300\" srcset=\"https:\/\/uusi.soderlund.fi\/wp-content\/uploads\/2024\/06\/20240425-TT-R1-Picture1_1-1-1024x724.jpg 1024w, https:\/\/uusi.soderlund.fi\/wp-content\/uploads\/2024\/06\/20240425-TT-R1-Picture1_1-1-300x212.jpg 300w, https:\/\/uusi.soderlund.fi\/wp-content\/uploads\/2024\/06\/20240425-TT-R1-Picture1_1-1-768x543.jpg 768w, https:\/\/uusi.soderlund.fi\/wp-content\/uploads\/2024\/06\/20240425-TT-R1-Picture1_1-1-1536x1086.jpg 1536w, https:\/\/uusi.soderlund.fi\/wp-content\/uploads\/2024\/06\/20240425-TT-R1-Picture1_1-1.jpg 1684w\" sizes=\"auto, (max-width: 1024px) 100vw, 1024px\" \/><\/figure>\n<\/div>\n\n\n<div class=\"wp-block-columns is-layout-flex wp-container-core-columns-is-layout-9d6595d7 wp-block-columns-is-layout-flex\">\n<div class=\"wp-block-column is-layout-flow wp-block-column-is-layout-flow\" style=\"flex-basis:25%\"><\/div>\n\n\n\n<div class=\"wp-block-column is-layout-flow wp-block-column-is-layout-flow\" style=\"flex-basis:50%\">\n<p class=\"has-text-align-center has-black-color has-text-color has-link-color wp-elements-c7d15d2641fe7fdd1a6ec661ba7679aa\" style=\"font-size:20px\">Kontors- och produktionsbyggnad A<\/p>\n\n\n\n<p>En kommersiell byggnad med kontor, verkstad, lager- och produktionsanl\u00e4ggningar, uppdelad i tv\u00e5 sektioner p\u00e5 tv\u00e5 intilliggande tomter. (total yta ca. 2200 m\u00b2), \u00c5bo.<\/p>\n<\/div>\n\n\n\n<div class=\"wp-block-column is-layout-flow wp-block-column-is-layout-flow\" style=\"flex-basis:25%\"><\/div>\n<\/div>\n\n\n\n<div class=\"wp-block-columns is-layout-flex wp-container-core-columns-is-layout-9d6595d7 wp-block-columns-is-layout-flex\">\n<div class=\"wp-block-column is-layout-flow wp-block-column-is-layout-flow\">\n<figure class=\"wp-block-image size-large\"><img loading=\"lazy\" decoding=\"async\" width=\"1024\" height=\"724\" src=\"http:\/\/uusi.soderlund.fi\/wp-content\/uploads\/2024\/06\/20240314-TT-RAKENNUS-1-R1-Picture1_1-1-1024x724.jpg\" alt=\"\" class=\"wp-image-1301\" srcset=\"https:\/\/uusi.soderlund.fi\/wp-content\/uploads\/2024\/06\/20240314-TT-RAKENNUS-1-R1-Picture1_1-1-1024x724.jpg 1024w, https:\/\/uusi.soderlund.fi\/wp-content\/uploads\/2024\/06\/20240314-TT-RAKENNUS-1-R1-Picture1_1-1-300x212.jpg 300w, https:\/\/uusi.soderlund.fi\/wp-content\/uploads\/2024\/06\/20240314-TT-RAKENNUS-1-R1-Picture1_1-1-768x543.jpg 768w, https:\/\/uusi.soderlund.fi\/wp-content\/uploads\/2024\/06\/20240314-TT-RAKENNUS-1-R1-Picture1_1-1-1536x1086.jpg 1536w, https:\/\/uusi.soderlund.fi\/wp-content\/uploads\/2024\/06\/20240314-TT-RAKENNUS-1-R1-Picture1_1-1.jpg 1684w\" sizes=\"auto, (max-width: 1024px) 100vw, 1024px\" \/><\/figure>\n<\/div>\n\n\n\n<div class=\"wp-block-column is-layout-flow wp-block-column-is-layout-flow\">\n<figure class=\"wp-block-image size-large\"><img loading=\"lazy\" decoding=\"async\" width=\"1024\" height=\"724\" src=\"http:\/\/uusi.soderlund.fi\/wp-content\/uploads\/2024\/06\/20240314-TT-RAKENNUS-1-R1-Picture4_1-1-1024x724.jpg\" alt=\"\" class=\"wp-image-1302\" srcset=\"https:\/\/uusi.soderlund.fi\/wp-content\/uploads\/2024\/06\/20240314-TT-RAKENNUS-1-R1-Picture4_1-1-1024x724.jpg 1024w, https:\/\/uusi.soderlund.fi\/wp-content\/uploads\/2024\/06\/20240314-TT-RAKENNUS-1-R1-Picture4_1-1-300x212.jpg 300w, https:\/\/uusi.soderlund.fi\/wp-content\/uploads\/2024\/06\/20240314-TT-RAKENNUS-1-R1-Picture4_1-1-768x543.jpg 768w, https:\/\/uusi.soderlund.fi\/wp-content\/uploads\/2024\/06\/20240314-TT-RAKENNUS-1-R1-Picture4_1-1-1536x1086.jpg 1536w, https:\/\/uusi.soderlund.fi\/wp-content\/uploads\/2024\/06\/20240314-TT-RAKENNUS-1-R1-Picture4_1-1.jpg 1684w\" sizes=\"auto, (max-width: 1024px) 100vw, 1024px\" \/><\/figure>\n<\/div>\n<\/div>\n\n\n\n<hr class=\"wp-block-separator has-alpha-channel-opacity is-style-wide\"\/>\n\n\n\n<div style=\"height:40px\" aria-hidden=\"true\" class=\"wp-block-spacer\"><\/div>\n\n\n<div class=\"wp-block-image\">\n<figure class=\"aligncenter size-large\"><img loading=\"lazy\" decoding=\"async\" width=\"1024\" height=\"486\" src=\"http:\/\/uusi.soderlund.fi\/wp-content\/uploads\/2024\/06\/5-20240610-THTT-R1-Picture7_1-1-1024x486.jpg\" alt=\"\" class=\"wp-image-1313\" srcset=\"https:\/\/uusi.soderlund.fi\/wp-content\/uploads\/2024\/06\/5-20240610-THTT-R1-Picture7_1-1-1024x486.jpg 1024w, https:\/\/uusi.soderlund.fi\/wp-content\/uploads\/2024\/06\/5-20240610-THTT-R1-Picture7_1-1-300x142.jpg 300w, https:\/\/uusi.soderlund.fi\/wp-content\/uploads\/2024\/06\/5-20240610-THTT-R1-Picture7_1-1-768x365.jpg 768w, https:\/\/uusi.soderlund.fi\/wp-content\/uploads\/2024\/06\/5-20240610-THTT-R1-Picture7_1-1-1536x729.jpg 1536w, https:\/\/uusi.soderlund.fi\/wp-content\/uploads\/2024\/06\/5-20240610-THTT-R1-Picture7_1-1.jpg 1871w\" sizes=\"auto, (max-width: 1024px) 100vw, 1024px\" \/><\/figure>\n<\/div>\n\n\n<div class=\"wp-block-columns is-layout-flex wp-container-core-columns-is-layout-9d6595d7 wp-block-columns-is-layout-flex\">\n<div class=\"wp-block-column is-layout-flow wp-block-column-is-layout-flow\" style=\"flex-basis:25%\"><\/div>\n\n\n\n<div class=\"wp-block-column is-layout-flow wp-block-column-is-layout-flow\" style=\"flex-basis:50%\">\n<p class=\"has-text-align-center has-black-color has-text-color has-link-color wp-elements-a7b15e1b9f24bcb97af7cb716917841b\" style=\"font-size:20px\">Kontors- och produktionsbyggnad 1<\/p>\n\n\n\n<p>Den f\u00f6rsta fasen av den kommersiella byggnaden inkluderar kombinerade kontor, lager-, underh\u00e5ll- och produktionsanl\u00e4ggningar. (total yta ca. 4000 m\u00b2 och ca. 6000 m\u00b2 efter den andra fasen) Reso.<\/p>\n<\/div>\n\n\n\n<div class=\"wp-block-column is-layout-flow wp-block-column-is-layout-flow\" style=\"flex-basis:25%\"><\/div>\n<\/div>\n\n\n\n<div class=\"wp-block-columns is-layout-flex wp-container-core-columns-is-layout-9d6595d7 wp-block-columns-is-layout-flex\">\n<div class=\"wp-block-column is-layout-flow wp-block-column-is-layout-flow\">\n<figure class=\"wp-block-image size-large\"><img loading=\"lazy\" decoding=\"async\" width=\"1024\" height=\"486\" src=\"http:\/\/uusi.soderlund.fi\/wp-content\/uploads\/2024\/06\/7-20240610-THTT-R1-Picture13_1-1-1024x486.jpg\" alt=\"\" class=\"wp-image-1314\" srcset=\"https:\/\/uusi.soderlund.fi\/wp-content\/uploads\/2024\/06\/7-20240610-THTT-R1-Picture13_1-1-1024x486.jpg 1024w, https:\/\/uusi.soderlund.fi\/wp-content\/uploads\/2024\/06\/7-20240610-THTT-R1-Picture13_1-1-300x142.jpg 300w, https:\/\/uusi.soderlund.fi\/wp-content\/uploads\/2024\/06\/7-20240610-THTT-R1-Picture13_1-1-768x365.jpg 768w, https:\/\/uusi.soderlund.fi\/wp-content\/uploads\/2024\/06\/7-20240610-THTT-R1-Picture13_1-1-1536x729.jpg 1536w, https:\/\/uusi.soderlund.fi\/wp-content\/uploads\/2024\/06\/7-20240610-THTT-R1-Picture13_1-1.jpg 1871w\" sizes=\"auto, (max-width: 1024px) 100vw, 1024px\" \/><\/figure>\n<\/div>\n\n\n\n<div class=\"wp-block-column is-layout-flow wp-block-column-is-layout-flow\">\n<figure class=\"wp-block-image size-large\"><img loading=\"lazy\" decoding=\"async\" width=\"1024\" height=\"486\" src=\"http:\/\/uusi.soderlund.fi\/wp-content\/uploads\/2024\/06\/1-20240610-THTT-R1-Picture16_1-1-1024x486.jpg\" alt=\"\" class=\"wp-image-1315\" srcset=\"https:\/\/uusi.soderlund.fi\/wp-content\/uploads\/2024\/06\/1-20240610-THTT-R1-Picture16_1-1-1024x486.jpg 1024w, https:\/\/uusi.soderlund.fi\/wp-content\/uploads\/2024\/06\/1-20240610-THTT-R1-Picture16_1-1-300x142.jpg 300w, https:\/\/uusi.soderlund.fi\/wp-content\/uploads\/2024\/06\/1-20240610-THTT-R1-Picture16_1-1-768x365.jpg 768w, https:\/\/uusi.soderlund.fi\/wp-content\/uploads\/2024\/06\/1-20240610-THTT-R1-Picture16_1-1-1536x729.jpg 1536w, https:\/\/uusi.soderlund.fi\/wp-content\/uploads\/2024\/06\/1-20240610-THTT-R1-Picture16_1-1.jpg 1871w\" sizes=\"auto, (max-width: 1024px) 100vw, 1024px\" \/><\/figure>\n<\/div>\n<\/div>\n","protected":false},"excerpt":{"rendered":"<p>Nagu torghall Kajutan Byggd av vackra stockar med levande yta st\u00e5r den st\u00e4mningsfulla och flexibla inglasade saluhallen i anslutning till andra tj\u00e4nster i Nagu [&hellip;]<\/p>\n","protected":false},"author":1,"featured_media":0,"parent":0,"menu_order":0,"comment_status":"closed","ping_status":"closed","template":"","meta":{"_uf_show_specific_survey":0,"_uf_disable_surveys":false,"ngg_post_thumbnail":0,"footnotes":""},"class_list":["post-1186","page","type-page","status-publish","hentry"],"_links":{"self":[{"href":"https:\/\/uusi.soderlund.fi\/index.php?rest_route=\/wp\/v2\/pages\/1186","targetHints":{"allow":["GET"]}}],"collection":[{"href":"https:\/\/uusi.soderlund.fi\/index.php?rest_route=\/wp\/v2\/pages"}],"about":[{"href":"https:\/\/uusi.soderlund.fi\/index.php?rest_route=\/wp\/v2\/types\/page"}],"author":[{"embeddable":true,"href":"https:\/\/uusi.soderlund.fi\/index.php?rest_route=\/wp\/v2\/users\/1"}],"replies":[{"embeddable":true,"href":"https:\/\/uusi.soderlund.fi\/index.php?rest_route=%2Fwp%2Fv2%2Fcomments&post=1186"}],"version-history":[{"count":7,"href":"https:\/\/uusi.soderlund.fi\/index.php?rest_route=\/wp\/v2\/pages\/1186\/revisions"}],"predecessor-version":[{"id":1408,"href":"https:\/\/uusi.soderlund.fi\/index.php?rest_route=\/wp\/v2\/pages\/1186\/revisions\/1408"}],"wp:attachment":[{"href":"https:\/\/uusi.soderlund.fi\/index.php?rest_route=%2Fwp%2Fv2%2Fmedia&parent=1186"}],"curies":[{"name":"wp","href":"https:\/\/api.w.org\/{rel}","templated":true}]}}