{"id":1176,"date":"2023-06-09T15:52:23","date_gmt":"2023-06-09T12:52:23","guid":{"rendered":"https:\/\/uusi.soderlund.fi\/?page_id=1176"},"modified":"2026-02-09T20:05:42","modified_gmt":"2026-02-09T18:05:42","slug":"lagenheter-och-fritidshus","status":"publish","type":"page","link":"https:\/\/uusi.soderlund.fi\/?page_id=1176&lang=sv","title":{"rendered":"L\u00e4genheter och fritidshus"},"content":{"rendered":"<div class=\"wp-block-image\">\n<figure class=\"aligncenter size-large\"><img loading=\"lazy\" decoding=\"async\" width=\"1024\" height=\"512\" src=\"http:\/\/uusi.soderlund.fi\/wp-content\/uploads\/2023\/06\/Image2_000-1-1024x512.png\" alt=\"\" class=\"wp-image-869\" srcset=\"https:\/\/uusi.soderlund.fi\/wp-content\/uploads\/2023\/06\/Image2_000-1-1024x512.png 1024w, https:\/\/uusi.soderlund.fi\/wp-content\/uploads\/2023\/06\/Image2_000-1-300x150.png 300w, https:\/\/uusi.soderlund.fi\/wp-content\/uploads\/2023\/06\/Image2_000-1-768x384.png 768w, https:\/\/uusi.soderlund.fi\/wp-content\/uploads\/2023\/06\/Image2_000-1-1536x768.png 1536w, https:\/\/uusi.soderlund.fi\/wp-content\/uploads\/2023\/06\/Image2_000-1-2048x1024.png 2048w\" sizes=\"auto, (max-width: 1024px) 100vw, 1024px\" \/><\/figure>\n<\/div>\n\n\n<div class=\"wp-block-columns is-layout-flex wp-container-core-columns-is-layout-9d6595d7 wp-block-columns-is-layout-flex\">\n<div class=\"wp-block-column is-layout-flow wp-block-column-is-layout-flow\" style=\"flex-basis:25%\"><\/div>\n\n\n\n<div class=\"wp-block-column is-layout-flow wp-block-column-is-layout-flow\" style=\"flex-basis:50%\">\n<p class=\"has-text-align-center has-black-color has-text-color\" style=\"font-size:20px\">Villa Viuhka<\/p>\n\n\n\n<p>Specialiteten hos Villa Viuhka \u00e4r vardagsrummet som \u00f6ppnar sig i en 30-graders vinkel, med en stor, skyddad, atriumliknande terrass framf\u00f6r sig. Terrassomr\u00e5det omges av g\u00e4ststugan och bastuflygeln som ligger i samma byggnadskomplex, samt en mysig inglasad matplats. Villa Viuhka \u00e4r en bra l\u00f6sning f\u00f6r sk\u00e4rg\u00e5rdens byggplatser d\u00e4r du vill f\u00e5 ut det mesta av det vackra landskapet utan att ta bort utrymmets avskildhet och intimitet.<\/p>\n<\/div>\n\n\n\n<div class=\"wp-block-column is-layout-flow wp-block-column-is-layout-flow\" style=\"flex-basis:25%\"><\/div>\n<\/div>\n\n\n<div class=\"wp-block-image\">\n<figure class=\"aligncenter size-large\"><img loading=\"lazy\" decoding=\"async\" width=\"1024\" height=\"664\" src=\"https:\/\/uusi.soderlund.fi\/wp-content\/uploads\/2026\/02\/Aarolle-63-4-1024x664.jpg\" alt=\"\" class=\"wp-image-1511\" srcset=\"https:\/\/uusi.soderlund.fi\/wp-content\/uploads\/2026\/02\/Aarolle-63-4-1024x664.jpg 1024w, https:\/\/uusi.soderlund.fi\/wp-content\/uploads\/2026\/02\/Aarolle-63-4-300x194.jpg 300w, https:\/\/uusi.soderlund.fi\/wp-content\/uploads\/2026\/02\/Aarolle-63-4-768x498.jpg 768w, https:\/\/uusi.soderlund.fi\/wp-content\/uploads\/2026\/02\/Aarolle-63-4-1536x996.jpg 1536w, https:\/\/uusi.soderlund.fi\/wp-content\/uploads\/2026\/02\/Aarolle-63-4-2048x1328.jpg 2048w\" sizes=\"auto, (max-width: 1024px) 100vw, 1024px\" \/><\/figure>\n<\/div>\n\n<div class=\"wp-block-image\">\n<figure class=\"aligncenter size-large\"><img loading=\"lazy\" decoding=\"async\" width=\"1024\" height=\"657\" src=\"https:\/\/uusi.soderlund.fi\/wp-content\/uploads\/2026\/02\/Aarolle-57-2-1024x657.jpg\" alt=\"\" class=\"wp-image-1513\" srcset=\"https:\/\/uusi.soderlund.fi\/wp-content\/uploads\/2026\/02\/Aarolle-57-2-1024x657.jpg 1024w, https:\/\/uusi.soderlund.fi\/wp-content\/uploads\/2026\/02\/Aarolle-57-2-300x192.jpg 300w, https:\/\/uusi.soderlund.fi\/wp-content\/uploads\/2026\/02\/Aarolle-57-2-768x493.jpg 768w, https:\/\/uusi.soderlund.fi\/wp-content\/uploads\/2026\/02\/Aarolle-57-2-1536x985.jpg 1536w, https:\/\/uusi.soderlund.fi\/wp-content\/uploads\/2026\/02\/Aarolle-57-2-2048x1313.jpg 2048w\" sizes=\"auto, (max-width: 1024px) 100vw, 1024px\" \/><\/figure>\n<\/div>\n\n<div class=\"wp-block-image\">\n<figure class=\"aligncenter size-large\"><img loading=\"lazy\" decoding=\"async\" width=\"1024\" height=\"683\" src=\"https:\/\/uusi.soderlund.fi\/wp-content\/uploads\/2026\/02\/Aarolle-14-2-1024x683.jpg\" alt=\"\" class=\"wp-image-1514\" srcset=\"https:\/\/uusi.soderlund.fi\/wp-content\/uploads\/2026\/02\/Aarolle-14-2-1024x683.jpg 1024w, https:\/\/uusi.soderlund.fi\/wp-content\/uploads\/2026\/02\/Aarolle-14-2-300x200.jpg 300w, https:\/\/uusi.soderlund.fi\/wp-content\/uploads\/2026\/02\/Aarolle-14-2-768x512.jpg 768w, https:\/\/uusi.soderlund.fi\/wp-content\/uploads\/2026\/02\/Aarolle-14-2-1536x1024.jpg 1536w, https:\/\/uusi.soderlund.fi\/wp-content\/uploads\/2026\/02\/Aarolle-14-2-2048x1365.jpg 2048w\" sizes=\"auto, (max-width: 1024px) 100vw, 1024px\" \/><\/figure>\n<\/div>\n\n<div class=\"wp-block-image\">\n<figure class=\"aligncenter size-large\"><img loading=\"lazy\" decoding=\"async\" width=\"1024\" height=\"576\" src=\"https:\/\/uusi.soderlund.fi\/wp-content\/uploads\/2026\/02\/Aarolle-52-2-1024x576.jpg\" alt=\"\" class=\"wp-image-1515\" srcset=\"https:\/\/uusi.soderlund.fi\/wp-content\/uploads\/2026\/02\/Aarolle-52-2-1024x576.jpg 1024w, https:\/\/uusi.soderlund.fi\/wp-content\/uploads\/2026\/02\/Aarolle-52-2-300x169.jpg 300w, https:\/\/uusi.soderlund.fi\/wp-content\/uploads\/2026\/02\/Aarolle-52-2-768x432.jpg 768w, https:\/\/uusi.soderlund.fi\/wp-content\/uploads\/2026\/02\/Aarolle-52-2-1536x864.jpg 1536w, https:\/\/uusi.soderlund.fi\/wp-content\/uploads\/2026\/02\/Aarolle-52-2-2048x1152.jpg 2048w\" sizes=\"auto, (max-width: 1024px) 100vw, 1024px\" \/><\/figure>\n<\/div>\n\n<div class=\"wp-block-image\">\n<figure class=\"aligncenter size-large\"><img loading=\"lazy\" decoding=\"async\" width=\"1024\" height=\"678\" src=\"http:\/\/uusi.soderlund.fi\/wp-content\/uploads\/2023\/06\/viuhka2-1024x678.jpeg\" alt=\"\" class=\"wp-image-961\" srcset=\"https:\/\/uusi.soderlund.fi\/wp-content\/uploads\/2023\/06\/viuhka2-1024x678.jpeg 1024w, https:\/\/uusi.soderlund.fi\/wp-content\/uploads\/2023\/06\/viuhka2-300x199.jpeg 300w, https:\/\/uusi.soderlund.fi\/wp-content\/uploads\/2023\/06\/viuhka2-768x508.jpeg 768w, https:\/\/uusi.soderlund.fi\/wp-content\/uploads\/2023\/06\/viuhka2.jpeg 1280w\" sizes=\"auto, (max-width: 1024px) 100vw, 1024px\" \/><\/figure>\n<\/div>\n\n\n<div class=\"wp-block-columns is-layout-flex wp-container-core-columns-is-layout-9d6595d7 wp-block-columns-is-layout-flex\">\n<div class=\"wp-block-column is-layout-flow wp-block-column-is-layout-flow\" style=\"flex-basis:25%\"><\/div>\n\n\n\n<div class=\"wp-block-column is-layout-flow wp-block-column-is-layout-flow\" style=\"flex-basis:50%\">\n<p>Tack vare Villa Viuhkas tydliga k\u00e4rnkoncept \u00e4r det enkelt att anpassa det efter varje kunds behov &#8211; buggnadsflygarna som kantar terrassen kan enkelt anpassas f\u00f6r olika \u00e4ndam\u00e5l. HONKA-husmodel.<\/p>\n<\/div>\n\n\n\n<div class=\"wp-block-column is-layout-flow wp-block-column-is-layout-flow\" style=\"flex-basis:25%\"><\/div>\n<\/div>\n\n\n\n<hr class=\"wp-block-separator has-alpha-channel-opacity is-style-wide\"\/>\n\n\n\n<div style=\"height:40px\" aria-hidden=\"true\" class=\"wp-block-spacer\"><\/div>\n\n\n<div class=\"wp-block-image\">\n<figure class=\"aligncenter size-large\"><img loading=\"lazy\" decoding=\"async\" width=\"1024\" height=\"576\" src=\"http:\/\/uusi.soderlund.fi\/wp-content\/uploads\/2023\/06\/leija-3-1024x576.jpg\" alt=\"\" class=\"wp-image-1161\" srcset=\"https:\/\/uusi.soderlund.fi\/wp-content\/uploads\/2023\/06\/leija-3-1024x576.jpg 1024w, https:\/\/uusi.soderlund.fi\/wp-content\/uploads\/2023\/06\/leija-3-300x169.jpg 300w, https:\/\/uusi.soderlund.fi\/wp-content\/uploads\/2023\/06\/leija-3-768x432.jpg 768w, https:\/\/uusi.soderlund.fi\/wp-content\/uploads\/2023\/06\/leija-3-1536x864.jpg 1536w, https:\/\/uusi.soderlund.fi\/wp-content\/uploads\/2023\/06\/leija-3.jpg 2048w\" sizes=\"auto, (max-width: 1024px) 100vw, 1024px\" \/><\/figure>\n<\/div>\n\n\n<div class=\"wp-block-columns is-layout-flex wp-container-core-columns-is-layout-9d6595d7 wp-block-columns-is-layout-flex\">\n<div class=\"wp-block-column is-layout-flow wp-block-column-is-layout-flow\" style=\"flex-basis:25%\"><\/div>\n\n\n\n<div class=\"wp-block-column is-layout-flow wp-block-column-is-layout-flow\" style=\"flex-basis:50%\">\n<p class=\"has-text-align-center has-black-color has-text-color\" style=\"font-size:20px\">Egnahemshus Leija<\/p>\n\n\n\n<p>Egnahemshus Leija domineras av ett h\u00f6gtidligt och transparent centralt utrymme, bredvid vilket de andra rummen ligger. Den f\u00f6r en sluttningstomt planeraade byggnaden g\u00f6r det b\u00e4sta av landskapet, h\u00f6jdskillnaderna och riktningarna till fullo n\u00e4r det g\u00e4ller naturligt ljus.<\/p>\n<\/div>\n\n\n\n<div class=\"wp-block-column is-layout-flow wp-block-column-is-layout-flow\" style=\"flex-basis:25%\"><\/div>\n<\/div>\n\n\n\n<div class=\"wp-block-columns is-layout-flex wp-container-core-columns-is-layout-9d6595d7 wp-block-columns-is-layout-flex\">\n<div class=\"wp-block-column is-layout-flow wp-block-column-is-layout-flow\">\n<figure class=\"wp-block-image size-large\"><img loading=\"lazy\" decoding=\"async\" width=\"1024\" height=\"683\" src=\"http:\/\/uusi.soderlund.fi\/wp-content\/uploads\/2023\/06\/leija-2-1024x683.jpg\" alt=\"\" class=\"wp-image-1160\" srcset=\"https:\/\/uusi.soderlund.fi\/wp-content\/uploads\/2023\/06\/leija-2-1024x683.jpg 1024w, https:\/\/uusi.soderlund.fi\/wp-content\/uploads\/2023\/06\/leija-2-300x200.jpg 300w, https:\/\/uusi.soderlund.fi\/wp-content\/uploads\/2023\/06\/leija-2-768x512.jpg 768w, https:\/\/uusi.soderlund.fi\/wp-content\/uploads\/2023\/06\/leija-2-1536x1024.jpg 1536w, https:\/\/uusi.soderlund.fi\/wp-content\/uploads\/2023\/06\/leija-2.jpg 2048w\" sizes=\"auto, (max-width: 1024px) 100vw, 1024px\" \/><\/figure>\n<\/div>\n\n\n\n<div class=\"wp-block-column is-layout-flow wp-block-column-is-layout-flow\">\n<figure class=\"wp-block-image size-large\"><img loading=\"lazy\" decoding=\"async\" width=\"1024\" height=\"683\" src=\"http:\/\/uusi.soderlund.fi\/wp-content\/uploads\/2023\/06\/leija-1-1024x683.jpg\" alt=\"\" class=\"wp-image-1159\" srcset=\"https:\/\/uusi.soderlund.fi\/wp-content\/uploads\/2023\/06\/leija-1-1024x683.jpg 1024w, https:\/\/uusi.soderlund.fi\/wp-content\/uploads\/2023\/06\/leija-1-300x200.jpg 300w, https:\/\/uusi.soderlund.fi\/wp-content\/uploads\/2023\/06\/leija-1-768x512.jpg 768w, https:\/\/uusi.soderlund.fi\/wp-content\/uploads\/2023\/06\/leija-1-1536x1024.jpg 1536w, https:\/\/uusi.soderlund.fi\/wp-content\/uploads\/2023\/06\/leija-1.jpg 2048w\" sizes=\"auto, (max-width: 1024px) 100vw, 1024px\" \/><\/figure>\n<\/div>\n<\/div>\n\n\n\n<hr class=\"wp-block-separator has-alpha-channel-opacity is-style-wide\"\/>\n\n\n\n<div style=\"height:40px\" aria-hidden=\"true\" class=\"wp-block-spacer\"><\/div>\n\n\n\n<div class=\"wp-block-columns is-layout-flex wp-container-core-columns-is-layout-9d6595d7 wp-block-columns-is-layout-flex\">\n<div class=\"wp-block-column is-layout-flow wp-block-column-is-layout-flow\">\n<figure class=\"wp-block-image size-large\"><img loading=\"lazy\" decoding=\"async\" width=\"1024\" height=\"683\" src=\"http:\/\/uusi.soderlund.fi\/wp-content\/uploads\/2023\/06\/koivu-2-1024x683.jpg\" alt=\"\" class=\"wp-image-974\" srcset=\"https:\/\/uusi.soderlund.fi\/wp-content\/uploads\/2023\/06\/koivu-2-1024x683.jpg 1024w, https:\/\/uusi.soderlund.fi\/wp-content\/uploads\/2023\/06\/koivu-2-300x200.jpg 300w, https:\/\/uusi.soderlund.fi\/wp-content\/uploads\/2023\/06\/koivu-2-768x512.jpg 768w, https:\/\/uusi.soderlund.fi\/wp-content\/uploads\/2023\/06\/koivu-2-1536x1024.jpg 1536w, https:\/\/uusi.soderlund.fi\/wp-content\/uploads\/2023\/06\/koivu-2.jpg 2048w\" sizes=\"auto, (max-width: 1024px) 100vw, 1024px\" \/><\/figure>\n<\/div>\n\n\n\n<div class=\"wp-block-column is-layout-flow wp-block-column-is-layout-flow\">\n<figure class=\"wp-block-image size-large\"><img loading=\"lazy\" decoding=\"async\" width=\"1024\" height=\"683\" src=\"http:\/\/uusi.soderlund.fi\/wp-content\/uploads\/2023\/06\/koivu-3-1024x683.jpg\" alt=\"\" class=\"wp-image-973\" srcset=\"https:\/\/uusi.soderlund.fi\/wp-content\/uploads\/2023\/06\/koivu-3-1024x683.jpg 1024w, https:\/\/uusi.soderlund.fi\/wp-content\/uploads\/2023\/06\/koivu-3-300x200.jpg 300w, https:\/\/uusi.soderlund.fi\/wp-content\/uploads\/2023\/06\/koivu-3-768x512.jpg 768w, https:\/\/uusi.soderlund.fi\/wp-content\/uploads\/2023\/06\/koivu-3-1536x1024.jpg 1536w, https:\/\/uusi.soderlund.fi\/wp-content\/uploads\/2023\/06\/koivu-3.jpg 2048w\" sizes=\"auto, (max-width: 1024px) 100vw, 1024px\" \/><\/figure>\n<\/div>\n<\/div>\n\n\n\n<div class=\"wp-block-columns is-layout-flex wp-container-core-columns-is-layout-9d6595d7 wp-block-columns-is-layout-flex\">\n<div class=\"wp-block-column is-layout-flow wp-block-column-is-layout-flow\" style=\"flex-basis:25%\"><\/div>\n\n\n\n<div class=\"wp-block-column is-layout-flow wp-block-column-is-layout-flow\" style=\"flex-basis:50%\">\n<p class=\"has-text-align-center has-black-color has-text-color\" style=\"font-size:20px\">Villa Koivu<\/p>\n\n\n\n<p>Fr\u00e5n den mysiga uteplatsen i tv\u00e5 plan har Villa Koivu omfattande utsikter \u00f6ver landskapet. Det t\u00e4mligen traditionella utseendet har anpassats till moderna behov.<\/p>\n<\/div>\n\n\n\n<div class=\"wp-block-column is-layout-flow wp-block-column-is-layout-flow\" style=\"flex-basis:25%\"><\/div>\n<\/div>\n","protected":false},"excerpt":{"rendered":"<p>Villa Viuhka Specialiteten hos Villa Viuhka \u00e4r vardagsrummet som \u00f6ppnar sig i en 30-graders vinkel, med en stor, skyddad, atriumliknande terrass framf\u00f6r sig. Terrassomr\u00e5det [&hellip;]<\/p>\n","protected":false},"author":1,"featured_media":0,"parent":0,"menu_order":0,"comment_status":"closed","ping_status":"closed","template":"","meta":{"_uf_show_specific_survey":0,"_uf_disable_surveys":false,"ngg_post_thumbnail":0,"footnotes":""},"class_list":["post-1176","page","type-page","status-publish","hentry"],"_links":{"self":[{"href":"https:\/\/uusi.soderlund.fi\/index.php?rest_route=\/wp\/v2\/pages\/1176","targetHints":{"allow":["GET"]}}],"collection":[{"href":"https:\/\/uusi.soderlund.fi\/index.php?rest_route=\/wp\/v2\/pages"}],"about":[{"href":"https:\/\/uusi.soderlund.fi\/index.php?rest_route=\/wp\/v2\/types\/page"}],"author":[{"embeddable":true,"href":"https:\/\/uusi.soderlund.fi\/index.php?rest_route=\/wp\/v2\/users\/1"}],"replies":[{"embeddable":true,"href":"https:\/\/uusi.soderlund.fi\/index.php?rest_route=%2Fwp%2Fv2%2Fcomments&post=1176"}],"version-history":[{"count":7,"href":"https:\/\/uusi.soderlund.fi\/index.php?rest_route=\/wp\/v2\/pages\/1176\/revisions"}],"predecessor-version":[{"id":1516,"href":"https:\/\/uusi.soderlund.fi\/index.php?rest_route=\/wp\/v2\/pages\/1176\/revisions\/1516"}],"wp:attachment":[{"href":"https:\/\/uusi.soderlund.fi\/index.php?rest_route=%2Fwp%2Fv2%2Fmedia&parent=1176"}],"curies":[{"name":"wp","href":"https:\/\/api.w.org\/{rel}","templated":true}]}}